{"id":6,"date":"2009-02-05T15:09:55","date_gmt":"2009-02-05T14:09:55","guid":{"rendered":"https:\/\/blogs.ua.es\/thomasmore\/?page_id=6"},"modified":"2009-02-25T11:15:08","modified_gmt":"2009-02-25T10:15:08","slug":"vida","status":"publish","type":"page","link":"https:\/\/blogs.ua.es\/thomasmore\/vida\/","title":{"rendered":"Vida"},"content":{"rendered":"<p style=\"text-align: justify\">Vamos a intentar realizar\u00a0una visi\u00f3n muy sucinta \u00a0por lo que fue la vida tanto personal como profesional de este gran personaje;pues el resto de aspectos los podeis ver en el resto de apartados de este blog<\/p>\n<p style=\"text-align: justify\">Naci\u00f3 en Londres (Inglaterra) el 7 de febrero de 1478 y muri\u00f3 decapitado el 6 de julio de 1535. Como hijo de jurista que era, recibi\u00f3 unos estudios conformes a su posici\u00f3n. Tras cinco a\u00f1os de ense\u00f1anza primaria en St.Antony\u00b4s School, considerada la mejor escuela de gram\u00e1tica de Londres adem\u00e1s de la \u00fanica gratuita.Psteriormente, a los 12 a\u00f1os de edad fue conducido seg\u00fan la costumbre imperante entre las buenas familias, al Palacio de Lambeth, donde sirvi\u00f3 como paje de John Morton, arzobispo de Canterbury y lord canciller de Inglaterra. E s evidente que Moro recibi\u00f3 una gran influencia de Morton, a qui\u00e9n cita elogiosamente en su &#8221; Historia del rey RicardoIII&#8221; e indirectamente en &#8220;Utop\u00eda&#8221;.<\/p>\n<p style=\"text-align: justify\">Con catorce a\u00f1os, Tom\u00e1s Moro ingresa en 1492 en el Canterbury College de la Universidad de Oxford, gracias precisamente a Morton, donde pasa dos a\u00f1os estudiando la doctrina escol\u00e1stica que ah\u00ed se impart\u00eda, perfeccionando su ret\u00f3rica. Sin embargo, Moro se march\u00f3 de Oxford dos a\u00f1os despu\u00e9s sin graduarse; entr\u00f3 en 1496 a estudiar los fundamentos del derecho en el New Inn de Londres y posteriormente en el Lincoln&#8217;s Inn, instituci\u00f3n a la que estaba ligado su padre. Posiblemente durante esta \u00e9poca aprendi\u00f3 el franc\u00e9s necesario tanto para las cortes de justicia inglesas como para el trabajo diplom\u00e1tico, uni\u00e9ndose este idioma al ingl\u00e9s y lat\u00edn ya aprendidos durante sus estudios primarios.<\/p>\n<p style=\"text-align: justify\">Su carrera como escritor empez\u00f3\u00a0con la \u00a0poes\u00eda con una iron\u00eda acertada, que le vali\u00f3 cierta fama y reconocimiento. Adem\u00e1s de entablar amistad con los precursores del Renacimiento, llegando a ser \u00edntimo amigo de Erasmo de Rotterdam.<\/p>\n<p style=\"text-align: justify\">Por esa \u00e9poca traduc\u00eda obras del lat\u00edn al ingl\u00e9s y viceversa. Tras realizar una traducci\u00f3n (publicada en 1510) de una biograf\u00eda de Giovanni Pico della Mirandola escrita por su sobrino Gianfrancesco, qued\u00f3 prendado del sentimiento de la obra que adopt\u00f3 para s\u00ed, y que marcar\u00eda definitivamente el curso de su vida.<\/p>\n<p style=\"text-align: justify\">Hacia 1498 ingres\u00f3 en la Tercera orden de San Francisco. Entre 1500 y 1504 vivi\u00f3 como laico en un convento cartujo, dedicando su tiempo al estudio religioso. Pero dej\u00f3 a los Cartujos y decidi\u00f3 seguir los pasos de su padre, cursando derecho. Cuando termin\u00f3 de estudiar, ejerci\u00f3 como abogado con notable \u00e9xito por su desprendimiento material y su preocupaci\u00f3n por la justicia y la equidad; m\u00e1s tarde fue juez de pleitos civiles, e incluso fue profesor de Derecho durante alg\u00fan tiempo.<\/p>\n<p style=\"text-align: justify\">Tom\u00e1s Moro contrajo matrimonio con Jane Colt, hija de &#8220;Maister John Colt&#8221;, un caballero de Newhallen en 1505. Tuvieron tres hijas y un hijo: Margaret (1505), Elisabeth (1506), Cecily (1507) y John (1509). Y Tras la muerte de su esposa Jane en 1511, Tom\u00e1s se cas\u00f3 por segunda vez, durante ese mismo a\u00f1o, con Alice Middleton, una viuda.<\/p>\n<p style=\"text-align: justify\"><a href=\"https:\/\/blogs.ua.es\/thomasmore\/files\/2009\/02\/humanista01.gif\"><img loading=\"lazy\" decoding=\"async\" class=\"alignnone size-medium wp-image-53\" src=\"https:\/\/blogs.ua.es\/thomasmore\/files\/2009\/02\/humanista01.gif\" alt=\"\" width=\"240\" height=\"273\" \/><\/a><\/p>\n<p style=\"text-align: justify\">\u00a0<\/p>\n<p style=\"text-align: justify\">\u00a0<\/p>\n","protected":false},"excerpt":{"rendered":"<p>Vamos a intentar realizar\u00a0una visi\u00f3n muy sucinta \u00a0por lo que fue la vida tanto personal como profesional de este gran personaje;pues el resto de aspectos los podeis ver en el resto de apartados de este blog Naci\u00f3 en Londres (Inglaterra) el 7 de febrero de 1478 y muri\u00f3 decapitado el 6 de julio de 1535. [&hellip;]<\/p>\n","protected":false},"author":1146,"featured_media":0,"parent":0,"menu_order":0,"comment_status":"open","ping_status":"open","template":"","meta":{"footnotes":""},"class_list":["post-6","page","type-page","status-publish","hentry"],"_links":{"self":[{"href":"https:\/\/blogs.ua.es\/thomasmore\/wp-json\/wp\/v2\/pages\/6","targetHints":{"allow":["GET"]}}],"collection":[{"href":"https:\/\/blogs.ua.es\/thomasmore\/wp-json\/wp\/v2\/pages"}],"about":[{"href":"https:\/\/blogs.ua.es\/thomasmore\/wp-json\/wp\/v2\/types\/page"}],"author":[{"embeddable":true,"href":"https:\/\/blogs.ua.es\/thomasmore\/wp-json\/wp\/v2\/users\/1146"}],"replies":[{"embeddable":true,"href":"https:\/\/blogs.ua.es\/thomasmore\/wp-json\/wp\/v2\/comments?post=6"}],"version-history":[{"count":7,"href":"https:\/\/blogs.ua.es\/thomasmore\/wp-json\/wp\/v2\/pages\/6\/revisions"}],"predecessor-version":[{"id":55,"href":"https:\/\/blogs.ua.es\/thomasmore\/wp-json\/wp\/v2\/pages\/6\/revisions\/55"}],"wp:attachment":[{"href":"https:\/\/blogs.ua.es\/thomasmore\/wp-json\/wp\/v2\/media?parent=6"}],"curies":[{"name":"wp","href":"https:\/\/api.w.org\/{rel}","templated":true}]}}