{"id":72,"date":"2009-03-26T00:46:54","date_gmt":"2009-03-25T23:46:54","guid":{"rendered":"https:\/\/blogs.ua.es\/thomasmore\/?page_id=72"},"modified":"2009-03-26T00:46:54","modified_gmt":"2009-03-25T23:46:54","slug":"otras-obras-de-thomas-moro","status":"publish","type":"page","link":"https:\/\/blogs.ua.es\/thomasmore\/otras-obras-de-thomas-moro\/","title":{"rendered":"Otras obras de Thomas Moro"},"content":{"rendered":"<p style=\"text-align: justify\">Podriamos decir que la obra cumbre y por la ue mas se conoce a este pensador ingles es su famosa <em>Utop\u00eda<\/em> , sin embargo, no es el unico escrito que hizo a lo largo de su carrera profesional, de ellas podemos destacar principalmente, retratos de personajes publicos:<\/p>\n<ul style=\"text-align: justify\">\n<li><em>Life of Pico della Mirandola <\/em>\u00a0(Vida de Pico della Mirandola)<\/li>\n<li><em>Hist\u00f3rica Richardi Tertii<\/em> (La Historia de Ricardo III)<\/li>\n<\/ul>\n<p style=\"text-align: justify\">Poemas y epigramas de su juventud:<\/p>\n<ul style=\"text-align: justify\">\n<li><em>Epigrammata<\/em><\/li>\n<\/ul>\n<p style=\"text-align: justify\">Y\u00a0, por supuesto, como hemos podido leer en su biografia, era un hombre extremadamente religioso, por eso tambi\u00e9n hay que hacer referencia los di\u00e1golos-tratados que realiz\u00f3 en defensa de la fe tradicional atacando duramente a los reformistas tanto laicos como religiosos:<\/p>\n<ul style=\"text-align: justify\">\n<li><em>Responsio ad Lutherum (Respuesta a Lutero)<\/em><\/li>\n<li><em>A Dialogue Concerning Heresies (Un Di\u00e1logo sobre la Herej\u00eda)<\/em><\/li>\n<li><em>The Confutation of Tyndale&#8217;s Answer (Refutaci\u00f3n de la Respuesta de Tyndale)<\/em><\/li>\n<li><em>The Answer to a Poisoned Book (Respuesta a un Libro Envenenado)<\/em><\/li>\n<\/ul>\n<p style=\"text-align: justify\">Pero desde el punto de vista religioso , no solo se dedic\u00f3 a una en\u00e9rgica defensa de la Iglesia de Roma , sino que tambien trato de escribir sobre los aspectos mas espirituales de la religi\u00f3n:<\/p>\n<ul style=\"text-align: justify\">\n<li><em>Treatise on the Passion (Tratado sobre la pasi\u00f3n de Cristo)<\/em><\/li>\n<li><em>Treatise on the Blessed Body (Tratado sobre el Cuerpo Santo)<\/em><\/li>\n<li><em>Instructions and Prayers o De Tristia Christi (La Agon\u00eda de Cristo)<\/em><\/li>\n<\/ul>\n<p style=\"text-align: justify\"><span style=\"color: #000000\">Redactada esta \u00faltima de su pu\u00f1o y letra en la <\/span><span style=\"color: #000000\">Torre de Londres<\/span><span style=\"color: #000000\"> en el tiempo que estuvo confinado antes de su decapitaci\u00f3n el 6 de julio de 1535 , a acabdo sus dias precisamente en Espa\u00f1a . Este \u00faltimo manuscrito, salvado de la confiscaci\u00f3n decretada por Enrique VIII, pas\u00f3 por voluntad de su hija Margaret a manos espa\u00f1olas y a trav\u00e9s de Fray Pedro de Soto, confesor del Emperador Carlos V, fue a parar a <\/span><span style=\"color: #000000\">Valencia<\/span><span style=\"color: #000000\">, patria de <\/span><span style=\"color: #000000\">Luis Vives<\/span><span style=\"color: #000000\">, amigo \u00edntimo de Moro. Actualmente se conserva dentro de la colecci\u00f3n que pertenece al <\/span><span style=\"color: #000000\">museo del <em>Real Colegio del Corpus Christi<\/em> de Valencia<\/span><span style=\"color: #000000\">.<\/span><\/p>\n","protected":false},"excerpt":{"rendered":"<p>Podriamos decir que la obra cumbre y por la ue mas se conoce a este pensador ingles es su famosa Utop\u00eda , sin embargo, no es el unico escrito que hizo a lo largo de su carrera profesional, de ellas podemos destacar principalmente, retratos de personajes publicos: Life of Pico della Mirandola \u00a0(Vida de Pico [&hellip;]<\/p>\n","protected":false},"author":1146,"featured_media":0,"parent":0,"menu_order":0,"comment_status":"open","ping_status":"open","template":"","meta":{"footnotes":""},"class_list":["post-72","page","type-page","status-publish","hentry"],"_links":{"self":[{"href":"https:\/\/blogs.ua.es\/thomasmore\/wp-json\/wp\/v2\/pages\/72","targetHints":{"allow":["GET"]}}],"collection":[{"href":"https:\/\/blogs.ua.es\/thomasmore\/wp-json\/wp\/v2\/pages"}],"about":[{"href":"https:\/\/blogs.ua.es\/thomasmore\/wp-json\/wp\/v2\/types\/page"}],"author":[{"embeddable":true,"href":"https:\/\/blogs.ua.es\/thomasmore\/wp-json\/wp\/v2\/users\/1146"}],"replies":[{"embeddable":true,"href":"https:\/\/blogs.ua.es\/thomasmore\/wp-json\/wp\/v2\/comments?post=72"}],"version-history":[{"count":2,"href":"https:\/\/blogs.ua.es\/thomasmore\/wp-json\/wp\/v2\/pages\/72\/revisions"}],"predecessor-version":[{"id":74,"href":"https:\/\/blogs.ua.es\/thomasmore\/wp-json\/wp\/v2\/pages\/72\/revisions\/74"}],"wp:attachment":[{"href":"https:\/\/blogs.ua.es\/thomasmore\/wp-json\/wp\/v2\/media?parent=72"}],"curies":[{"name":"wp","href":"https:\/\/api.w.org\/{rel}","templated":true}]}}