{"id":22,"date":"2012-12-20T13:32:48","date_gmt":"2012-12-20T13:32:48","guid":{"rendered":"https:\/\/blogs.ua.es\/tomaslopezgalindo\/?page_id=22"},"modified":"2013-01-27T16:08:56","modified_gmt":"2013-01-27T16:08:56","slug":"fuentes-bibliograficas","status":"publish","type":"page","link":"https:\/\/blogs.ua.es\/tomaslopezgalindo\/fuentes-bibliograficas\/","title":{"rendered":"Fuentes Bibliogr\u00e1ficas"},"content":{"rendered":"<p>La falta de fuentes bibliogr\u00e1ficas disponibles de Tom\u00e1s L\u00f3pez Galindo justifican las escasas entradas registradas en este blog. No ha sido posible encontrar m\u00e1s que los 6 art\u00edculos mencionados, aun habiendo realizado una visita al Archivo Hist\u00f3rico de Orihuela, lugar en el que este autor dispon\u00eda de una secci\u00f3n propia.<\/p>\n<p>Reiterar, por lo tanto, que siendo conscientes los autores del blog que el m\u00ednimo era de 10 entradas cada uno, no ha sido posible realizar m\u00e1s de las ya publicadas, ante la inexistencia o la dificultad para encontrar m\u00e1s fuentes.<\/p>\n","protected":false},"excerpt":{"rendered":"<p>La falta de fuentes bibliogr\u00e1ficas disponibles de Tom\u00e1s L\u00f3pez Galindo justifican las escasas entradas registradas en este blog. No ha sido posible encontrar m\u00e1s que los 6 art\u00edculos mencionados, aun habiendo realizado una visita al Archivo Hist\u00f3rico de Orihuela, lugar en el que este autor dispon\u00eda de una secci\u00f3n propia. Reiterar, por lo tanto, que [&hellip;]<\/p>\n","protected":false},"author":2962,"featured_media":0,"parent":0,"menu_order":0,"comment_status":"open","ping_status":"open","template":"","meta":{"footnotes":""},"class_list":["post-22","page","type-page","status-publish","hentry"],"_links":{"self":[{"href":"https:\/\/blogs.ua.es\/tomaslopezgalindo\/wp-json\/wp\/v2\/pages\/22","targetHints":{"allow":["GET"]}}],"collection":[{"href":"https:\/\/blogs.ua.es\/tomaslopezgalindo\/wp-json\/wp\/v2\/pages"}],"about":[{"href":"https:\/\/blogs.ua.es\/tomaslopezgalindo\/wp-json\/wp\/v2\/types\/page"}],"author":[{"embeddable":true,"href":"https:\/\/blogs.ua.es\/tomaslopezgalindo\/wp-json\/wp\/v2\/users\/2962"}],"replies":[{"embeddable":true,"href":"https:\/\/blogs.ua.es\/tomaslopezgalindo\/wp-json\/wp\/v2\/comments?post=22"}],"version-history":[{"count":4,"href":"https:\/\/blogs.ua.es\/tomaslopezgalindo\/wp-json\/wp\/v2\/pages\/22\/revisions"}],"predecessor-version":[{"id":105,"href":"https:\/\/blogs.ua.es\/tomaslopezgalindo\/wp-json\/wp\/v2\/pages\/22\/revisions\/105"}],"wp:attachment":[{"href":"https:\/\/blogs.ua.es\/tomaslopezgalindo\/wp-json\/wp\/v2\/media?parent=22"}],"curies":[{"name":"wp","href":"https:\/\/api.w.org\/{rel}","templated":true}]}}