{"id":8,"date":"2012-12-07T09:25:23","date_gmt":"2012-12-07T09:25:23","guid":{"rendered":"https:\/\/blogs.ua.es\/tomaslopezgalindo\/?page_id=8"},"modified":"2013-01-27T12:04:29","modified_gmt":"2013-01-27T12:04:29","slug":"presentacion","status":"publish","type":"page","link":"https:\/\/blogs.ua.es\/tomaslopezgalindo\/presentacion\/","title":{"rendered":"Presentaci\u00f3n"},"content":{"rendered":"<p>Somos Eduardo Alberca y Miguel Rico, alumnos de 1\u00ba Grado de Historia de la Universidad de Alicante. En este blog vamos a realizar un trabajo de investigaci\u00f3n y compilaci\u00f3n bibliogr\u00e1fica sobre una figura de un alicantino ilustre, en este caso Tom\u00e1s L\u00f3pez Galindo, abogado nacido en la ciudad de Orihuela, y conocido articulista de diversos medios regionales<\/p>\n","protected":false},"excerpt":{"rendered":"<p>Somos Eduardo Alberca y Miguel Rico, alumnos de 1\u00ba Grado de Historia de la Universidad de Alicante. En este blog vamos a realizar un trabajo de investigaci\u00f3n y compilaci\u00f3n bibliogr\u00e1fica sobre una figura de un alicantino ilustre, en este caso Tom\u00e1s L\u00f3pez Galindo, abogado nacido en la ciudad de Orihuela, y conocido articulista de diversos [&hellip;]<\/p>\n","protected":false},"author":2932,"featured_media":0,"parent":0,"menu_order":0,"comment_status":"open","ping_status":"open","template":"","meta":{"footnotes":""},"class_list":["post-8","page","type-page","status-publish","hentry"],"_links":{"self":[{"href":"https:\/\/blogs.ua.es\/tomaslopezgalindo\/wp-json\/wp\/v2\/pages\/8","targetHints":{"allow":["GET"]}}],"collection":[{"href":"https:\/\/blogs.ua.es\/tomaslopezgalindo\/wp-json\/wp\/v2\/pages"}],"about":[{"href":"https:\/\/blogs.ua.es\/tomaslopezgalindo\/wp-json\/wp\/v2\/types\/page"}],"author":[{"embeddable":true,"href":"https:\/\/blogs.ua.es\/tomaslopezgalindo\/wp-json\/wp\/v2\/users\/2932"}],"replies":[{"embeddable":true,"href":"https:\/\/blogs.ua.es\/tomaslopezgalindo\/wp-json\/wp\/v2\/comments?post=8"}],"version-history":[{"count":4,"href":"https:\/\/blogs.ua.es\/tomaslopezgalindo\/wp-json\/wp\/v2\/pages\/8\/revisions"}],"predecessor-version":[{"id":10,"href":"https:\/\/blogs.ua.es\/tomaslopezgalindo\/wp-json\/wp\/v2\/pages\/8\/revisions\/10"}],"wp:attachment":[{"href":"https:\/\/blogs.ua.es\/tomaslopezgalindo\/wp-json\/wp\/v2\/media?parent=8"}],"curies":[{"name":"wp","href":"https:\/\/api.w.org\/{rel}","templated":true}]}}