{"id":44,"date":"2012-12-24T15:14:45","date_gmt":"2012-12-24T15:14:45","guid":{"rendered":"https:\/\/blogs.ua.es\/torresdefensahuertaalicante\/?page_id=44"},"modified":"2012-12-26T16:02:31","modified_gmt":"2012-12-26T16:02:31","slug":"introduccion","status":"publish","type":"page","link":"https:\/\/blogs.ua.es\/torresdefensahuertaalicante\/introduccion\/","title":{"rendered":"Introducci\u00f3n al Blog"},"content":{"rendered":"<p style=\"text-align: center\"><strong>Historia sobre las Torres<\/strong><\/p>\n<p style=\"text-align: justify\">\u00a0Las\u00a0<strong>torres de vigilancia costera<\/strong>\u00a0son una serie de edificaciones militares construidas en el\u00a0s.XVI, en las costas mediterr\u00e1neas de Espa\u00f1a, principalmente en la\u00a0Regi\u00f3n de Murcia, y las provincias de\u00a0Alicante,\u00a0M\u00e1laga\u00a0y\u00a0Almer\u00eda\u00a0para la defensa del territorio contra los ataques de los\u00a0piratas berberiscos.<\/p>\n<p style=\"text-align: justify\">Desde el asentamiento turco en\u00a0Argel\u00a0en\u00a01516, toda la costa del\u00a0Mediterr\u00e1neo\u00a0espa\u00f1ol se encontraba amenazada por los ataques de los piratas berberiscos que desembarcaban en la costa y asolaban y saqueaban ciudades y asentamientos rurales. El rey\u00a0Carlos I de Espa\u00f1a\u00a0fue quien ide\u00f3 un sistema defensivo basado en la construcci\u00f3n de torres de vigilancia por toda la costa mediterr\u00e1nea.<\/p>\n<p style=\"text-align: justify\">Realmente es en\u00a01568, cuando el Rey Felipe II encarga a\u00a0Vespasiano I Gonzaga\u00a0la inspecci\u00f3n y proyecto de construcci\u00f3n de las fortificaciones en el Reino de Valencia y los puertos africanos de\u00a0Or\u00e1n\u00a0y\u00a0Mazalquivir. Vespaciano se ayuda del ingeniero militar\u00a0Juan Bautista Antonelli para realizar dicha obra.\u00a0La mayor\u00eda de estas torres estuvo en uso hasta el s.XIX.<\/p>\n<p style=\"text-align: center\"><strong>\u00a0Enfoque del Blog<\/strong><\/p>\n<p style=\"text-align: justify\">En este blog vamos a tratar todo lo relacionado con las Torres de Defensa de la Huerta de Alicante desde principios del siglo XV hasta nuestros d\u00edas (siglo XXI), desde diferentes perspectivas, a saber:<\/p>\n<p style=\"text-align: justify\">1) Localizaci\u00f3n y contexto hist\u00f3rico de las torres de la huerta de Alicante.<\/p>\n<p style=\"text-align: justify\">2) Estudio de los trabajos de investigaci\u00f3n realizados hasta ahora, en el que se\u00a0investiga la evoluci\u00f3n y procesos de las torres desde su construcci\u00f3n hasta ahora.<\/p>\n<p style=\"text-align: justify\">3) Pros y contras de tener un patrimonio hist\u00f3rico en la ciudad y el adecuado mantenimiento por parte de la misma.<\/p>\n<p style=\"text-align: justify\">Dicho esto esperamos que encontr\u00e9is en \u00e9l todo lo que est\u00e1is buscando.<\/p>\n<p><a href=\"https:\/\/blogs.ua.es\/torresdefensahuertaalicante\/files\/2012\/12\/torre-campello-0152.jpg\"><img loading=\"lazy\" decoding=\"async\" class=\"alignleft size-medium wp-image-45\" src=\"https:\/\/blogs.ua.es\/torresdefensahuertaalicante\/files\/2012\/12\/torre-campello-0152-242x300.jpg\" alt=\"\" width=\"242\" height=\"300\" srcset=\"https:\/\/blogs.ua.es\/torresdefensahuertaalicante\/files\/2012\/12\/torre-campello-0152-242x300.jpg 242w, https:\/\/blogs.ua.es\/torresdefensahuertaalicante\/files\/2012\/12\/torre-campello-0152-827x1024.jpg 827w, https:\/\/blogs.ua.es\/torresdefensahuertaalicante\/files\/2012\/12\/torre-campello-0152.jpg 1183w\" sizes=\"auto, (max-width: 242px) 100vw, 242px\" \/><\/a><\/p>\n","protected":false},"excerpt":{"rendered":"<p>Historia sobre las Torres \u00a0Las\u00a0torres de vigilancia costera\u00a0son una serie de edificaciones militares construidas en el\u00a0s.XVI, en las costas mediterr\u00e1neas de Espa\u00f1a, principalmente en la\u00a0Regi\u00f3n de Murcia, y las provincias de\u00a0Alicante,\u00a0M\u00e1laga\u00a0y\u00a0Almer\u00eda\u00a0para la defensa del territorio contra los ataques de los\u00a0piratas &hellip; <a href=\"https:\/\/blogs.ua.es\/torresdefensahuertaalicante\/introduccion\/\">Continue reading <span class=\"meta-nav\">&rarr;<\/span><\/a><\/p>\n","protected":false},"author":3011,"featured_media":0,"parent":0,"menu_order":0,"comment_status":"open","ping_status":"open","template":"","meta":{"footnotes":""},"class_list":["post-44","page","type-page","status-publish","hentry"],"_links":{"self":[{"href":"https:\/\/blogs.ua.es\/torresdefensahuertaalicante\/wp-json\/wp\/v2\/pages\/44","targetHints":{"allow":["GET"]}}],"collection":[{"href":"https:\/\/blogs.ua.es\/torresdefensahuertaalicante\/wp-json\/wp\/v2\/pages"}],"about":[{"href":"https:\/\/blogs.ua.es\/torresdefensahuertaalicante\/wp-json\/wp\/v2\/types\/page"}],"author":[{"embeddable":true,"href":"https:\/\/blogs.ua.es\/torresdefensahuertaalicante\/wp-json\/wp\/v2\/users\/3011"}],"replies":[{"embeddable":true,"href":"https:\/\/blogs.ua.es\/torresdefensahuertaalicante\/wp-json\/wp\/v2\/comments?post=44"}],"version-history":[{"count":7,"href":"https:\/\/blogs.ua.es\/torresdefensahuertaalicante\/wp-json\/wp\/v2\/pages\/44\/revisions"}],"predecessor-version":[{"id":243,"href":"https:\/\/blogs.ua.es\/torresdefensahuertaalicante\/wp-json\/wp\/v2\/pages\/44\/revisions\/243"}],"wp:attachment":[{"href":"https:\/\/blogs.ua.es\/torresdefensahuertaalicante\/wp-json\/wp\/v2\/media?parent=44"}],"curies":[{"name":"wp","href":"https:\/\/api.w.org\/{rel}","templated":true}]}}