{"id":54,"date":"2012-12-24T15:56:21","date_gmt":"2012-12-24T15:56:21","guid":{"rendered":"https:\/\/blogs.ua.es\/torresdefensahuertaalicante\/?page_id=54"},"modified":"2013-01-24T19:50:15","modified_gmt":"2013-01-24T19:50:15","slug":"valoracion-general","status":"publish","type":"page","link":"https:\/\/blogs.ua.es\/torresdefensahuertaalicante\/valoracion-general\/","title":{"rendered":"Valoraci\u00f3n general"},"content":{"rendered":"<p style=\"text-align: justify\">Este Blog lo hemos hecho entre dos personas,por tanto cada uno de nosotros tendr\u00e1 su propia opini\u00f3n al respecto.<\/p>\n<p style=\"text-align: justify\">Por mi parte,decir,que es un tema interesante por la historia de las Torres. Su objetivo era salvaguardarnos de los ataques piratas. Personalmente me llama la atenci\u00f3n el enorme labor de planificaci\u00f3n y\u00a0estrategia\u00a0que se emple\u00f3 tanto para construirlas como para situarlas, la ingenier\u00eda aplicada a las torres y el saber \u00a0c\u00f3mo se comunicaban en caso de ataque. Pero sin lugar a dudas lo que m\u00e1s me ha llamado la atenci\u00f3n de este tema ,y creo que as\u00ed se ve reflejado en las entradas,es su conservaci\u00f3n . La problem\u00e1tica de conservar o destruir ,el \u00bfQue vale m\u00e1s? . El saber que hay 23 torres algunas de las cuales no se podr\u00e1n mantener y que posiblemente acaben siendo historia sin poder contar la suya.<\/p>\n<p style=\"text-align: justify\">Agustina D&#8217;Amico Tavoloni.<\/p>\n<p style=\"text-align: justify\">____________________________________________________________<\/p>\n<p style=\"text-align: justify\">Desde mi punto de vista quiero resaltar el trabajo de investigaci\u00f3n sobre Alicante y su famosa huerta de anta\u00f1o. El trabajo de investigaci\u00f3n y el haber tenido que leer tanta informaci\u00f3n de otros autores sobre el tema, hace ver que cada vez es m\u00e1s dif\u00edcil encontrar algo interesante y que no haya salido antes.\u00a0El verdadero arte y cultura de esta tem\u00e1tica es lo que me ha hecho elegir este tema y el\u00a0este me ha gustado cada vez m\u00e1s por todo el mundo que le rodea. EL blog ha sido un trabajo muy interesante a la hora de elaborarlo y a la hora de buscar la informaci\u00f3n, pero ha consumido parte del tiempo de estudio, para otras cosas, como observaci\u00f3n.<\/p>\n<p style=\"text-align: justify\">Vicente David Almod\u00f3var Garc\u00eda.<\/p>\n","protected":false},"excerpt":{"rendered":"<p>Este Blog lo hemos hecho entre dos personas,por tanto cada uno de nosotros tendr\u00e1 su propia opini\u00f3n al respecto. Por mi parte,decir,que es un tema interesante por la historia de las Torres. Su objetivo era salvaguardarnos de los ataques piratas. &hellip; <a href=\"https:\/\/blogs.ua.es\/torresdefensahuertaalicante\/valoracion-general\/\">Continue reading <span class=\"meta-nav\">&rarr;<\/span><\/a><\/p>\n","protected":false},"author":3011,"featured_media":0,"parent":0,"menu_order":0,"comment_status":"open","ping_status":"open","template":"","meta":{"footnotes":""},"class_list":["post-54","page","type-page","status-publish","hentry"],"_links":{"self":[{"href":"https:\/\/blogs.ua.es\/torresdefensahuertaalicante\/wp-json\/wp\/v2\/pages\/54","targetHints":{"allow":["GET"]}}],"collection":[{"href":"https:\/\/blogs.ua.es\/torresdefensahuertaalicante\/wp-json\/wp\/v2\/pages"}],"about":[{"href":"https:\/\/blogs.ua.es\/torresdefensahuertaalicante\/wp-json\/wp\/v2\/types\/page"}],"author":[{"embeddable":true,"href":"https:\/\/blogs.ua.es\/torresdefensahuertaalicante\/wp-json\/wp\/v2\/users\/3011"}],"replies":[{"embeddable":true,"href":"https:\/\/blogs.ua.es\/torresdefensahuertaalicante\/wp-json\/wp\/v2\/comments?post=54"}],"version-history":[{"count":6,"href":"https:\/\/blogs.ua.es\/torresdefensahuertaalicante\/wp-json\/wp\/v2\/pages\/54\/revisions"}],"predecessor-version":[{"id":156,"href":"https:\/\/blogs.ua.es\/torresdefensahuertaalicante\/wp-json\/wp\/v2\/pages\/54\/revisions\/156"}],"wp:attachment":[{"href":"https:\/\/blogs.ua.es\/torresdefensahuertaalicante\/wp-json\/wp\/v2\/media?parent=54"}],"curies":[{"name":"wp","href":"https:\/\/api.w.org\/{rel}","templated":true}]}}