{"id":2,"date":"2009-11-12T11:28:05","date_gmt":"2009-11-12T10:28:05","guid":{"rendered":""},"modified":"2023-06-07T12:00:18","modified_gmt":"2023-06-07T11:00:18","slug":"blogsamigos","status":"publish","type":"page","link":"https:\/\/blogs.ua.es\/tragamillas\/blogsamigos\/","title":{"rendered":"Blogs amigos"},"content":{"rendered":"<p><strong>Monta\u00f1a<\/strong><\/p>\n<p><a href=\"http:\/\/www.apatita.com\/\" target=\"_blank\" rel=\"noopener\">A patita<\/a><\/p>\n<p><a href=\"http:\/\/passondeamigos.blogspot.com.es\/\" target=\"_blank\" rel=\"noopener\">Passondeamigos<\/a><\/p>\n<p><a href=\"http:\/\/alicanteterrenodeaventura.blogspot.com.es\/\" target=\"_blank\" rel=\"noopener\">Alicante: Terreno de Aventura<\/a><\/p>\n<p><a href=\"http:\/\/picoymico.blogspot.com.es\/2008_08_01_archive.html\" target=\"_blank\" rel=\"noopener\">Picoymico<\/a><\/p>\n<p><a href=\"http:\/\/lamontanaesmireino.es\/\" target=\"_blank\" rel=\"noopener\">La monta\u00f1a es mi Reino<\/a><\/p>\n<p><a href=\"http:\/\/raulvicedo.blogspot.com.es\/\" target=\"_blank\" rel=\"noopener\">En casa no me pillan<\/a><\/p>\n<p><strong>Coaching<\/strong><\/p>\n<p><a href=\"http:\/\/miradentrodetidespierta.wordpress.com\/2011\/11\/24\/biodescodificacion-para-sanarte-tu-mismo\/\" target=\"_blank\" rel=\"noopener\">Mira dentro de ti &#8230; despierta<\/a><\/p>\n<p><a href=\"http:\/\/saikuhayotravidaposible.blogspot.com.ar\/2013\/08\/tecnica-energetica-de-armonizacion-la.html\" target=\"_blank\" rel=\"noopener\">T\u00e9cnica energ\u00e9tica de armonizaci\u00f3n<\/a><\/p>\n<p><a href=\"http:\/\/www.artcoaching.es\/\" target=\"_blank\" rel=\"noopener\">El Arte de superarte<\/a><\/p>\n<p><a href=\"http:\/\/elidabentancor.com\/\" target=\"_blank\" rel=\"noopener\">Elida Betancor<\/a><\/p>\n<p><a href=\"http:\/\/www.elblogalternativo.com\/2011\/01\/10\/hacemos-yoga\/\" target=\"_blank\" rel=\"noopener\">El Blog Alternativo<\/a><\/p>\n<p><a href=\"http:\/\/armonizandotuvida.blogspot.com\/2013\/02\/grabacion-de-la-videoconferencia.html\" target=\"_blank\" rel=\"noopener\">Armonizando tu vida<\/a><\/p>\n<p><a href=\"http:\/\/luispalacios-reporterosciudadanos.blogspot.com.es\/p\/biodescodificacion-enric-corbera.html\" target=\"_blank\" rel=\"noopener\">La caja de Pandora<\/a><\/p>\n<p><strong>Genealog\u00eda<\/strong><\/p>\n<p><a href=\"http:\/\/www.raicesreinovalencia.com\/\" target=\"_blank\" rel=\"noopener\">Raices Reino de Valencia<\/a><\/p>\n<p><a href=\"http:\/\/www.blasonari.net\/index.php\" target=\"_blank\" rel=\"noopener\">Blasonari. Genealogia<\/a><\/p>\n<p><a href=\"http:\/\/tataranietos.com\/\" target=\"_blank\" rel=\"noopener\">Tataranietos<\/a><\/p>\n<p><strong>Divulgativos<\/strong><\/p>\n<p><a href=\"http:\/\/documentalium.blogspot.com.es\/2013\/11\/la-caldera-o-supervolcan-de-yellowstone.html\" target=\"_blank\" rel=\"noopener\">Documentalium<\/a><\/p>\n<p><a href=\"http:\/\/cvltvsdeorvm.blogspot.com.es\/2011\/01\/jano-el-dios-bifronte.html\" target=\"_blank\" rel=\"noopener\">Cvltvs deorum<\/a><\/p>\n<p><strong>Historia de Valencia<\/strong><\/p>\n<p><a href=\"http:\/\/vicenticoaa.blogspot.com.es\/2014\/06\/valencia_17.html\">Memoria gr\u00e1fica de Espa\u00f1a<\/a><\/p>\n<p><a href=\"http:\/\/postalesdevalencia.blogspot.com.es\/\">Postales de Valencia<\/a><\/p>\n<p><a href=\"http:\/\/valenciablancoynegro.blogspot.com.es\/\">Valencia en blanco y negro<\/a><\/p>\n<p><a href=\"http:\/\/valenciadesaparecida.blogspot.com.es\/\">La Valencia desaparecida<\/a><\/p>\n<p><a href=\"http:\/\/barracavalenciana.blogspot.com.es\/search\/label\/Barraques%20de%20Vicente%20Arnal\">Una fotograf\u00eda de barraques cada d\u00eda<\/a><\/p>\n<p><a href=\"http:\/\/juanansoler.blogspot.com.es\/\">Valencia Historia Gr\u00e1fica<\/a><\/p>\n<p><strong>Ayuda encontrar empleo<\/strong><\/p>\n<p><a href=\"https:\/\/entrevistadetrabajo.eu\/\">Entrevista de trabajo<\/a><\/p>\n","protected":false},"excerpt":{"rendered":"<p>Monta\u00f1a A patita Passondeamigos Alicante: Terreno de Aventura Picoymico La monta\u00f1a es mi Reino En casa no me pillan Coaching Mira dentro de ti &#8230; despierta T\u00e9cnica energ\u00e9tica de armonizaci\u00f3n El Arte de superarte Elida Betancor El Blog Alternativo Armonizando tu vida La caja de Pandora Genealog\u00eda Raices Reino de Valencia Blasonari. Genealogia Tataranietos Divulgativos [&hellip;]<\/p>\n","protected":false},"author":1492,"featured_media":0,"parent":0,"menu_order":0,"comment_status":"open","ping_status":"open","template":"","meta":{"footnotes":""},"class_list":["post-2","page","type-page","status-publish","hentry"],"_links":{"self":[{"href":"https:\/\/blogs.ua.es\/tragamillas\/wp-json\/wp\/v2\/pages\/2","targetHints":{"allow":["GET"]}}],"collection":[{"href":"https:\/\/blogs.ua.es\/tragamillas\/wp-json\/wp\/v2\/pages"}],"about":[{"href":"https:\/\/blogs.ua.es\/tragamillas\/wp-json\/wp\/v2\/types\/page"}],"author":[{"embeddable":true,"href":"https:\/\/blogs.ua.es\/tragamillas\/wp-json\/wp\/v2\/users\/1492"}],"replies":[{"embeddable":true,"href":"https:\/\/blogs.ua.es\/tragamillas\/wp-json\/wp\/v2\/comments?post=2"}],"version-history":[{"count":32,"href":"https:\/\/blogs.ua.es\/tragamillas\/wp-json\/wp\/v2\/pages\/2\/revisions"}],"predecessor-version":[{"id":2344,"href":"https:\/\/blogs.ua.es\/tragamillas\/wp-json\/wp\/v2\/pages\/2\/revisions\/2344"}],"wp:attachment":[{"href":"https:\/\/blogs.ua.es\/tragamillas\/wp-json\/wp\/v2\/media?parent=2"}],"curies":[{"name":"wp","href":"https:\/\/api.w.org\/{rel}","templated":true}]}}