{"id":7,"date":"2011-05-15T21:30:06","date_gmt":"2011-05-15T21:30:06","guid":{"rendered":"https:\/\/blogs.ua.es\/tribunaleuropeodoxa\/"},"modified":"2012-07-24T07:42:49","modified_gmt":"2012-07-24T07:42:49","slug":"responsable-del-blog","status":"publish","type":"page","link":"https:\/\/blogs.ua.es\/tribunaleuropeodoxa\/responsable-del-blog\/","title":{"rendered":"Responsable del blog"},"content":{"rendered":"<p><strong>Coordinadora<\/strong>: Victoria Roca<\/p>\n<div>\n<p style=\"text-align: justify\">Doctora en Filosof\u00eda del Derecho por la Universidad de Alicante (2002), Profesora titular y coordinadora del \u00e1rea de Filosof\u00eda del Derecho, Universidad de Alicante.\u00a0 Docencia en Teor\u00eda del Derecho, Filosof\u00eda del Derecho, \u00c9tica y Derechos Humanos, Argumentaci\u00f3n, \u00c9tica y ciencias de la salud. Investigadora visitante en la Yale Law School (Fulbright Felloship 1999-2001).\u00a0 Profesora de cursos de postgrado (La Habana, Cuba, 2004). Colaboradora en el proyecto INDIGENES (salud e igualdad de g\u00e9nero) coordinado por el Departamento de Medicina P\u00fablica, Escuela de Enfermer\u00eda de la UA. Participaciones en diversos congresos internacionales (IVR Granada, PhLegal Theory Genova, Bah\u00eda Blanca, Beijing).\u00a0 \u00c1reas de inter\u00e9s: derechos humanos y razonamiento pr\u00e1ctico, argumentaci\u00f3n imperio de la ley y transici\u00f3n democr\u00e1tica, igualdad de g\u00e9nero y salud, ciudadan\u00eda y justicia. Trabajos relacionados: \u201c\u00bfDe qu\u00e9 hablamos cuando hablamos de deberes jur\u00eddicos? Algunas consideraciones sobre las fuentes del Derecho a partir de la tesis de Nino del caso especial\u201d (2002), \u201cLos presupuestos meta\u00e9ticos del comunitarismo: la tensi\u00f3n no resuelta entre el realismo y el convencionalismo moral. [\u2026]\u201d (2003), Derecho y razonamiento pr\u00e1ctico en C.S.Nino (2005), \u201cUna mirada a: Algo m\u00e1s acerca de la relaci\u00f3n entre Derecho y moral (1992) de Ernesto Garz\u00f3n Vald\u00e9s\u201d (2007), \u201cRights and Borders (Alienage as an inmutable characteristic: current practices on alien exclusion under scrutiny)\u201d (2007), \u201cTwo dimensions of the principle of autonomy and the obedience to Law\u201d (intervenci\u00f3n en Workshop, Beijing 2009). Trabajo de traducci\u00f3n: entre otros, G.H. Von Wright, La diversidad de lo bueno, con Daniel Gonz\u00e1lez Lagier, Marcial-Pons, Madrid-Barcelona, 2010.<\/p>\n<\/div>\n","protected":false},"excerpt":{"rendered":"<p>Coordinadora: Victoria Roca Doctora en Filosof\u00eda del Derecho por la Universidad de Alicante (2002), Profesora titular y coordinadora del \u00e1rea de Filosof\u00eda del Derecho, Universidad de Alicante.\u00a0 Docencia en Teor\u00eda del Derecho, Filosof\u00eda del Derecho, \u00c9tica y Derechos Humanos, Argumentaci\u00f3n, \u00c9tica y ciencias de la salud. Investigadora visitante en la Yale Law School (Fulbright Felloship [&hellip;]<\/p>\n","protected":false},"author":1720,"featured_media":0,"parent":0,"menu_order":0,"comment_status":"closed","ping_status":"closed","template":"","meta":{"footnotes":""},"class_list":["post-7","page","type-page","status-publish","hentry"],"_links":{"self":[{"href":"https:\/\/blogs.ua.es\/tribunaleuropeodoxa\/wp-json\/wp\/v2\/pages\/7","targetHints":{"allow":["GET"]}}],"collection":[{"href":"https:\/\/blogs.ua.es\/tribunaleuropeodoxa\/wp-json\/wp\/v2\/pages"}],"about":[{"href":"https:\/\/blogs.ua.es\/tribunaleuropeodoxa\/wp-json\/wp\/v2\/types\/page"}],"author":[{"embeddable":true,"href":"https:\/\/blogs.ua.es\/tribunaleuropeodoxa\/wp-json\/wp\/v2\/users\/1720"}],"replies":[{"embeddable":true,"href":"https:\/\/blogs.ua.es\/tribunaleuropeodoxa\/wp-json\/wp\/v2\/comments?post=7"}],"version-history":[{"count":5,"href":"https:\/\/blogs.ua.es\/tribunaleuropeodoxa\/wp-json\/wp\/v2\/pages\/7\/revisions"}],"predecessor-version":[{"id":9,"href":"https:\/\/blogs.ua.es\/tribunaleuropeodoxa\/wp-json\/wp\/v2\/pages\/7\/revisions\/9"}],"wp:attachment":[{"href":"https:\/\/blogs.ua.es\/tribunaleuropeodoxa\/wp-json\/wp\/v2\/media?parent=7"}],"curies":[{"name":"wp","href":"https:\/\/api.w.org\/{rel}","templated":true}]}}