{"id":26,"date":"2012-01-17T20:04:32","date_gmt":"2012-01-17T20:04:32","guid":{"rendered":"https:\/\/blogs.ua.es\/turismemassesalacant\/?page_id=26"},"modified":"2012-01-17T20:27:06","modified_gmt":"2012-01-17T20:27:06","slug":"presentacio-del-blog","status":"publish","type":"page","link":"https:\/\/blogs.ua.es\/turismemassesalacant\/presentacio-del-blog\/","title":{"rendered":"Presentaci\u00f3 del Blog"},"content":{"rendered":"<p>La prov\u00edncia d&#8217;Alacant es un lloc que gaudeix d&#8217;una gran popularitat degut al turisme, entre altres.<\/p>\n<figure id=\"attachment_27\" aria-describedby=\"caption-attachment-27\" style=\"width: 267px\" class=\"wp-caption alignright\"><a href=\"https:\/\/blogs.ua.es\/turismemassesalacant\/files\/2012\/01\/alicante.jpg\"><img loading=\"lazy\" decoding=\"async\" class=\"size-medium wp-image-27\" src=\"https:\/\/blogs.ua.es\/turismemassesalacant\/files\/2012\/01\/alicante-300x225.jpg\" alt=\"\" width=\"267\" height=\"198\" \/><\/a><figcaption id=\"caption-attachment-27\" class=\"wp-caption-text\">Port d\u00b4Alacant<\/figcaption><\/figure>\n<p>La seua localitzaci\u00f3 al sud- est de la Pen\u00ednsula Ib\u00e8rica, a la vorera del Mediterrani (anomenada la Calif\u00f2rnia Europea) i el seu clima mediterrani\u00e1rid, amb temperatures suaus al llarg de l&#8217;any i pluges escasses fan de la prov\u00edncia d&#8217;Alacant un lloc visitat freq\u00fcentment.<\/p>\n<p>En aquest bloc el que volem es informar i analitzar el ampli ventall de possibilitats que ofereix la nostra prov\u00edncia.<\/p>\n<p>&nbsp;<\/p>\n","protected":false},"excerpt":{"rendered":"<p>La prov\u00edncia d&#8217;Alacant es un lloc que gaudeix d&#8217;una gran popularitat degut al turisme, entre altres. La seua localitzaci\u00f3 al sud- est de la Pen\u00ednsula Ib\u00e8rica, a la vorera del Mediterrani (anomenada la Calif\u00f2rnia Europea) i el seu clima mediterrani\u00e1rid, amb temperatures suaus al llarg de l&#8217;any i pluges escasses fan de la prov\u00edncia d&#8217;Alacant [&hellip;]<\/p>\n","protected":false},"author":2565,"featured_media":0,"parent":0,"menu_order":0,"comment_status":"open","ping_status":"open","template":"","meta":{"footnotes":""},"class_list":["post-26","page","type-page","status-publish","hentry"],"_links":{"self":[{"href":"https:\/\/blogs.ua.es\/turismemassesalacant\/wp-json\/wp\/v2\/pages\/26","targetHints":{"allow":["GET"]}}],"collection":[{"href":"https:\/\/blogs.ua.es\/turismemassesalacant\/wp-json\/wp\/v2\/pages"}],"about":[{"href":"https:\/\/blogs.ua.es\/turismemassesalacant\/wp-json\/wp\/v2\/types\/page"}],"author":[{"embeddable":true,"href":"https:\/\/blogs.ua.es\/turismemassesalacant\/wp-json\/wp\/v2\/users\/2565"}],"replies":[{"embeddable":true,"href":"https:\/\/blogs.ua.es\/turismemassesalacant\/wp-json\/wp\/v2\/comments?post=26"}],"version-history":[{"count":3,"href":"https:\/\/blogs.ua.es\/turismemassesalacant\/wp-json\/wp\/v2\/pages\/26\/revisions"}],"predecessor-version":[{"id":29,"href":"https:\/\/blogs.ua.es\/turismemassesalacant\/wp-json\/wp\/v2\/pages\/26\/revisions\/29"}],"wp:attachment":[{"href":"https:\/\/blogs.ua.es\/turismemassesalacant\/wp-json\/wp\/v2\/media?parent=26"}],"curies":[{"name":"wp","href":"https:\/\/api.w.org\/{rel}","templated":true}]}}