{"id":51,"date":"2012-01-12T22:37:58","date_gmt":"2012-01-12T22:37:58","guid":{"rendered":"https:\/\/blogs.ua.es\/turismoalicante\/?page_id=51"},"modified":"2012-01-17T23:20:41","modified_gmt":"2012-01-17T23:20:41","slug":"explicacion","status":"publish","type":"page","link":"https:\/\/blogs.ua.es\/turismoalicante\/explicacion\/","title":{"rendered":"Explicaci\u00f3n"},"content":{"rendered":"<p>En este blog explicaremos la importancia del turismo interior en Alicante ofreciendo informaci\u00f3n sobre algunas de sus actividades m\u00e1s atractivas y la importancia que adquieren la gastronom\u00eda y los monumentos, entre otros, como foco de atracci\u00f3n tur\u00edstca. Asimismo, ampliaremos la informaci\u00f3n comentando la situaci\u00f3n tur\u00edstica en la que se encuentran las poblaciones que la envuelven (por ejemplo, Benidorm),a fin de mostrar otros ejemplos sobre el amplio abanico de posibilidades que ofrece esta ciudad en relaci\u00f3n con el turismo.<\/p>\n<p style=\"text-align: center\">\u00a0<a href=\"https:\/\/blogs.ua.es\/turismoalicante\/files\/2012\/01\/Alicante.jpg\"><img loading=\"lazy\" decoding=\"async\" class=\"size-medium wp-image-143 aligncenter\" src=\"https:\/\/blogs.ua.es\/turismoalicante\/files\/2012\/01\/Alicante-300x216.jpg\" alt=\"\" width=\"300\" height=\"216\" srcset=\"https:\/\/blogs.ua.es\/turismoalicante\/files\/2012\/01\/Alicante-300x216.jpg 300w, https:\/\/blogs.ua.es\/turismoalicante\/files\/2012\/01\/Alicante.jpg 550w\" sizes=\"auto, (max-width: 300px) 100vw, 300px\" \/><\/a><\/p>\n","protected":false},"excerpt":{"rendered":"<p>En este blog explicaremos la importancia del turismo interior en Alicante ofreciendo informaci\u00f3n sobre algunas de sus actividades m\u00e1s atractivas y la importancia que adquieren la gastronom\u00eda y los monumentos, entre otros, como foco de atracci\u00f3n tur\u00edstca. Asimismo, ampliaremos la &hellip; <a href=\"https:\/\/blogs.ua.es\/turismoalicante\/explicacion\/\">Continue reading <span class=\"meta-nav\">&rarr;<\/span><\/a><\/p>\n","protected":false},"author":2499,"featured_media":0,"parent":0,"menu_order":0,"comment_status":"open","ping_status":"open","template":"","meta":{"footnotes":""},"class_list":["post-51","page","type-page","status-publish","hentry"],"_links":{"self":[{"href":"https:\/\/blogs.ua.es\/turismoalicante\/wp-json\/wp\/v2\/pages\/51","targetHints":{"allow":["GET"]}}],"collection":[{"href":"https:\/\/blogs.ua.es\/turismoalicante\/wp-json\/wp\/v2\/pages"}],"about":[{"href":"https:\/\/blogs.ua.es\/turismoalicante\/wp-json\/wp\/v2\/types\/page"}],"author":[{"embeddable":true,"href":"https:\/\/blogs.ua.es\/turismoalicante\/wp-json\/wp\/v2\/users\/2499"}],"replies":[{"embeddable":true,"href":"https:\/\/blogs.ua.es\/turismoalicante\/wp-json\/wp\/v2\/comments?post=51"}],"version-history":[{"count":7,"href":"https:\/\/blogs.ua.es\/turismoalicante\/wp-json\/wp\/v2\/pages\/51\/revisions"}],"predecessor-version":[{"id":218,"href":"https:\/\/blogs.ua.es\/turismoalicante\/wp-json\/wp\/v2\/pages\/51\/revisions\/218"}],"wp:attachment":[{"href":"https:\/\/blogs.ua.es\/turismoalicante\/wp-json\/wp\/v2\/media?parent=51"}],"curies":[{"name":"wp","href":"https:\/\/api.w.org\/{rel}","templated":true}]}}