{"id":53,"date":"2012-01-12T22:39:19","date_gmt":"2012-01-12T22:39:19","guid":{"rendered":"https:\/\/blogs.ua.es\/turismoalicante\/?page_id=53"},"modified":"2012-01-18T20:09:19","modified_gmt":"2012-01-18T20:09:19","slug":"metodologia","status":"publish","type":"page","link":"https:\/\/blogs.ua.es\/turismoalicante\/metodologia\/","title":{"rendered":"Metodolog\u00eda"},"content":{"rendered":"<p>&nbsp;<\/p>\n<p>Para la realizaci\u00f3n del blog, hemos hechos determinadas consultas en lugares nombrados en recursos de informaci\u00f3n consultados. La mayor\u00eda han sido electr\u00f3nicos. Despu\u00e9s de la informaci\u00f3n obtenida se han aplicado las correspondientes normas ISO 690-2010.<\/p>\n","protected":false},"excerpt":{"rendered":"<p>&nbsp; Para la realizaci\u00f3n del blog, hemos hechos determinadas consultas en lugares nombrados en recursos de informaci\u00f3n consultados. La mayor\u00eda han sido electr\u00f3nicos. Despu\u00e9s de la informaci\u00f3n obtenida se han aplicado las correspondientes normas ISO 690-2010.<\/p>\n","protected":false},"author":2499,"featured_media":0,"parent":0,"menu_order":0,"comment_status":"open","ping_status":"open","template":"","meta":{"footnotes":""},"class_list":["post-53","page","type-page","status-publish","hentry"],"_links":{"self":[{"href":"https:\/\/blogs.ua.es\/turismoalicante\/wp-json\/wp\/v2\/pages\/53","targetHints":{"allow":["GET"]}}],"collection":[{"href":"https:\/\/blogs.ua.es\/turismoalicante\/wp-json\/wp\/v2\/pages"}],"about":[{"href":"https:\/\/blogs.ua.es\/turismoalicante\/wp-json\/wp\/v2\/types\/page"}],"author":[{"embeddable":true,"href":"https:\/\/blogs.ua.es\/turismoalicante\/wp-json\/wp\/v2\/users\/2499"}],"replies":[{"embeddable":true,"href":"https:\/\/blogs.ua.es\/turismoalicante\/wp-json\/wp\/v2\/comments?post=53"}],"version-history":[{"count":6,"href":"https:\/\/blogs.ua.es\/turismoalicante\/wp-json\/wp\/v2\/pages\/53\/revisions"}],"predecessor-version":[{"id":233,"href":"https:\/\/blogs.ua.es\/turismoalicante\/wp-json\/wp\/v2\/pages\/53\/revisions\/233"}],"wp:attachment":[{"href":"https:\/\/blogs.ua.es\/turismoalicante\/wp-json\/wp\/v2\/media?parent=53"}],"curies":[{"name":"wp","href":"https:\/\/api.w.org\/{rel}","templated":true}]}}