{"id":57,"date":"2012-01-12T22:40:43","date_gmt":"2012-01-12T22:40:43","guid":{"rendered":"https:\/\/blogs.ua.es\/turismoalicante\/?page_id=57"},"modified":"2012-01-14T18:50:45","modified_gmt":"2012-01-14T18:50:45","slug":"presentacion","status":"publish","type":"page","link":"https:\/\/blogs.ua.es\/turismoalicante\/presentacion\/","title":{"rendered":"Presentaci\u00f3n"},"content":{"rendered":"<p>&nbsp;<\/p>\n<p>Hola, somos Marlen Sanchez\u00a0y Marina Botella, estudiantes de humanidades. Hemos hecho este blog sobre el turismo en Alicante y queremos informar de que esta ciudad es una de las m\u00e1s bellas y es un punto clave del turismo gracias a \u00a0su capacidad hotelera y a su conexi\u00f3n a\u00e9rea con las principales capitales europeas. Es un territorio, con un emplazamiento m\u00e1gico entre el mar y la monta\u00f1a, con paisajes de variados estilos, r\u00edos, arroyos, su naturaleza y con un ambiente ideal.<\/p>\n<p>Para entender mejor el turismo hay que analizar su entorno. Una magn\u00edfica forma de conocerlo es mencionar los mejores sitios de inter\u00e9s.<\/p>\n<p>&nbsp;<\/p>\n","protected":false},"excerpt":{"rendered":"<p>&nbsp; Hola, somos Marlen Sanchez\u00a0y Marina Botella, estudiantes de humanidades. Hemos hecho este blog sobre el turismo en Alicante y queremos informar de que esta ciudad es una de las m\u00e1s bellas y es un punto clave del turismo gracias &hellip; <a href=\"https:\/\/blogs.ua.es\/turismoalicante\/presentacion\/\">Continue reading <span class=\"meta-nav\">&rarr;<\/span><\/a><\/p>\n","protected":false},"author":2499,"featured_media":0,"parent":0,"menu_order":0,"comment_status":"open","ping_status":"open","template":"","meta":{"footnotes":""},"class_list":["post-57","page","type-page","status-publish","hentry"],"_links":{"self":[{"href":"https:\/\/blogs.ua.es\/turismoalicante\/wp-json\/wp\/v2\/pages\/57","targetHints":{"allow":["GET"]}}],"collection":[{"href":"https:\/\/blogs.ua.es\/turismoalicante\/wp-json\/wp\/v2\/pages"}],"about":[{"href":"https:\/\/blogs.ua.es\/turismoalicante\/wp-json\/wp\/v2\/types\/page"}],"author":[{"embeddable":true,"href":"https:\/\/blogs.ua.es\/turismoalicante\/wp-json\/wp\/v2\/users\/2499"}],"replies":[{"embeddable":true,"href":"https:\/\/blogs.ua.es\/turismoalicante\/wp-json\/wp\/v2\/comments?post=57"}],"version-history":[{"count":3,"href":"https:\/\/blogs.ua.es\/turismoalicante\/wp-json\/wp\/v2\/pages\/57\/revisions"}],"predecessor-version":[{"id":66,"href":"https:\/\/blogs.ua.es\/turismoalicante\/wp-json\/wp\/v2\/pages\/57\/revisions\/66"}],"wp:attachment":[{"href":"https:\/\/blogs.ua.es\/turismoalicante\/wp-json\/wp\/v2\/media?parent=57"}],"curies":[{"name":"wp","href":"https:\/\/api.w.org\/{rel}","templated":true}]}}