{"id":59,"date":"2012-01-14T18:22:16","date_gmt":"2012-01-14T18:22:16","guid":{"rendered":"https:\/\/blogs.ua.es\/turismoalicante\/?page_id=59"},"modified":"2012-01-18T20:10:16","modified_gmt":"2012-01-18T20:10:16","slug":"valoracion-general","status":"publish","type":"page","link":"https:\/\/blogs.ua.es\/turismoalicante\/valoracion-general\/","title":{"rendered":"Valoraci\u00f3n General"},"content":{"rendered":"<p>En primer lugar destacar que el tema era bastante atractivo, pero hemos querido enfocar el turismo de Alicante entorno a una buena ciudad, Benidorm, ya que\u00a0se ha \u00a0podido informar acerca de su historia y de su entorno, donde este \u00faltimo nos porporciona bastante informaci\u00f3n. La B\u00fasqueda no ha sido muy complicada, \u00a0ya que este tema es\u00a0 visual, y con alguna que otra fotograf\u00eda o video,queda bien plasmada, aparte de los recursos electr\u00f3nicos obtenidos\u00a0pero mencionar que este blog nos ha servido como mejora para la b\u00fasqueda de contenido en libros, art\u00edculos, y dem\u00e1s.\u00a0Por \u00faltimo decir que espermos que sea de utilidad ya que queda bien plasmada la finalidad que tiene.<\/p>\n<p>&nbsp;<\/p>\n<p>&nbsp;<\/p>\n","protected":false},"excerpt":{"rendered":"<p>En primer lugar destacar que el tema era bastante atractivo, pero hemos querido enfocar el turismo de Alicante entorno a una buena ciudad, Benidorm, ya que\u00a0se ha \u00a0podido informar acerca de su historia y de su entorno, donde este \u00faltimo &hellip; <a href=\"https:\/\/blogs.ua.es\/turismoalicante\/valoracion-general\/\">Continue reading <span class=\"meta-nav\">&rarr;<\/span><\/a><\/p>\n","protected":false},"author":2499,"featured_media":0,"parent":0,"menu_order":0,"comment_status":"open","ping_status":"open","template":"","meta":{"footnotes":""},"class_list":["post-59","page","type-page","status-publish","hentry"],"_links":{"self":[{"href":"https:\/\/blogs.ua.es\/turismoalicante\/wp-json\/wp\/v2\/pages\/59","targetHints":{"allow":["GET"]}}],"collection":[{"href":"https:\/\/blogs.ua.es\/turismoalicante\/wp-json\/wp\/v2\/pages"}],"about":[{"href":"https:\/\/blogs.ua.es\/turismoalicante\/wp-json\/wp\/v2\/types\/page"}],"author":[{"embeddable":true,"href":"https:\/\/blogs.ua.es\/turismoalicante\/wp-json\/wp\/v2\/users\/2499"}],"replies":[{"embeddable":true,"href":"https:\/\/blogs.ua.es\/turismoalicante\/wp-json\/wp\/v2\/comments?post=59"}],"version-history":[{"count":5,"href":"https:\/\/blogs.ua.es\/turismoalicante\/wp-json\/wp\/v2\/pages\/59\/revisions"}],"predecessor-version":[{"id":234,"href":"https:\/\/blogs.ua.es\/turismoalicante\/wp-json\/wp\/v2\/pages\/59\/revisions\/234"}],"wp:attachment":[{"href":"https:\/\/blogs.ua.es\/turismoalicante\/wp-json\/wp\/v2\/media?parent=59"}],"curies":[{"name":"wp","href":"https:\/\/api.w.org\/{rel}","templated":true}]}}