{"id":172,"date":"2012-01-02T09:11:58","date_gmt":"2012-01-02T09:11:58","guid":{"rendered":"https:\/\/blogs.ua.es\/turismoculturalprovinciaalicante\/?page_id=172"},"modified":"2012-01-10T16:11:04","modified_gmt":"2012-01-10T16:11:04","slug":"galeria-fotografica","status":"publish","type":"page","link":"https:\/\/blogs.ua.es\/turismoculturalprovinciaalicante\/galeria-fotografica\/","title":{"rendered":"Galer\u00eda fotogr\u00e1fica"},"content":{"rendered":"<p style=\"text-align: justify\">En esta p\u00e1gina vamos a mostrar como a trav\u00e9s de una serie de im\u00e1genes podemos establecer una idea m\u00e1s clara de lo que es el turismo cultural que se puede dar en toda la provincia de Alicante, ya que muchas veces como se suele decir &#8220;una imagen vale m\u00e1s que mil palabras&#8221;.<\/p>\n<p><em><strong>ALCOY<\/strong><\/em><\/p>\n<p style=\"text-align: center\"><a href=\"https:\/\/blogs.ua.es\/turismoculturalprovinciaalicante\/files\/2012\/01\/7038340.jpg\" target=\"_blank\"><img loading=\"lazy\" decoding=\"async\" class=\"aligncenter size-full wp-image-173\" src=\"https:\/\/blogs.ua.es\/turismoculturalprovinciaalicante\/files\/2012\/01\/7038340.jpg\" alt=\"La cabalgata de Alcoy\" width=\"300\" height=\"366\" srcset=\"https:\/\/blogs.ua.es\/turismoculturalprovinciaalicante\/files\/2012\/01\/7038340.jpg 300w, https:\/\/blogs.ua.es\/turismoculturalprovinciaalicante\/files\/2012\/01\/7038340-245x300.jpg 245w\" sizes=\"auto, (max-width: 300px) 100vw, 300px\" \/><\/a>&#8220;La cabalgata de Alcoy logra el BIC&#8221;<\/p>\n<p><a href=\"http:\/\/www.lasprovincias.es\/v\/20111224\/alicante\/cabalgata-alcoy-logra-20111224.html\" target=\"_blank\">http:\/\/www.lasprovincias.es\/v\/20111224\/alicante\/cabalgata-alcoy-logra-20111224.html<\/a><\/p>\n<p style=\"text-align: center\"><a href=\"https:\/\/blogs.ua.es\/turismoculturalprovinciaalicante\/files\/2012\/01\/tur_fotos_moros_1_foto.jpg\" target=\"_blank\"><img loading=\"lazy\" decoding=\"async\" class=\"aligncenter size-full wp-image-174\" src=\"https:\/\/blogs.ua.es\/turismoculturalprovinciaalicante\/files\/2012\/01\/tur_fotos_moros_1_foto.jpg\" alt=\"Moros y cristianos de Alcoy\" width=\"419\" height=\"283\" srcset=\"https:\/\/blogs.ua.es\/turismoculturalprovinciaalicante\/files\/2012\/01\/tur_fotos_moros_1_foto.jpg 747w, https:\/\/blogs.ua.es\/turismoculturalprovinciaalicante\/files\/2012\/01\/tur_fotos_moros_1_foto-300x202.jpg 300w\" sizes=\"auto, (max-width: 419px) 100vw, 419px\" \/><\/a>Moros y cristianos de Alcoy<\/p>\n<p>&nbsp;<\/p>\n<p><em><strong>ORIHUELA<\/strong><\/em><\/p>\n<p style=\"text-align: center\"><a href=\"https:\/\/blogs.ua.es\/turismoculturalprovinciaalicante\/files\/2012\/01\/Orihuela2.jpg\" target=\"_blank\"><img loading=\"lazy\" decoding=\"async\" class=\"aligncenter size-full wp-image-175\" src=\"https:\/\/blogs.ua.es\/turismoculturalprovinciaalicante\/files\/2012\/01\/Orihuela2.jpg\" alt=\"Catedral\" width=\"416\" height=\"264\" srcset=\"https:\/\/blogs.ua.es\/turismoculturalprovinciaalicante\/files\/2012\/01\/Orihuela2.jpg 650w, https:\/\/blogs.ua.es\/turismoculturalprovinciaalicante\/files\/2012\/01\/Orihuela2-300x190.jpg 300w\" sizes=\"auto, (max-width: 416px) 100vw, 416px\" \/><\/a>La catedral de Orihuela<\/p>\n<p>&nbsp;<\/p>\n<p><em><strong>MUTXAMEL<\/strong><\/em><\/p>\n<p style=\"text-align: center\"><a href=\"https:\/\/blogs.ua.es\/turismoculturalprovinciaalicante\/files\/2012\/01\/Cartel-VI-Mostra.jpg\" target=\"_blank\"><img loading=\"lazy\" decoding=\"async\" class=\"aligncenter size-full wp-image-176\" src=\"https:\/\/blogs.ua.es\/turismoculturalprovinciaalicante\/files\/2012\/01\/Cartel-VI-Mostra.jpg\" alt=\"Cartel VI Mostra\" width=\"320\" height=\"451\" srcset=\"https:\/\/blogs.ua.es\/turismoculturalprovinciaalicante\/files\/2012\/01\/Cartel-VI-Mostra.jpg 571w, https:\/\/blogs.ua.es\/turismoculturalprovinciaalicante\/files\/2012\/01\/Cartel-VI-Mostra-212x300.jpg 212w\" sizes=\"auto, (max-width: 320px) 100vw, 320px\" \/><\/a>&#8220;Mutxamel. VI Muestra de Empresas, Mercado Medieval y VII Aplec de Sonadors 2011&#8221;<\/p>\n<p dir=\"ltr\"><a href=\"http:\/\/elviajerovirtual.blogspot.com\/2011\/09\/mtxamel-vi-muestra-de-empresas-mercado.html\" target=\"_blank\">http:\/\/elviajerovirtual.blogspot.com\/2011\/09\/mtxamel-vi-muestra-de-empresas-mercado.html<\/a><\/p>\n<p>&nbsp;<\/p>\n<p><em><strong>\u00a0VILLAJOYOSA<\/strong><\/em><\/p>\n<p style=\"text-align: center\"><a href=\"https:\/\/blogs.ua.es\/turismoculturalprovinciaalicante\/files\/2012\/01\/url.jpg\" target=\"_blank\"><img loading=\"lazy\" decoding=\"async\" class=\"aligncenter size-full wp-image-195\" src=\"https:\/\/blogs.ua.es\/turismoculturalprovinciaalicante\/files\/2012\/01\/url.jpg\" alt=\"Villajoyosa arqueol\u00f3gica\" width=\"320\" height=\"318\" srcset=\"https:\/\/blogs.ua.es\/turismoculturalprovinciaalicante\/files\/2012\/01\/url.jpg 320w, https:\/\/blogs.ua.es\/turismoculturalprovinciaalicante\/files\/2012\/01\/url-150x150.jpg 150w, https:\/\/blogs.ua.es\/turismoculturalprovinciaalicante\/files\/2012\/01\/url-300x298.jpg 300w\" sizes=\"auto, (max-width: 320px) 100vw, 320px\" \/><\/a>Exposici\u00f3n del museo del MARQ sobre Villajoyosa.<\/p>\n<p style=\"text-align: center\"><a href=\"https:\/\/blogs.ua.es\/turismoculturalprovinciaalicante\/files\/2012\/01\/kjhnbvgfcdx.jpg\" target=\"_blank\"><img loading=\"lazy\" decoding=\"async\" class=\"aligncenter size-full wp-image-196\" src=\"https:\/\/blogs.ua.es\/turismoculturalprovinciaalicante\/files\/2012\/01\/kjhnbvgfcdx.jpg\" alt=\"Playa de Villajoyosa\" width=\"500\" height=\"323\" srcset=\"https:\/\/blogs.ua.es\/turismoculturalprovinciaalicante\/files\/2012\/01\/kjhnbvgfcdx.jpg 500w, https:\/\/blogs.ua.es\/turismoculturalprovinciaalicante\/files\/2012\/01\/kjhnbvgfcdx-300x193.jpg 300w\" sizes=\"auto, (max-width: 500px) 100vw, 500px\" \/><\/a>Playa de Alicante-Villajoyosa.<\/p>\n<p>&nbsp;<\/p>\n<p><em><strong>CALLOSA DE SEGURA<\/strong><\/em><\/p>\n<p style=\"text-align: center\"><a href=\"https:\/\/blogs.ua.es\/turismoculturalprovinciaalicante\/files\/2012\/01\/url1.jpg\" target=\"_blank\"><img loading=\"lazy\" decoding=\"async\" class=\"aligncenter size-full wp-image-233\" src=\"https:\/\/blogs.ua.es\/turismoculturalprovinciaalicante\/files\/2012\/01\/url1.jpg\" alt=\"Callosa de Segura tur\u00edstica\" width=\"300\" height=\"301\" srcset=\"https:\/\/blogs.ua.es\/turismoculturalprovinciaalicante\/files\/2012\/01\/url1.jpg 300w, https:\/\/blogs.ua.es\/turismoculturalprovinciaalicante\/files\/2012\/01\/url1-150x150.jpg 150w, https:\/\/blogs.ua.es\/turismoculturalprovinciaalicante\/files\/2012\/01\/url1-299x300.jpg 299w\" sizes=\"auto, (max-width: 300px) 100vw, 300px\" \/><\/a>&#8220;Callosa de Segura declarada municipio tur\u00edstico&#8221;<\/p>\n<p style=\"text-align: center\"><a href=\"https:\/\/blogs.ua.es\/turismoculturalprovinciaalicante\/files\/2012\/01\/kjhgf.jpg\" target=\"_blank\"><img loading=\"lazy\" decoding=\"async\" class=\"aligncenter size-full wp-image-234\" src=\"https:\/\/blogs.ua.es\/turismoculturalprovinciaalicante\/files\/2012\/01\/kjhgf.jpg\" alt=\"Castillo \u00e1rabe de Callosa de Segura\" width=\"500\" height=\"324\" srcset=\"https:\/\/blogs.ua.es\/turismoculturalprovinciaalicante\/files\/2012\/01\/kjhgf.jpg 500w, https:\/\/blogs.ua.es\/turismoculturalprovinciaalicante\/files\/2012\/01\/kjhgf-300x194.jpg 300w\" sizes=\"auto, (max-width: 500px) 100vw, 500px\" \/><\/a>Castillo \u00e1rabe de Callosa de Segura<\/p>\n<p style=\"text-align: left\"><em><strong>BANYERES DE MARIOLA<\/strong><\/em><\/p>\n<p style=\"text-align: center\"><a href=\"https:\/\/blogs.ua.es\/turismoculturalprovinciaalicante\/files\/2012\/01\/Vista-Nocturna.jpg\" target=\"_blank\"><img loading=\"lazy\" decoding=\"async\" class=\"aligncenter size-medium wp-image-285\" src=\"https:\/\/blogs.ua.es\/turismoculturalprovinciaalicante\/files\/2012\/01\/Vista-Nocturna-300x205.jpg\" alt=\"Vista nocturna de Banyeres de Mariola\" width=\"300\" height=\"205\" srcset=\"https:\/\/blogs.ua.es\/turismoculturalprovinciaalicante\/files\/2012\/01\/Vista-Nocturna-300x205.jpg 300w, https:\/\/blogs.ua.es\/turismoculturalprovinciaalicante\/files\/2012\/01\/Vista-Nocturna-1024x702.jpg 1024w, https:\/\/blogs.ua.es\/turismoculturalprovinciaalicante\/files\/2012\/01\/Vista-Nocturna.jpg 1200w\" sizes=\"auto, (max-width: 300px) 100vw, 300px\" \/><\/a>Vista nocturna del castillo de Banyeres de Mariola<\/p>\n<p style=\"text-align: center\"><a href=\"https:\/\/blogs.ua.es\/turismoculturalprovinciaalicante\/files\/2012\/01\/CASTELL-BANYERES-NEU.jpg\" target=\"_blank\"><img loading=\"lazy\" decoding=\"async\" class=\"aligncenter size-full wp-image-286\" src=\"https:\/\/blogs.ua.es\/turismoculturalprovinciaalicante\/files\/2012\/01\/CASTELL-BANYERES-NEU.jpg\" alt=\"Imagen de Banyeres de Mariola nevado\" width=\"448\" height=\"326\" srcset=\"https:\/\/blogs.ua.es\/turismoculturalprovinciaalicante\/files\/2012\/01\/CASTELL-BANYERES-NEU.jpg 448w, https:\/\/blogs.ua.es\/turismoculturalprovinciaalicante\/files\/2012\/01\/CASTELL-BANYERES-NEU-300x218.jpg 300w\" sizes=\"auto, (max-width: 448px) 100vw, 448px\" \/><\/a>Banyeres de Mariona nevado<\/p>\n<p style=\"text-align: left\"><em><strong>CALPE<\/strong><\/em><\/p>\n<p style=\"text-align: center\"><a href=\"https:\/\/blogs.ua.es\/turismoculturalprovinciaalicante\/files\/2012\/01\/url2.jpg\" target=\"_blank\"><img loading=\"lazy\" decoding=\"async\" class=\"aligncenter size-full wp-image-305\" src=\"https:\/\/blogs.ua.es\/turismoculturalprovinciaalicante\/files\/2012\/01\/url2.jpg\" alt=\"Playa Levante de Calpe\" width=\"542\" height=\"316\" srcset=\"https:\/\/blogs.ua.es\/turismoculturalprovinciaalicante\/files\/2012\/01\/url2.jpg 542w, https:\/\/blogs.ua.es\/turismoculturalprovinciaalicante\/files\/2012\/01\/url2-300x174.jpg 300w\" sizes=\"auto, (max-width: 542px) 100vw, 542px\" \/><\/a>Calpe, un paraiso en la Costablanca<\/p>\n<p style=\"text-align: center\"><a href=\"https:\/\/blogs.ua.es\/turismoculturalprovinciaalicante\/files\/2012\/01\/lkjhgfds.jpg\" target=\"_blank\"><img loading=\"lazy\" decoding=\"async\" class=\"aligncenter size-full wp-image-306\" src=\"https:\/\/blogs.ua.es\/turismoculturalprovinciaalicante\/files\/2012\/01\/lkjhgfds.jpg\" alt=\"Torre de la Pe\u00e7a en Calpe\" width=\"399\" height=\"266\" srcset=\"https:\/\/blogs.ua.es\/turismoculturalprovinciaalicante\/files\/2012\/01\/lkjhgfds.jpg 399w, https:\/\/blogs.ua.es\/turismoculturalprovinciaalicante\/files\/2012\/01\/lkjhgfds-300x200.jpg 300w\" sizes=\"auto, (max-width: 399px) 100vw, 399px\" \/><\/a>Torre de la Pe\u00e7a<\/p>\n<p style=\"text-align: left\"><em><strong>SAX<\/strong><\/em><\/p>\n<p style=\"text-align: center\"><a href=\"https:\/\/blogs.ua.es\/turismoculturalprovinciaalicante\/files\/2012\/01\/url3.jpg\" target=\"_blank\"><img loading=\"lazy\" decoding=\"async\" class=\"aligncenter size-full wp-image-337\" src=\"https:\/\/blogs.ua.es\/turismoculturalprovinciaalicante\/files\/2012\/01\/url3.jpg\" alt=\"Castillo de San Blas\" width=\"386\" height=\"290\" srcset=\"https:\/\/blogs.ua.es\/turismoculturalprovinciaalicante\/files\/2012\/01\/url3.jpg 690w, https:\/\/blogs.ua.es\/turismoculturalprovinciaalicante\/files\/2012\/01\/url3-300x224.jpg 300w\" sizes=\"auto, (max-width: 386px) 100vw, 386px\" \/><\/a>Castillo de San Blas en Sax<\/p>\n<p style=\"text-align: center\"><a href=\"https:\/\/blogs.ua.es\/turismoculturalprovinciaalicante\/files\/2012\/01\/lkjhg.jpg\" target=\"_blank\"><img loading=\"lazy\" decoding=\"async\" class=\"aligncenter size-full wp-image-338\" src=\"https:\/\/blogs.ua.es\/turismoculturalprovinciaalicante\/files\/2012\/01\/lkjhg.jpg\" alt=\"Logo tur\u00edstico de Sax\" width=\"288\" height=\"379\" srcset=\"https:\/\/blogs.ua.es\/turismoculturalprovinciaalicante\/files\/2012\/01\/lkjhg.jpg 320w, https:\/\/blogs.ua.es\/turismoculturalprovinciaalicante\/files\/2012\/01\/lkjhg-228x300.jpg 228w\" sizes=\"auto, (max-width: 288px) 100vw, 288px\" \/><\/a>&#8220;Crean este logo tur\u00edstico de Sax para atraer al turismo&#8221;<\/p>\n","protected":false},"excerpt":{"rendered":"<p>En esta p\u00e1gina vamos a mostrar como a trav\u00e9s de una serie de im\u00e1genes podemos establecer una idea m\u00e1s clara de lo que es el turismo cultural que se puede dar en toda la provincia de Alicante, ya que muchas &hellip; <a href=\"https:\/\/blogs.ua.es\/turismoculturalprovinciaalicante\/galeria-fotografica\/\">Continue reading <span class=\"meta-nav\">&rarr;<\/span><\/a><\/p>\n","protected":false},"author":2457,"featured_media":0,"parent":0,"menu_order":5,"comment_status":"open","ping_status":"open","template":"","meta":{"footnotes":""},"class_list":["post-172","page","type-page","status-publish","hentry"],"_links":{"self":[{"href":"https:\/\/blogs.ua.es\/turismoculturalprovinciaalicante\/wp-json\/wp\/v2\/pages\/172","targetHints":{"allow":["GET"]}}],"collection":[{"href":"https:\/\/blogs.ua.es\/turismoculturalprovinciaalicante\/wp-json\/wp\/v2\/pages"}],"about":[{"href":"https:\/\/blogs.ua.es\/turismoculturalprovinciaalicante\/wp-json\/wp\/v2\/types\/page"}],"author":[{"embeddable":true,"href":"https:\/\/blogs.ua.es\/turismoculturalprovinciaalicante\/wp-json\/wp\/v2\/users\/2457"}],"replies":[{"embeddable":true,"href":"https:\/\/blogs.ua.es\/turismoculturalprovinciaalicante\/wp-json\/wp\/v2\/comments?post=172"}],"version-history":[{"count":16,"href":"https:\/\/blogs.ua.es\/turismoculturalprovinciaalicante\/wp-json\/wp\/v2\/pages\/172\/revisions"}],"predecessor-version":[{"id":346,"href":"https:\/\/blogs.ua.es\/turismoculturalprovinciaalicante\/wp-json\/wp\/v2\/pages\/172\/revisions\/346"}],"wp:attachment":[{"href":"https:\/\/blogs.ua.es\/turismoculturalprovinciaalicante\/wp-json\/wp\/v2\/media?parent=172"}],"curies":[{"name":"wp","href":"https:\/\/api.w.org\/{rel}","templated":true}]}}