{"id":21,"date":"2011-12-22T09:41:50","date_gmt":"2011-12-22T09:41:50","guid":{"rendered":"https:\/\/blogs.ua.es\/turismoculturalprovinciaalicante\/?page_id=21"},"modified":"2011-12-22T18:39:59","modified_gmt":"2011-12-22T18:39:59","slug":"pagina-de-presentacion","status":"publish","type":"page","link":"https:\/\/blogs.ua.es\/turismoculturalprovinciaalicante\/pagina-de-presentacion\/","title":{"rendered":"P\u00e1gina de presentaci\u00f3n"},"content":{"rendered":"<p style=\"text-align: justify\">Este blog esta creado por las alumnas; <strong>Cristina Romera T\u00e9bar <\/strong>y<strong> Andrea Rosado Abad<\/strong>, del Grado en Geograf\u00eda y Ordenaci\u00f3n del Territorio de 1\u00ba de carrera, de la <strong><a title=\"Universidad de Alicante\" href=\"http:\/\/www.ua.es\" target=\"_blank\">Universidad de Alicante<\/a><\/strong>.<\/p>\n<p style=\"text-align: justify\">Este blog se ha creado a partir de la asignatura, Fuentes y Documentos para la Historia, de la parte dirigida por el profesor, Antonio Carrasco.<\/p>\n<p style=\"text-align: justify\">El <strong>motivo<\/strong> por el cual hemos seleccionado este tema, es porque lo consideramos de un gran inter\u00e9s, ya que tras estudiar el turismo en la provincia de <strong><a title=\"Alicante\" href=\"http:\/\/maps.google.es\/maps?q=alicante&amp;um=1&amp;ie=UTF-8&amp;hq=&amp;hnear=0xd623662d742628d:0x402af6ed721d5c0,Alacant&amp;gl=es&amp;ei=7PryTsiFN4OEOrP_nJ0B&amp;sa=X&amp;oi=geocode_result&amp;ct=title&amp;resnum=1&amp;ved=0CC4Q8gEwAA\" target=\"_blank\">Alicante<\/a><\/strong>, podemos llegar a comprender toda la cultura que esta ciudad presenta, adem\u00e1s de poder conocer todos los lugares de inter\u00e9s asociados a dicha provincia.<\/p>\n<p style=\"text-align: justify\">Esperamos que os guste.<\/p>\n","protected":false},"excerpt":{"rendered":"<p>Este blog esta creado por las alumnas; Cristina Romera T\u00e9bar y Andrea Rosado Abad, del Grado en Geograf\u00eda y Ordenaci\u00f3n del Territorio de 1\u00ba de carrera, de la Universidad de Alicante. Este blog se ha creado a partir de la &hellip; <a href=\"https:\/\/blogs.ua.es\/turismoculturalprovinciaalicante\/pagina-de-presentacion\/\">Continue reading <span class=\"meta-nav\">&rarr;<\/span><\/a><\/p>\n","protected":false},"author":2433,"featured_media":0,"parent":0,"menu_order":2,"comment_status":"open","ping_status":"open","template":"","meta":{"footnotes":""},"class_list":["post-21","page","type-page","status-publish","hentry"],"_links":{"self":[{"href":"https:\/\/blogs.ua.es\/turismoculturalprovinciaalicante\/wp-json\/wp\/v2\/pages\/21","targetHints":{"allow":["GET"]}}],"collection":[{"href":"https:\/\/blogs.ua.es\/turismoculturalprovinciaalicante\/wp-json\/wp\/v2\/pages"}],"about":[{"href":"https:\/\/blogs.ua.es\/turismoculturalprovinciaalicante\/wp-json\/wp\/v2\/types\/page"}],"author":[{"embeddable":true,"href":"https:\/\/blogs.ua.es\/turismoculturalprovinciaalicante\/wp-json\/wp\/v2\/users\/2433"}],"replies":[{"embeddable":true,"href":"https:\/\/blogs.ua.es\/turismoculturalprovinciaalicante\/wp-json\/wp\/v2\/comments?post=21"}],"version-history":[{"count":2,"href":"https:\/\/blogs.ua.es\/turismoculturalprovinciaalicante\/wp-json\/wp\/v2\/pages\/21\/revisions"}],"predecessor-version":[{"id":35,"href":"https:\/\/blogs.ua.es\/turismoculturalprovinciaalicante\/wp-json\/wp\/v2\/pages\/21\/revisions\/35"}],"wp:attachment":[{"href":"https:\/\/blogs.ua.es\/turismoculturalprovinciaalicante\/wp-json\/wp\/v2\/media?parent=21"}],"curies":[{"name":"wp","href":"https:\/\/api.w.org\/{rel}","templated":true}]}}