{"id":26,"date":"2011-12-22T18:35:08","date_gmt":"2011-12-22T18:35:08","guid":{"rendered":"https:\/\/blogs.ua.es\/turismoculturalprovinciaalicante\/?page_id=26"},"modified":"2011-12-27T12:51:39","modified_gmt":"2011-12-27T12:51:39","slug":"metodologia","status":"publish","type":"page","link":"https:\/\/blogs.ua.es\/turismoculturalprovinciaalicante\/metodologia\/","title":{"rendered":"Metodolog\u00eda"},"content":{"rendered":"<p style=\"text-align: justify\" dir=\"ltr\">La metodolog\u00eda que hemos seguido para poder buscar la informaci\u00f3n de este blog, ha derivado de b\u00fasquedas en Internet, en cat\u00e1logos de revistas, en revistas completas, en folletos informativos, etc&#8230; ya que estas son las fuentes en las que m\u00e1s informaci\u00f3n se nos proporciona sobre este tema.A la hora de hablar de las referencias que van a aparecer en este blog,vamos a mostrar a continuaci\u00f3n una serie de plantillas reguladas por la normativa ISO 690:2010 (English), en las que nos hemos basado, para hacer dicha referenciaci\u00f3n.<\/p>\n<p style=\"text-align: justify\" dir=\"ltr\"><strong>Articulos de \u00a0revistas;<\/strong> (Autor\/es de la contribuci\u00f3n) APELLIDOS, Nombre. T\u00edtulo del art\u00edculo. <em>T\u00edtulo de la revista.<\/em> (Localizaci\u00f3n de la parte en el n\u00famero de la revista) A\u00f1o, <strong>volumen<\/strong> (n\u00ba), pp. ISNN.<\/p>\n<p style=\"text-align: justify\" dir=\"ltr\"><strong>Libros electr\u00f3nicos;<\/strong> APELLIDOS, Nombre. <em>T\u00edtulo<\/em> [en l\u00ednea]. Lugar de publicaci\u00f3n; editor, fecha de publicaci\u00f3n [Consulta: fecha de consulta]. Formato (pdf, etc), tama\u00f1o del fichero (MB). Disponible en: http;\/\/<\/p>\n<p style=\"text-align: justify\" dir=\"ltr\"><strong>Revista en l\u00ednea;<\/strong><\/p>\n<p style=\"text-align: justify\" dir=\"ltr\">1.Modelo de revista de un paquete de revistas electr\u00f3nicas con una base de datos com\u00fan;\u00a0 <em>T\u00edtulo<\/em> [en l\u00ednea]. Lugar de edici\u00f3n: editor, fecha de publicaci\u00f3n, volumen, n\u00famero [consulta: fecha de consulta]. Nombre de la base de datos. ISSN. Disponible en: http:\/\/<\/p>\n<p style=\"text-align: justify\" dir=\"ltr\">2.Modelo de revista con acceso en l\u00ednea individualizado; <em>T\u00edtulo<\/em> [en l\u00ednea]. Lugar de edici\u00f3n: editor, fecha de publicaci\u00f3n, volumen, n\u00famero [consulta: fecha de consulta]. ISSN. Disponible en: http:\/\/<\/p>\n<p style=\"text-align: justify\" dir=\"ltr\"><strong>Art\u00edculo de revista en l\u00ednea;<\/strong> (Autor\/es del art\u00edculo) APELLIDOS, Nombre. T\u00edtulo del art\u00edculo.<em> T\u00edtulo de la revista<\/em> [en l\u00ednea]. Lugar: editor, fecha de publicaci\u00f3n, volumen, n\u00famero [consulta: fecha de consulta]. ISSN. Disponible en: http:\/\/<\/p>\n<p style=\"text-align: justify\" dir=\"ltr\"><strong>Sitio web;<\/strong> <em>T\u00edtulo de la web<\/em>. Editor, a\u00f1o [consulta: fecha de consulta]. Disponible en: http:\/\/<\/p>\n<p style=\"text-align: justify\" dir=\"ltr\"><strong>Parte de un sitio web;<\/strong><\/p>\n<p style=\"text-align: justify\" dir=\"ltr\">-Ejemplo de la p\u00e1gina sin autor o autor colectivo (ejem.: art\u00edculo de wikipedia):\u00a0 T\u00edtulo de la p\u00e1gina. <em>T\u00edtulo del sitio web<\/em> [en l\u00ednea]. Fecha y hora de edici\u00f3n o actualizaci\u00f3n [consulta: fecha de consulta]. Disponible en: http:\/\/<\/p>\n<p style=\"text-align: justify\" dir=\"ltr\">-Ejemplo de p\u00e1gina o parte de un sitio web con autor:\u00a0 APELLIDOS, Nombre. T\u00edtulo de la p\u00e1gina o la parte. En: <em>T\u00edtulo del sitio web<\/em> [en l\u00ednea]. Fecha y hora de edici\u00f3n [consulta: fecha y hora de consulta]. Disponible en: http:\/\/<\/p>\n<p style=\"text-align: justify\" dir=\"ltr\">Cabe mencionar tambi\u00e9n que a partir de todas estas referencias estableceremos una breve cr\u00edtica, junto con un peque\u00f1o resumen y una opini\u00f3n personal acerca de todos los contenidos.<\/p>\n","protected":false},"excerpt":{"rendered":"<p>La metodolog\u00eda que hemos seguido para poder buscar la informaci\u00f3n de este blog, ha derivado de b\u00fasquedas en Internet, en cat\u00e1logos de revistas, en revistas completas, en folletos informativos, etc&#8230; ya que estas son las fuentes en las que m\u00e1s &hellip; <a href=\"https:\/\/blogs.ua.es\/turismoculturalprovinciaalicante\/metodologia\/\">Continue reading <span class=\"meta-nav\">&rarr;<\/span><\/a><\/p>\n","protected":false},"author":2457,"featured_media":0,"parent":0,"menu_order":3,"comment_status":"open","ping_status":"open","template":"","meta":{"footnotes":""},"class_list":["post-26","page","type-page","status-publish","hentry"],"_links":{"self":[{"href":"https:\/\/blogs.ua.es\/turismoculturalprovinciaalicante\/wp-json\/wp\/v2\/pages\/26","targetHints":{"allow":["GET"]}}],"collection":[{"href":"https:\/\/blogs.ua.es\/turismoculturalprovinciaalicante\/wp-json\/wp\/v2\/pages"}],"about":[{"href":"https:\/\/blogs.ua.es\/turismoculturalprovinciaalicante\/wp-json\/wp\/v2\/types\/page"}],"author":[{"embeddable":true,"href":"https:\/\/blogs.ua.es\/turismoculturalprovinciaalicante\/wp-json\/wp\/v2\/users\/2457"}],"replies":[{"embeddable":true,"href":"https:\/\/blogs.ua.es\/turismoculturalprovinciaalicante\/wp-json\/wp\/v2\/comments?post=26"}],"version-history":[{"count":6,"href":"https:\/\/blogs.ua.es\/turismoculturalprovinciaalicante\/wp-json\/wp\/v2\/pages\/26\/revisions"}],"predecessor-version":[{"id":102,"href":"https:\/\/blogs.ua.es\/turismoculturalprovinciaalicante\/wp-json\/wp\/v2\/pages\/26\/revisions\/102"}],"wp:attachment":[{"href":"https:\/\/blogs.ua.es\/turismoculturalprovinciaalicante\/wp-json\/wp\/v2\/media?parent=26"}],"curies":[{"name":"wp","href":"https:\/\/api.w.org\/{rel}","templated":true}]}}