{"id":43,"date":"2011-12-22T19:13:08","date_gmt":"2011-12-22T19:13:08","guid":{"rendered":"https:\/\/blogs.ua.es\/turismoculturalprovinciaalicante\/?page_id=43"},"modified":"2012-01-12T09:28:24","modified_gmt":"2012-01-12T09:28:24","slug":"descripcion-del-blog","status":"publish","type":"page","link":"https:\/\/blogs.ua.es\/turismoculturalprovinciaalicante\/descripcion-del-blog\/","title":{"rendered":"Descripci\u00f3n del blog"},"content":{"rendered":"<p style=\"text-align: justify\" dir=\"ltr\">El tema que vamos a abarcar en este blog es el turismo cultural que se da en la provincia de Alicante, y que en la actualidad se conoce que representa uno de los mayores atractivos de la misma.<\/p>\n<p style=\"text-align: justify\" dir=\"ltr\">Para ello, vamos a mostrar por una parte, en l\u00edneas generales, en que consiste este tipo de turismo, mencionado sobretodo como se desarrolla y el tipo de repercusi\u00f3n que tiene. Por otra parte tambi\u00e9n indagaremos en cuales son los sitios que m\u00e1s valor cultural representan en Alicante, y adem\u00e1s hablaremos sobre las curiosidades que presentan los mismos.<\/p>\n<p style=\"text-align: justify\" dir=\"ltr\">Nos apoyaremos para ello en v\u00eddeos, im\u00e1genes, art\u00edculos, etc&#8230;que nos proporcionen una mayor informaci\u00f3n sobre este tema.<\/p>\n<p style=\"text-align: justify\" dir=\"ltr\">Incluiremos tambi\u00e9n en este blog, algunas de las rutas m\u00e1s caracter\u00edsticas que presenta\u00a0 dicho turismo cultural, como tambi\u00e9n de las curiosidades que las mismas encierran.<\/p>\n<p dir=\"ltr\"><a href=\"https:\/\/blogs.ua.es\/turismoculturalprovinciaalicante\/files\/2011\/12\/21.jpg\" target=\"_blank\"><img loading=\"lazy\" decoding=\"async\" class=\"alignnone size-full wp-image-44\" src=\"https:\/\/blogs.ua.es\/turismoculturalprovinciaalicante\/files\/2011\/12\/21.jpg\" alt=\"&quot;El castillo de Santa B\u00e1rbara&quot;\" width=\"570\" height=\"300\" srcset=\"https:\/\/blogs.ua.es\/turismoculturalprovinciaalicante\/files\/2011\/12\/21.jpg 570w, https:\/\/blogs.ua.es\/turismoculturalprovinciaalicante\/files\/2011\/12\/21-300x157.jpg 300w\" sizes=\"auto, (max-width: 570px) 100vw, 570px\" \/><\/a><\/p>\n","protected":false},"excerpt":{"rendered":"<p>El tema que vamos a abarcar en este blog es el turismo cultural que se da en la provincia de Alicante, y que en la actualidad se conoce que representa uno de los mayores atractivos de la misma. Para ello, &hellip; <a href=\"https:\/\/blogs.ua.es\/turismoculturalprovinciaalicante\/descripcion-del-blog\/\">Continue reading <span class=\"meta-nav\">&rarr;<\/span><\/a><\/p>\n","protected":false},"author":2457,"featured_media":0,"parent":0,"menu_order":4,"comment_status":"open","ping_status":"open","template":"","meta":{"footnotes":""},"class_list":["post-43","page","type-page","status-publish","hentry"],"_links":{"self":[{"href":"https:\/\/blogs.ua.es\/turismoculturalprovinciaalicante\/wp-json\/wp\/v2\/pages\/43","targetHints":{"allow":["GET"]}}],"collection":[{"href":"https:\/\/blogs.ua.es\/turismoculturalprovinciaalicante\/wp-json\/wp\/v2\/pages"}],"about":[{"href":"https:\/\/blogs.ua.es\/turismoculturalprovinciaalicante\/wp-json\/wp\/v2\/types\/page"}],"author":[{"embeddable":true,"href":"https:\/\/blogs.ua.es\/turismoculturalprovinciaalicante\/wp-json\/wp\/v2\/users\/2457"}],"replies":[{"embeddable":true,"href":"https:\/\/blogs.ua.es\/turismoculturalprovinciaalicante\/wp-json\/wp\/v2\/comments?post=43"}],"version-history":[{"count":8,"href":"https:\/\/blogs.ua.es\/turismoculturalprovinciaalicante\/wp-json\/wp\/v2\/pages\/43\/revisions"}],"predecessor-version":[{"id":46,"href":"https:\/\/blogs.ua.es\/turismoculturalprovinciaalicante\/wp-json\/wp\/v2\/pages\/43\/revisions\/46"}],"wp:attachment":[{"href":"https:\/\/blogs.ua.es\/turismoculturalprovinciaalicante\/wp-json\/wp\/v2\/media?parent=43"}],"curies":[{"name":"wp","href":"https:\/\/api.w.org\/{rel}","templated":true}]}}