{"id":55,"date":"2011-12-23T15:22:24","date_gmt":"2011-12-23T15:22:24","guid":{"rendered":"https:\/\/blogs.ua.es\/turismoculturalprovinciaalicante\/?page_id=55"},"modified":"2012-01-16T15:17:25","modified_gmt":"2012-01-16T15:17:25","slug":"valoracion-personal","status":"publish","type":"page","link":"https:\/\/blogs.ua.es\/turismoculturalprovinciaalicante\/valoracion-personal\/","title":{"rendered":"Valoraci\u00f3n personal"},"content":{"rendered":"<p style=\"text-align: justify\">Aqu\u00ed expondremos una <strong>breve conclusi\u00f3n<\/strong> acerca de este blog y de toda la informaci\u00f3n que hemos elaborado a partir del mismo.<\/p>\n<p style=\"text-align: justify\">Primero nos cabe mencionar, que el trabajar en este blog ha sido algo bastante satisfactorio, ya que la experiencia de elaborar el mismo es bastante interesante y entretenida.<\/p>\n<p style=\"text-align: justify\">Por otra parte, en lo referido al tema que nos ha tocado tratar, aparte de mencionar la complejidad que el mismo presenta, ya que abarca numerosas cosas, nos ha resultado bastante interesante ya que ha sido un modo de aproximarnos a nuestra localidad y conocer a trav\u00e9s del turismo que es uno de sus rasgos primordiales, todos los secretos que la misma abarca y todos sus lugares de inter\u00e9s.<\/p>\n<p style=\"text-align: justify\">Por lo tanto, la <strong>valoraci\u00f3n<\/strong> que sacamos <em>en conjunto<\/em> de todo este mini &#8220;proyecto&#8221; que ha sido la elaboraci\u00f3n de este blog, es bastante positiva debido al inter\u00e9s que el mismo acarrea.<\/p>\n<p style=\"text-align: justify\"><em><strong>Esperamos que os haya gustado nuestro blog. Que disfrut\u00e9is del mismo.<\/strong><\/em><\/p>\n","protected":false},"excerpt":{"rendered":"<p>Aqu\u00ed expondremos una breve conclusi\u00f3n acerca de este blog y de toda la informaci\u00f3n que hemos elaborado a partir del mismo. Primero nos cabe mencionar, que el trabajar en este blog ha sido algo bastante satisfactorio, ya que la experiencia &hellip; <a href=\"https:\/\/blogs.ua.es\/turismoculturalprovinciaalicante\/valoracion-personal\/\">Continue reading <span class=\"meta-nav\">&rarr;<\/span><\/a><\/p>\n","protected":false},"author":2433,"featured_media":0,"parent":0,"menu_order":11,"comment_status":"open","ping_status":"open","template":"","meta":{"footnotes":""},"class_list":["post-55","page","type-page","status-publish","hentry"],"_links":{"self":[{"href":"https:\/\/blogs.ua.es\/turismoculturalprovinciaalicante\/wp-json\/wp\/v2\/pages\/55","targetHints":{"allow":["GET"]}}],"collection":[{"href":"https:\/\/blogs.ua.es\/turismoculturalprovinciaalicante\/wp-json\/wp\/v2\/pages"}],"about":[{"href":"https:\/\/blogs.ua.es\/turismoculturalprovinciaalicante\/wp-json\/wp\/v2\/types\/page"}],"author":[{"embeddable":true,"href":"https:\/\/blogs.ua.es\/turismoculturalprovinciaalicante\/wp-json\/wp\/v2\/users\/2433"}],"replies":[{"embeddable":true,"href":"https:\/\/blogs.ua.es\/turismoculturalprovinciaalicante\/wp-json\/wp\/v2\/comments?post=55"}],"version-history":[{"count":8,"href":"https:\/\/blogs.ua.es\/turismoculturalprovinciaalicante\/wp-json\/wp\/v2\/pages\/55\/revisions"}],"predecessor-version":[{"id":430,"href":"https:\/\/blogs.ua.es\/turismoculturalprovinciaalicante\/wp-json\/wp\/v2\/pages\/55\/revisions\/430"}],"wp:attachment":[{"href":"https:\/\/blogs.ua.es\/turismoculturalprovinciaalicante\/wp-json\/wp\/v2\/media?parent=55"}],"curies":[{"name":"wp","href":"https:\/\/api.w.org\/{rel}","templated":true}]}}