{"id":2,"date":"2011-11-18T08:38:07","date_gmt":"2011-11-18T08:38:07","guid":{"rendered":"https:\/\/blogs.ua.es\/turismoruralalicante\/?page_id=2"},"modified":"2011-12-30T12:23:08","modified_gmt":"2011-12-30T12:23:08","slug":"pagina-ejemplo","status":"publish","type":"page","link":"https:\/\/blogs.ua.es\/turismoruralalicante\/pagina-ejemplo\/","title":{"rendered":"P\u00e1gina de presentaci\u00f3n"},"content":{"rendered":"<p style=\"text-align: justify\">Este blog est\u00e1 realizado por Cristina Pla Segura y Blanca Vera Gonz\u00e1lez. Alumnas de la Universidad de Alicante. En \u00e9l se podr\u00e1 encontrar diferentes lugares del turismo rural en nuestra provincia.<\/p>\n<p style=\"text-align: justify\"><em>\u201cAntes de existir el mar, la tierra y el cielo, continentes de todo, exist\u00eda el Caos. Al mundo a\u00fan no lo iluminaba el Sol. La Luna no estaba todav\u00eda sujeta a sus vicisitudes. En el vac\u00edo, no se encontraba todav\u00eda suspendida la Tierra, o tal vez quieta por su propio peso. No se conoc\u00edan las riberas de los mares. El aire y el agua se confund\u00edan con la tierra, que todav\u00eda no hab\u00eda conseguido solidez. Todo era uniforme. Al fr\u00edo se opon\u00eda el calor. Lo seco a lo h\u00famedo. El cuerpo duro se hincaba en el blando. Lo pensado era ligero a la vez. Dios, o la Naturaleza, puso fin a estos desprop\u00f3sitos, y separo al cielo de la tierra, a \u00e9sta de las aguas y al aire pesado del cielo pur\u00edsimo. Y, as\u00ed, el Caos de ser. Dios puso a cada cuerpo en el lugar que le correspond\u00eda y estableci\u00f3 las leyes que hab\u00eda que regirlos. El fuego, que es el m\u00e1s ligero de los elementos, ocup\u00f3 la regi\u00f3n m\u00e1s elevada. M\u00e1s abajo, el aire. La Tierra, encontrada en su equilibrio, la m\u00e1s profunda.<\/em><\/p>\n<p style=\"text-align: justify\"><em>Hecha aquella primera divisi\u00f3n, Dios redonde\u00f3 la superficie de la Tierra y puso l\u00edmites a airado mar. En seguida, a\u00f1adi\u00f3 las fuentes, los estanques, los lagos, los r\u00edos, corrientes por la tierra y devorados por el oc\u00e9ano. El mand\u00f3 extenderse a los campo, cubrirse de hojas a los \u00e1rboles, elevarse a los montes y a los valles hundirse. Y as\u00ed como Cielo estaba dividido en cinco zonas \u2013dos a la derecha, dos a la izquierda y una en el centro, que es el m\u00e1s ardiente-, asimismo qued\u00f3 dividido el Universo. De las cinco zonas, las dos de los extremos qued\u00f3 inhabitable por el <strong>fuego<\/strong>; las dos de los extremos quedaron envueltas en nieves; \u00fanicamente las centrales ofrecieron templanza a la Vida. Sobre \u00e9stas se elev\u00f3 el <strong>aire,<\/strong> m\u00e1s pesado que el fuego, pero menos que el <strong>agua y la tierra<\/strong>; y en \u00e9l se dieron las nubes, la niebla espesa, los truenos que espantan a los hombres, los vientos que forman las vor\u00e1gines y los granizos. El Autor del mundo estableci\u00f3 la armon\u00eda en esta regi\u00f3n: sin ella se hubieran deshecho entre s\u00ed los elementos\u201d<\/em><\/p>\n<p style=\"text-align: justify\"><em>\u00a0OVIDIO: Metamorfosis\u00a0<\/em><\/p>\n","protected":false},"excerpt":{"rendered":"<p>Este blog est\u00e1 realizado por Cristina Pla Segura y Blanca Vera Gonz\u00e1lez. Alumnas de la Universidad de Alicante. En \u00e9l se podr\u00e1 encontrar diferentes lugares del turismo rural en nuestra provincia. \u201cAntes de existir el mar, la tierra y el &hellip; <a href=\"https:\/\/blogs.ua.es\/turismoruralalicante\/pagina-ejemplo\/\">Continue reading <span class=\"meta-nav\">&rarr;<\/span><\/a><\/p>\n","protected":false},"author":2334,"featured_media":0,"parent":0,"menu_order":0,"comment_status":"open","ping_status":"open","template":"","meta":{"footnotes":""},"class_list":["post-2","page","type-page","status-publish","hentry"],"_links":{"self":[{"href":"https:\/\/blogs.ua.es\/turismoruralalicante\/wp-json\/wp\/v2\/pages\/2","targetHints":{"allow":["GET"]}}],"collection":[{"href":"https:\/\/blogs.ua.es\/turismoruralalicante\/wp-json\/wp\/v2\/pages"}],"about":[{"href":"https:\/\/blogs.ua.es\/turismoruralalicante\/wp-json\/wp\/v2\/types\/page"}],"author":[{"embeddable":true,"href":"https:\/\/blogs.ua.es\/turismoruralalicante\/wp-json\/wp\/v2\/users\/2334"}],"replies":[{"embeddable":true,"href":"https:\/\/blogs.ua.es\/turismoruralalicante\/wp-json\/wp\/v2\/comments?post=2"}],"version-history":[{"count":2,"href":"https:\/\/blogs.ua.es\/turismoruralalicante\/wp-json\/wp\/v2\/pages\/2\/revisions"}],"predecessor-version":[{"id":28,"href":"https:\/\/blogs.ua.es\/turismoruralalicante\/wp-json\/wp\/v2\/pages\/2\/revisions\/28"}],"wp:attachment":[{"href":"https:\/\/blogs.ua.es\/turismoruralalicante\/wp-json\/wp\/v2\/media?parent=2"}],"curies":[{"name":"wp","href":"https:\/\/api.w.org\/{rel}","templated":true}]}}