{"id":30,"date":"2011-12-30T12:28:51","date_gmt":"2011-12-30T12:28:51","guid":{"rendered":"https:\/\/blogs.ua.es\/turismoruralalicante\/?page_id=30"},"modified":"2011-12-30T12:31:14","modified_gmt":"2011-12-30T12:31:14","slug":"videos","status":"publish","type":"page","link":"https:\/\/blogs.ua.es\/turismoruralalicante\/videos\/","title":{"rendered":"Videos"},"content":{"rendered":"<p><code>[kml_flashembed movie=\"http:\/\/www.youtube.com\/v\/UxJpnB77S7I\" width=\"425\" height=\"350\" wmode=\"transparent\" \/]<\/code><\/p>\n<p><code><\/code>Oferta tur\u00edstica del interior de la provincia de Alicante, concretamente de Biar.<\/p>\n<p><code>[kml_flashembed movie=\"http:\/\/www.youtube.com\/v\/vfv_O98APgw\" width=\"425\" height=\"350\" wmode=\"transparent\" \/]<\/code><\/p>\n<p>Benissili es uno de los 8 n\u00facleos de poblaci\u00f3n que conforman la Vall de Gallinera, un estrecho corredor natural rodeado por abruptas monta\u00f1as que conduce desde el interior del norte de Alicante hacia el mar Mediterr\u00e1neo.<\/p>\n<p>&nbsp;<\/p>\n","protected":false},"excerpt":{"rendered":"<p>[kml_flashembed movie=&#8221;http:\/\/www.youtube.com\/v\/UxJpnB77S7I&#8221; width=&#8221;425&#8243; height=&#8221;350&#8243; wmode=&#8221;transparent&#8221; \/] Oferta tur\u00edstica del interior de la provincia de Alicante, concretamente de Biar. [kml_flashembed movie=&#8221;http:\/\/www.youtube.com\/v\/vfv_O98APgw&#8221; width=&#8221;425&#8243; height=&#8221;350&#8243; wmode=&#8221;transparent&#8221; \/] Benissili es uno de los 8 n\u00facleos de poblaci\u00f3n que conforman la Vall de Gallinera, un &hellip; <a href=\"https:\/\/blogs.ua.es\/turismoruralalicante\/videos\/\">Continue reading <span class=\"meta-nav\">&rarr;<\/span><\/a><\/p>\n","protected":false},"author":2334,"featured_media":0,"parent":0,"menu_order":0,"comment_status":"open","ping_status":"open","template":"","meta":{"footnotes":""},"class_list":["post-30","page","type-page","status-publish","hentry"],"_links":{"self":[{"href":"https:\/\/blogs.ua.es\/turismoruralalicante\/wp-json\/wp\/v2\/pages\/30","targetHints":{"allow":["GET"]}}],"collection":[{"href":"https:\/\/blogs.ua.es\/turismoruralalicante\/wp-json\/wp\/v2\/pages"}],"about":[{"href":"https:\/\/blogs.ua.es\/turismoruralalicante\/wp-json\/wp\/v2\/types\/page"}],"author":[{"embeddable":true,"href":"https:\/\/blogs.ua.es\/turismoruralalicante\/wp-json\/wp\/v2\/users\/2334"}],"replies":[{"embeddable":true,"href":"https:\/\/blogs.ua.es\/turismoruralalicante\/wp-json\/wp\/v2\/comments?post=30"}],"version-history":[{"count":3,"href":"https:\/\/blogs.ua.es\/turismoruralalicante\/wp-json\/wp\/v2\/pages\/30\/revisions"}],"predecessor-version":[{"id":32,"href":"https:\/\/blogs.ua.es\/turismoruralalicante\/wp-json\/wp\/v2\/pages\/30\/revisions\/32"}],"wp:attachment":[{"href":"https:\/\/blogs.ua.es\/turismoruralalicante\/wp-json\/wp\/v2\/media?parent=30"}],"curies":[{"name":"wp","href":"https:\/\/api.w.org\/{rel}","templated":true}]}}