{"id":34,"date":"2011-12-30T12:39:39","date_gmt":"2011-12-30T12:39:39","guid":{"rendered":"https:\/\/blogs.ua.es\/turismoruralalicante\/?page_id=34"},"modified":"2012-01-18T10:09:27","modified_gmt":"2012-01-18T10:09:27","slug":"metodologia","status":"publish","type":"page","link":"https:\/\/blogs.ua.es\/turismoruralalicante\/metodologia\/","title":{"rendered":"Metodolog\u00eda"},"content":{"rendered":"<p style=\"text-align: justify\">El\u00a0objetivo\u00a0de este blog es aportar\u00a0informaci\u00f3n sobre\u00a0lugares de la provincia de alicante con\u00a0inter\u00e9s\u00a0tur\u00edstico asociados al\u00a0\u00e1mbito\u00a0rural. Parra ello hemos buscado\u00a0informaci\u00f3n\u00a0en\u00a0art\u00edculos\u00a0de revistas, en libros relacionados con el tema, y en\u00a0Internet.<\/p>\n<p style=\"text-align: justify\">La informaci\u00f3n recogida aparece referenciada de la siguiente forma.<\/p>\n<p style=\"text-align: justify\"><strong>Publicaciones en serie (revista completa):<\/strong><\/p>\n<p style=\"text-align: justify\"><strong><\/strong>T\u00edtulo de la revista. Responsabilidad. A\u00f1o de inicio-A\u00f1o de cierre. ISSN.<\/p>\n<p style=\"text-align: justify\"><strong>Art\u00edculos de revistas:<\/strong><\/p>\n<p style=\"text-align: justify\"><strong><\/strong>(Autor\/es de la contribuci\u00f3n) APELLIDOS, Nombre. T\u00edtulo del art\u00edculo. T\u00edtulo de la revista.\u00a0(Localizaci\u00f3n de la parte en el n\u00famero de la revista) A\u00f1o, volumen (n\u00ba), pp. ISSN.<\/p>\n<p style=\"text-align: justify\"><strong>Monograf\u00edas:<\/strong><\/p>\n<p style=\"text-align: justify\"><strong><\/strong>APELLIDOS, Nombre1. T\u00edtulo. (Otros colaboradores). Edici\u00f3n. Lugar: Editor, a\u00f1o.\u00a0Extensi\u00f3n (opcional).(Serie; n\u00ba). ISBN.<\/p>\n<p style=\"text-align: justify\"><strong>Parte de una monograf\u00eda:<\/strong><\/p>\n<p style=\"text-align: justify\"><strong><\/strong>(Autor\/res de la parte) APELLIDOS, Nombre. T\u00edtulo de la parte. En: T\u00edtulo de la obra\u00a0completa. Edici\u00f3n. Lugar de edici\u00f3n: editor, a\u00f1o, pp. (P\u00e1ginas). ISBN.<\/p>\n","protected":false},"excerpt":{"rendered":"<p>El\u00a0objetivo\u00a0de este blog es aportar\u00a0informaci\u00f3n sobre\u00a0lugares de la provincia de alicante con\u00a0inter\u00e9s\u00a0tur\u00edstico asociados al\u00a0\u00e1mbito\u00a0rural. Parra ello hemos buscado\u00a0informaci\u00f3n\u00a0en\u00a0art\u00edculos\u00a0de revistas, en libros relacionados con el tema, y en\u00a0Internet. La informaci\u00f3n recogida aparece referenciada de la siguiente forma. Publicaciones en serie (revista &hellip; <a href=\"https:\/\/blogs.ua.es\/turismoruralalicante\/metodologia\/\">Continue reading <span class=\"meta-nav\">&rarr;<\/span><\/a><\/p>\n","protected":false},"author":2334,"featured_media":0,"parent":0,"menu_order":0,"comment_status":"open","ping_status":"open","template":"","meta":{"footnotes":""},"class_list":["post-34","page","type-page","status-publish","hentry"],"_links":{"self":[{"href":"https:\/\/blogs.ua.es\/turismoruralalicante\/wp-json\/wp\/v2\/pages\/34","targetHints":{"allow":["GET"]}}],"collection":[{"href":"https:\/\/blogs.ua.es\/turismoruralalicante\/wp-json\/wp\/v2\/pages"}],"about":[{"href":"https:\/\/blogs.ua.es\/turismoruralalicante\/wp-json\/wp\/v2\/types\/page"}],"author":[{"embeddable":true,"href":"https:\/\/blogs.ua.es\/turismoruralalicante\/wp-json\/wp\/v2\/users\/2334"}],"replies":[{"embeddable":true,"href":"https:\/\/blogs.ua.es\/turismoruralalicante\/wp-json\/wp\/v2\/comments?post=34"}],"version-history":[{"count":6,"href":"https:\/\/blogs.ua.es\/turismoruralalicante\/wp-json\/wp\/v2\/pages\/34\/revisions"}],"predecessor-version":[{"id":97,"href":"https:\/\/blogs.ua.es\/turismoruralalicante\/wp-json\/wp\/v2\/pages\/34\/revisions\/97"}],"wp:attachment":[{"href":"https:\/\/blogs.ua.es\/turismoruralalicante\/wp-json\/wp\/v2\/media?parent=34"}],"curies":[{"name":"wp","href":"https:\/\/api.w.org\/{rel}","templated":true}]}}