{"id":67,"date":"2012-01-18T12:55:36","date_gmt":"2012-01-18T12:55:36","guid":{"rendered":"https:\/\/blogs.ua.es\/turronjijona\/?page_id=67"},"modified":"2012-01-18T12:55:36","modified_gmt":"2012-01-18T12:55:36","slug":"presentacion-general-del-tema","status":"publish","type":"page","link":"https:\/\/blogs.ua.es\/turronjijona\/presentacion-general-del-tema\/","title":{"rendered":"Presentaci\u00f3n general del tema"},"content":{"rendered":"<p>&nbsp;<\/p>\n<p>\u00a0\u00a0\u00a0\u00a0Este blog trata de hacer un recorrido por la historia del turr\u00f3n en la provincia de Alicante desde sus origenes en la ocupaci\u00f3n \u00c1rabe de la peninsula en el siglo VI dC hasta nuestros d\u00edas.<\/p>\n<p><a href=\"https:\/\/blogs.ua.es\/turronjijona\/files\/2012\/01\/turron1.jpg\"><img loading=\"lazy\" decoding=\"async\" class=\"aligncenter size-medium wp-image-68\" src=\"https:\/\/blogs.ua.es\/turronjijona\/files\/2012\/01\/turron1-300x222.jpg\" alt=\"\" width=\"300\" height=\"222\" srcset=\"https:\/\/blogs.ua.es\/turronjijona\/files\/2012\/01\/turron1-300x222.jpg 300w, https:\/\/blogs.ua.es\/turronjijona\/files\/2012\/01\/turron1-150x111.jpg 150w, https:\/\/blogs.ua.es\/turronjijona\/files\/2012\/01\/turron1-400x297.jpg 400w, https:\/\/blogs.ua.es\/turronjijona\/files\/2012\/01\/turron1.jpg 440w\" sizes=\"auto, (max-width: 300px) 100vw, 300px\" \/><\/a><\/p>\n","protected":false},"excerpt":{"rendered":"<p>&nbsp; \u00a0\u00a0\u00a0\u00a0Este blog trata de hacer un recorrido por la historia del turr\u00f3n en la provincia de Alicante desde sus origenes en la ocupaci\u00f3n \u00c1rabe de la peninsula en el siglo VI dC hasta nuestros d\u00edas.<\/p>\n","protected":false},"author":2398,"featured_media":0,"parent":0,"menu_order":0,"comment_status":"open","ping_status":"open","template":"","meta":{"footnotes":""},"class_list":["post-67","page","type-page","status-publish","hentry"],"_links":{"self":[{"href":"https:\/\/blogs.ua.es\/turronjijona\/wp-json\/wp\/v2\/pages\/67","targetHints":{"allow":["GET"]}}],"collection":[{"href":"https:\/\/blogs.ua.es\/turronjijona\/wp-json\/wp\/v2\/pages"}],"about":[{"href":"https:\/\/blogs.ua.es\/turronjijona\/wp-json\/wp\/v2\/types\/page"}],"author":[{"embeddable":true,"href":"https:\/\/blogs.ua.es\/turronjijona\/wp-json\/wp\/v2\/users\/2398"}],"replies":[{"embeddable":true,"href":"https:\/\/blogs.ua.es\/turronjijona\/wp-json\/wp\/v2\/comments?post=67"}],"version-history":[{"count":1,"href":"https:\/\/blogs.ua.es\/turronjijona\/wp-json\/wp\/v2\/pages\/67\/revisions"}],"predecessor-version":[{"id":69,"href":"https:\/\/blogs.ua.es\/turronjijona\/wp-json\/wp\/v2\/pages\/67\/revisions\/69"}],"wp:attachment":[{"href":"https:\/\/blogs.ua.es\/turronjijona\/wp-json\/wp\/v2\/media?parent=67"}],"curies":[{"name":"wp","href":"https:\/\/api.w.org\/{rel}","templated":true}]}}