{"id":138,"date":"2012-06-13T11:41:03","date_gmt":"2012-06-13T09:41:03","guid":{"rendered":"https:\/\/uayuda.ua.es\/?page_id=99"},"modified":"2024-01-22T14:22:39","modified_gmt":"2024-01-22T12:22:39","slug":"eleccion-de-estudios","status":"publish","type":"page","link":"https:\/\/blogs.ua.es\/uayuda\/estudiantes\/eleccion-de-estudios\/","title":{"rendered":"Elecci\u00f3n de estudios"},"content":{"rendered":"<p style=\"text-align: left\">Para comenzar, asumimos que <strong>las creencias<\/strong> que ya tienes sobre tus propias capacidades de alcanzar el \u00e9xito en tus estudios son las fuerzas m\u00e1s <strong>motivadoras<\/strong> que existen para predecir el \u00e9xito o fracaso en los estudios que te propones comenzar ahora. Tu sentimiento de Autoeficacia es determinante para afrontar las situaciones que vas a encontrar en la Universidad, de manera que una buena Autoeficacia predice un buen rendimiento acad\u00e9mico.<\/p>\n<p style=\"text-align: left\">Pi\u00e9nsalo bien y te dar\u00e1s cuenta de lo que decimos.<\/p>\n<p style=\"padding-left: 30px;text-align: left\">Por ejemplo, si recuerdo <strong>lo mal que me sal\u00edan las matem\u00e1ticas<\/strong>, lo poco que me gustaban y lo mal que me lo hac\u00eda pasar el profesor, en primaria y en secundaria, entonces mis creencias sobre mis capacidades en matem\u00e1ticas para la universidad ser\u00e1n de fracaso y de disgusto.\u00a0En conclusi\u00f3n, mejor no escoger\u00e9 unos estudios con mucho contenido matem\u00e1tico.<\/p>\n<p style=\"padding-left: 30px;text-align: left\">Si por el contrario, <strong>mi profesor de ingl\u00e9s me animaba y alagaba en clase<\/strong>, sus clases eran divertidas, yo sacaba buenas notas y disfrutaba mucho siempre que pod\u00eda hablar con alguien en ingl\u00e9s, pues escoger una carrera como Filolog\u00eda Inglesa puede resultarme muy atractivo y satisfactorio, porque\u00a0 mi motivaci\u00f3n ser\u00e1 muy alta y mi autoeficacia percibida tambi\u00e9n.<\/p>\n<p><img loading=\"lazy\" decoding=\"async\" class=\"size-full wp-image-96 aligncenter\" src=\"https:\/\/blogs.ua.es\/uayuda\/files\/2017\/10\/notaselectividad12.jpg\" alt=\"\" width=\"230\" height=\"210\" \/><\/p>\n<p style=\"text-align: left\">Adem\u00e1s influye el <strong>apoyo recibido<\/strong> en casa, incluida tu situaci\u00f3n econ\u00f3mica, y otros <strong>factores personales<\/strong> que tienen que ver con la forma de <strong>autorregularte en las tareas, de tus habilidades y aptitudes espec\u00edficas<\/strong> para la rama de estudios que elijas.<\/p>\n<ol>\n<li>Aclara tus intereses y preferencias sobre los estudios y las profesiones. Realiza cuestionarios de orientaci\u00f3n vocacional en tu instituto.<\/li>\n<li>En tu instituto, participa en todas las charlas informativas y actividades que se programen para conocer estudios universitarios y otros superiores y profesiones.<\/li>\n<\/ol>\n<blockquote>\n<ul>\n<li>acude a visitas a f\u00e1bricas (ver el <a title=\"Cuaderno del alumno en visitas a f\u00e1bricas\" href=\"http:\/\/www.cece.gva.es\/eva\/docs\/orientacion\/cuaderno_alumno_cas_2011_2012.pdf\" target=\"_blank\" rel=\"noopener\">cuaderno del alumno de la Conseller\u00eda de Educaci\u00f3n de la G.V<\/a>) ,<\/li>\n<li>conoce instrumentos y herramientas,<\/li>\n<li>conoce el mundo econ\u00f3mico y productivo que te rodea,<\/li>\n<li>pregunta a conocidos que ya est\u00e1n trabajando o estudiando,<\/li>\n<li>acude a las visitas organizadas a la universidad (<a title=\"Visitas alumnos secundaria\" href=\"http:\/\/sa.ua.es\/es\/selectividad\/actividades-de-orientacion-con-los-centros-de-secundaria\/programa-de-visitas-a-la-universidad-de-alicante.html\" target=\"_blank\" rel=\"noopener\">programa de visitas en la Universidad de Alicante<\/a>),<\/li>\n<\/ul>\n<\/blockquote>\n<p>En ocasiones, incluso cuando todo pinta de color de rosa, hay estudiantes que tienen <strong>dificultades para tomar una decisi\u00f3n final<\/strong>. Entonces se habla de Indecisi\u00f3n Vocacional.<\/p>\n<p style=\"text-align: left\">Si cualquiera de estos aspectos te plantea dudas sobre si est\u00e1s en las mejores condiciones para elegir tus estudios, quiz\u00e1s necesites un psic\u00f3logo, un asesor vocacional del CAE.<\/p>\n<ul>\n<li><span class=\"Apple-style-span\">Si eres estudiante de la UA, para recibir asesoramiento personalizado accede a Apoyo Estudiantes, escoge en el men\u00fa, <strong><em>Asesoramiento Psicol\u00f3gico y Psicopedag\u00f3gico<\/em><\/strong> y cumplimenta los cuestionarios obligatorios y los opcionales que consideres.<br \/>\n<\/span><\/li>\n<\/ul>\n<ul>\n<li>Tambi\u00e9n puedes consultar unos <a title=\"Consejos breves para elegir una Carrera Universitaria\" href=\"https:\/\/blogs.ua.es\/uayuda\/2012\/03\/consejos-breves-para-elegir-una-carrera-universitaria\/\">consejos breves sobre la elecci\u00f3n de estudios<\/a>.<\/li>\n<li>Consulta la <a title=\"Oferta Titulaciones Universitarias MEC\" href=\"https:\/\/www.educacion.gob.es\/notasdecorte\/jsp\/compBdDo.do\" target=\"_blank\" rel=\"noopener\">Oferta de Titulaciones en el territorio nacional a trav\u00e9s del MEC<\/a><\/li>\n<li>Si resides en la Comunidad Valenciana puedes visitar el sitio <a title=\"Quiero ser \" href=\"http:\/\/www.quieroser.net\/principal.php\" target=\"_blank\" rel=\"noopener\">Quieroser.net<\/a>, de la Generalitat Valenciana<\/li>\n<\/ul>\n<div id=\"stcpDiv\">\n<p>En TED \u2013 Ideas que merecen la pena ser difundidas &#8211; encontrar\u00e1s una charla de<\/p>\n<ul>\n<li><a title=\"Omar Villalobos en TED - Es posible lo imposible\" href=\"http:\/\/www.youtube.com\/watch?v=UgYcQUgDBPc\" target=\"_blank\" rel=\"noopener\">Omar Villalobos sobre &#8220;Es posible lo imposible&#8221;<\/a>, donde recibir\u00e1s una buena dosis de \u00e1nimos para comenzar lo que te propongas<\/li>\n<\/ul>\n<\/div>\n<p>&nbsp;<\/p>\n","protected":false},"excerpt":{"rendered":"<p>Para comenzar, asumimos que las creencias que ya tienes sobre tus propias capacidades de alcanzar el \u00e9xito en tus estudios son las fuerzas m\u00e1s motivadoras que existen para predecir el \u00e9xito o fracaso en los estudios que te propones comenzar ahora. Tu sentimiento de Autoeficacia es determinante para afrontar las situaciones que vas a encontrar &hellip; <\/p>\n<p class=\"link-more\"><a href=\"https:\/\/blogs.ua.es\/uayuda\/estudiantes\/eleccion-de-estudios\/\" class=\"more-link\">Continue reading<span class=\"screen-reader-text\"> &#8220;Elecci\u00f3n de estudios&#8221;<\/span><\/a><\/p>\n","protected":false},"author":4277,"featured_media":0,"parent":133,"menu_order":0,"comment_status":"closed","ping_status":"closed","template":"","meta":{"footnotes":""},"class_list":["post-138","page","type-page","status-publish","hentry"],"_links":{"self":[{"href":"https:\/\/blogs.ua.es\/uayuda\/wp-json\/wp\/v2\/pages\/138","targetHints":{"allow":["GET"]}}],"collection":[{"href":"https:\/\/blogs.ua.es\/uayuda\/wp-json\/wp\/v2\/pages"}],"about":[{"href":"https:\/\/blogs.ua.es\/uayuda\/wp-json\/wp\/v2\/types\/page"}],"author":[{"embeddable":true,"href":"https:\/\/blogs.ua.es\/uayuda\/wp-json\/wp\/v2\/users\/4277"}],"replies":[{"embeddable":true,"href":"https:\/\/blogs.ua.es\/uayuda\/wp-json\/wp\/v2\/comments?post=138"}],"version-history":[{"count":2,"href":"https:\/\/blogs.ua.es\/uayuda\/wp-json\/wp\/v2\/pages\/138\/revisions"}],"predecessor-version":[{"id":2848,"href":"https:\/\/blogs.ua.es\/uayuda\/wp-json\/wp\/v2\/pages\/138\/revisions\/2848"}],"up":[{"embeddable":true,"href":"https:\/\/blogs.ua.es\/uayuda\/wp-json\/wp\/v2\/pages\/133"}],"wp:attachment":[{"href":"https:\/\/blogs.ua.es\/uayuda\/wp-json\/wp\/v2\/media?parent=138"}],"curies":[{"name":"wp","href":"https:\/\/api.w.org\/{rel}","templated":true}]}}