{"id":392,"date":"2012-07-03T13:36:40","date_gmt":"2012-07-03T11:36:40","guid":{"rendered":"https:\/\/uayuda.ua.es\/?page_id=392"},"modified":"2024-01-22T14:29:29","modified_gmt":"2024-01-22T12:29:29","slug":"acerca-de","status":"publish","type":"page","link":"https:\/\/blogs.ua.es\/uayuda\/acerca-de\/","title":{"rendered":"Acerca de"},"content":{"rendered":"<p><strong>UAyuda <\/strong>es una iniciativa creada y mantenida desde el <a href=\"http:\/\/web.ua.es\/cae\"><strong>Centro de Apoyo al Estudiante (CAE)<\/strong><\/a> de la <a href=\"http:\/\/www.ua.es\"><strong>Universidad de Alicante<\/strong><\/a> como un espacio de recursos psicopedag\u00f3gicos para los miembros de la comunidad universitaria y, especialmente, para los estudiantes de la U.A.<\/p>\n<p><img loading=\"lazy\" decoding=\"async\" class=\"size-full wp-image-330 pull-left alignnone\" src=\"https:\/\/blogs.ua.es\/uayuda\/files\/2017\/10\/FOTOS2.gif\" alt=\"FOTOS2\" width=\"440\" height=\"200\" \/><\/p>\n<p>Coordinadores t\u00e9cnicos de UAyuda<\/p>\n<ul>\n<li>Domingo Mart\u00ednez<\/li>\n<\/ul>\n<p>&nbsp;<\/p>\n","protected":false},"excerpt":{"rendered":"<p>UAyuda es una iniciativa creada y mantenida desde el Centro de Apoyo al Estudiante (CAE) de la Universidad de Alicante como un espacio de recursos psicopedag\u00f3gicos para los miembros de la comunidad universitaria y, especialmente, para los estudiantes de la U.A. Coordinadores t\u00e9cnicos de UAyuda Domingo Mart\u00ednez &nbsp;<\/p>\n","protected":false},"author":4277,"featured_media":0,"parent":0,"menu_order":0,"comment_status":"closed","ping_status":"closed","template":"","meta":{"footnotes":""},"class_list":["post-392","page","type-page","status-publish","hentry"],"_links":{"self":[{"href":"https:\/\/blogs.ua.es\/uayuda\/wp-json\/wp\/v2\/pages\/392","targetHints":{"allow":["GET"]}}],"collection":[{"href":"https:\/\/blogs.ua.es\/uayuda\/wp-json\/wp\/v2\/pages"}],"about":[{"href":"https:\/\/blogs.ua.es\/uayuda\/wp-json\/wp\/v2\/types\/page"}],"author":[{"embeddable":true,"href":"https:\/\/blogs.ua.es\/uayuda\/wp-json\/wp\/v2\/users\/4277"}],"replies":[{"embeddable":true,"href":"https:\/\/blogs.ua.es\/uayuda\/wp-json\/wp\/v2\/comments?post=392"}],"version-history":[{"count":9,"href":"https:\/\/blogs.ua.es\/uayuda\/wp-json\/wp\/v2\/pages\/392\/revisions"}],"predecessor-version":[{"id":3424,"href":"https:\/\/blogs.ua.es\/uayuda\/wp-json\/wp\/v2\/pages\/392\/revisions\/3424"}],"wp:attachment":[{"href":"https:\/\/blogs.ua.es\/uayuda\/wp-json\/wp\/v2\/media?parent=392"}],"curies":[{"name":"wp","href":"https:\/\/api.w.org\/{rel}","templated":true}]}}