{"id":486,"date":"2012-09-07T09:01:26","date_gmt":"2012-09-07T07:01:26","guid":{"rendered":"https:\/\/uayuda.ua.es\/?page_id=486"},"modified":"2024-01-22T14:22:59","modified_gmt":"2024-01-22T12:22:59","slug":"consejos-de-profesores","status":"publish","type":"page","link":"https:\/\/blogs.ua.es\/uayuda\/estudiantes\/consejos-de-profesores\/","title":{"rendered":"Consejos de profesores"},"content":{"rendered":"<p>Profesores de la Universidad de Alicante nos dan algunas de las claves fundamentales para seguir sus asignaturas.<\/p>\n<p>\u00a1\u00a1 Visita a menudo esta p\u00e1gina si no quieres perd\u00e9rtelas !!<\/p>\n<h2><span style=\"color: #000000\">Profesores<\/span><\/h2>\n<ul>\n<li>Cristina Ba\u00f1\u00f3n<\/li>\n<li>Mar\u00eda del Carmen Tolosa<\/li>\n<li>Pilar Arques<\/li>\n<li>Pablo Gil<\/li>\n<\/ul>\n<h2><span style=\"color: #000000\">Asignaturas<\/span><\/h2>\n<p><a title=\"Contabilidad de Gesti\u00f3n con Cristina B.\" href=\"https:\/\/blogs.ua.es\/uayuda\/2012\/10\/contabilidad-de-gestion-con-cristina-b\/\">Contabilidad de Gesti\u00f3n<\/a> &#8211; ADE, TADE, DADE<\/p>\n<p><a title=\"Pilar Arques es profesora de Fundamentos de Programaci\u00f3n 1\" href=\"https:\/\/blogs.ua.es\/uayuda\/2012\/09\/pilar-arques-es-profesora-de-fundamentos-de-programacion-1\/\">Fundamentos de Programaci\u00f3n 1<\/a> &#8211; Inform\u00e1tica<\/p>\n<p><a title=\"Pol\u00edticas Instrumentales con Mari Carmen Tolosa\" href=\"https:\/\/blogs.ua.es\/uayuda\/2012\/10\/politicas-instrumentales-con-mari-carmen-tolosa\/\">Pol\u00edticas Instrumentales<\/a> &#8211; Econom\u00eda<\/p>\n<p><a title=\"Pablo Gil nos prepara para estudiar Redes de Computadores\" href=\"https:\/\/blogs.ua.es\/uayuda\/2012\/09\/pablo-gil-nos-prepara-para-estudiar-redes-de-computadores\/\">Redes de Computadores<\/a> &#8211; Inform\u00e1tica<\/p>\n","protected":false},"excerpt":{"rendered":"<p>Profesores de la Universidad de Alicante nos dan algunas de las claves fundamentales para seguir sus asignaturas. \u00a1\u00a1 Visita a menudo esta p\u00e1gina si no quieres perd\u00e9rtelas !! Profesores Cristina Ba\u00f1\u00f3n Mar\u00eda del Carmen Tolosa Pilar Arques Pablo Gil Asignaturas Contabilidad de Gesti\u00f3n &#8211; ADE, TADE, DADE Fundamentos de Programaci\u00f3n 1 &#8211; Inform\u00e1tica Pol\u00edticas Instrumentales &hellip; <\/p>\n<p class=\"link-more\"><a href=\"https:\/\/blogs.ua.es\/uayuda\/estudiantes\/consejos-de-profesores\/\" class=\"more-link\">Continue reading<span class=\"screen-reader-text\"> &#8220;Consejos de profesores&#8221;<\/span><\/a><\/p>\n","protected":false},"author":4277,"featured_media":0,"parent":133,"menu_order":3,"comment_status":"closed","ping_status":"closed","template":"","meta":{"footnotes":""},"class_list":["post-486","page","type-page","status-publish","hentry"],"_links":{"self":[{"href":"https:\/\/blogs.ua.es\/uayuda\/wp-json\/wp\/v2\/pages\/486","targetHints":{"allow":["GET"]}}],"collection":[{"href":"https:\/\/blogs.ua.es\/uayuda\/wp-json\/wp\/v2\/pages"}],"about":[{"href":"https:\/\/blogs.ua.es\/uayuda\/wp-json\/wp\/v2\/types\/page"}],"author":[{"embeddable":true,"href":"https:\/\/blogs.ua.es\/uayuda\/wp-json\/wp\/v2\/users\/4277"}],"replies":[{"embeddable":true,"href":"https:\/\/blogs.ua.es\/uayuda\/wp-json\/wp\/v2\/comments?post=486"}],"version-history":[{"count":3,"href":"https:\/\/blogs.ua.es\/uayuda\/wp-json\/wp\/v2\/pages\/486\/revisions"}],"predecessor-version":[{"id":3316,"href":"https:\/\/blogs.ua.es\/uayuda\/wp-json\/wp\/v2\/pages\/486\/revisions\/3316"}],"up":[{"embeddable":true,"href":"https:\/\/blogs.ua.es\/uayuda\/wp-json\/wp\/v2\/pages\/133"}],"wp:attachment":[{"href":"https:\/\/blogs.ua.es\/uayuda\/wp-json\/wp\/v2\/media?parent=486"}],"curies":[{"name":"wp","href":"https:\/\/api.w.org\/{rel}","templated":true}]}}