{"id":88,"date":"2012-01-12T09:23:48","date_gmt":"2012-01-12T09:23:48","guid":{"rendered":"https:\/\/blogs.ua.es\/urbanismoalicantexx\/?page_id=88"},"modified":"2012-01-12T09:23:48","modified_gmt":"2012-01-12T09:23:48","slug":"contextualizacion","status":"publish","type":"page","link":"https:\/\/blogs.ua.es\/urbanismoalicantexx\/contextualizacion\/","title":{"rendered":"Contextualizaci\u00f3n"},"content":{"rendered":"<div>\n<p style=\"text-align: justify\"><span style=\"color: #000000\">En esta p\u00e1gina se tratar\u00e1 de contextualizar de una manera global los procesos hist\u00f3rico-geogr\u00e1ficos que m\u00e1s influyeron en el urbanismo, centr\u00e1ndose en el europeo, espa\u00f1ol, valenciano y alicantino.<\/span><\/p>\n<h2 style=\"text-align: justify\">Industrializaci\u00f3n (1850-1930)<\/h2>\n<p style=\"text-align: justify\"><span style=\"color: #000000\">Con el auge de la industrializaci\u00f3n, los empresarios levantaron sus f\u00e1bricas en las afueras de las ciudades, esperando que la numerosa poblaci\u00f3n de la ciudad se uniera a sus filas de trabajadores. Sin embargo, lo que consiguieron fue generar un \u00e9xodo rural, que condujo a los innumerables campesinos y jornaleros desde el campo hacia esas mismas f\u00e1bricas, buscando una mejora en la calidad de sus vidas.<\/span><\/p>\n<p style=\"text-align: justify\"><span style=\"color: #000000\">Al trabajar en las ciudades, buscaron sitio para vivir en dichos lugares, pero las viviendas de las ciudades eran demasiado caras para las gentes venidas del campo y hubieron de reemplazarse en otro lugar. As\u00ed surgieron los barrios suburbanos, habitados por los obreros de las f\u00e1bricas, con un escaso nivel de renta y adquisici\u00f3n. La pobreza y las bajas condiciones laborales condicionaron el ambiente violento de estos barrios, en los que abundaba la hambruna, el alcohol, la indigencia y la enfermedad.<\/span><\/p>\n<p style=\"text-align: justify\"><span style=\"color: #000000\">En Espa\u00f1a esta ampliaci\u00f3n de las ciudades no se llevar\u00eda a cabo hasta mediados del siglo XIX, pero el grado de mayor intensidad de densificaci\u00f3n urbana suceder\u00eda en el periodo comprendido entre el fin de la Primera Guerra Mundial, en 1918, y el crac de la Bolsa de 1929.<\/span><\/p>\n<p style=\"text-align: justify\"><span style=\"color: #000000\">Las ciudades que m\u00e1s crecieron fueron Barcelona y Madrid, pero tambi\u00e9n otras poblaciones del Pa\u00eds Vasco, como Baracaldo, Bilbao o Sestao, de Catalu\u00f1a, como Tarrassa, Badalona, o Sabadell, de Andaluc\u00eda, como Sevilla o M\u00e1laga, de Asturias, como Mieres o Sama de Langreo, de Arag\u00f3n, como Zaragoza, y de Valencia, como la propia Valencia, Elda, Alcoy o Ibi.<\/span><\/p>\n<p style=\"text-align: justify\"><span style=\"color: #000000\">En la provincia de Alicante, como ya se ha comentado, diversas poblaciones recibieron ese incremento de la poblaci\u00f3n allegado por la industrializaci\u00f3n. La ciudad de Alicante, aunque en menor medida, tambi\u00e9n lo recibi\u00f3, con las industrias textil y alimentaria, que luego se sumaron a otras m\u00e1s. Por ello, la poblaci\u00f3n de Alicante anterior a la industrializaci\u00f3n (poco m\u00e1s de 31.000 habitantes en 1860) aument\u00f3 hasta poco m\u00e1s de 71.000 en 1930, es decir, un incremento de 40.000 habitantes en\u00a0solamente setenta a\u00f1os.<\/span><\/p>\n<p style=\"text-align: justify\"><span style=\"color: #000000\">No obstante, a mediados de la d\u00e9cada de 1930, un suceso frenar\u00eda la industrializaci\u00f3n, paralizar\u00eda en crecimiento demogr\u00e1fico y mermar\u00eda la poblaci\u00f3n, no s\u00f3lo de la ciudad alicantina, sino de toda Espa\u00f1a: la Guerra Civil Espa\u00f1ola.<\/span><\/p>\n<p style=\"text-align: justify\"><span style=\"color: #000000\">Para ahondar en el tema del desarrollo de la industria en este periodo se puede visitar el blog <em><a title=\"Industria del calzado en el valle del Vinalop\u00f3\" href=\"..\/..\/industriacalsatvallvinalopo\/\" target=\"_blank\"><span style=\"color: #000000\">Ind\u00fastria del cal\u00e7at a la vall del Vinalop\u00f3<\/span><\/a><\/em>.<\/span><\/p>\n<h2 style=\"text-align: justify\">Rep\u00fablica, Guerra Civil y franquismo (1931-1975)<\/h2>\n<div>\n<p style=\"text-align: justify\"><span style=\"color: #000000\">El crac del 29 afect\u00f3 a toda Europa y la sumi\u00f3 en una crisis que convulsion\u00f3 la situaci\u00f3n pol\u00edtica en gran parte del globo. Los fascismos y nacionalismos cobraron m\u00e1s fuerza y en Espa\u00f1a la \u201cdictablanda\u201d impuesta por el rey es derrocada pac\u00edficamente, de tal forma que Alfonso XIII abdica del trono y se exilia, junto al resto de la familia real, siendo proclamada la Segunda Rep\u00fablica espa\u00f1ola.<\/span><\/p>\n<p style=\"text-align: justify\"><span style=\"color: #000000\">Tres gobiernos se sucedieron en el poder hasta que los militares estacionados en \u00c1frica se levantaron en armas para frenar el avance de la izquierda en Espa\u00f1a, en 1936. Pronto, gran parte del Ej\u00e9rcito se uni\u00f3 al bando sublevado. Tres a\u00f1os despu\u00e9s, la Guerra Civil Espa\u00f1ola terminaba con la victoria de los nacionales, liderados en ese momento por el general Francisco Franco Bahamonde. Se iniciaba en este momento la dictadura franquista que durar\u00eda treinta y seis a\u00f1os.<\/span><\/p>\n<p style=\"text-align: justify\"><span style=\"color: #000000\">La ciudad de Alicante hab\u00eda pasado una Guerra Civil relativamente tranquila, con espor\u00e1dicos bombardeos, en total 71, uno de los cuales, perpetrado por la Legi\u00f3n C\u00f3ndor italiana, destruy\u00f3 el antiguo Mercado Central, en la creencia de que era un silo de armas. Un asedio fallido de la ciudad por parte de los sublevados nacionales y el fusilamiento del falangista Jos\u00e9 Antonio Primo de Rivera fueron otros hechos notables.<\/span><\/p>\n<p style=\"text-align: justify\"><span style=\"color: #000000\">Los veinte primeros a\u00f1os de nacionalsindicalismo y autarqu\u00eda en Alicante transcurrieron sin pena ni gloria, a pesar de los cientos de exiliados y retenidos por las represalias de los franquistas. A partir de los a\u00f1os sesenta, el <em>boom<\/em> tur\u00edstico de sol y playa afect\u00f3 sobremanera la costa levantina, las orillas valencianas en particular y las alicantinas en especial. Pueblos como El Campello o Benidorm sufrieron un cambio espectacular, pasando de ser peque\u00f1os pueblos pesqueros a grandes concentraciones tur\u00edsticas, con urbanizaciones, chalets, casas a pie de playa, chiringuitos y emplazamientos tur\u00edsticos de todo tipo.<\/span><\/p>\n<p style=\"text-align: justify\"><span style=\"color: #000000\">La poblaci\u00f3n de Alicante creci\u00f3 exponencialmente durante este per\u00edodo: de 101.000 habitantes en 1950 se pas\u00f3 a 121.000 en 1960, es decir, 20.000 habitantes m\u00e1s en tan solo diez a\u00f1os. Pero a\u00fan m\u00e1s espectacular fue el crecimiento entre 1960 y 1970, pasando de 121.000 a 181.500, es decir, 60.500 habitantes m\u00e1s en otros diez a\u00f1os. 80.500 en veinte a\u00f1os, en total. Ello se debi\u00f3 a la migraci\u00f3n de manchegos y andaluces, en busca de mejores condiciones de vida en el sector servicios, y de madrile\u00f1os, que buscaban un clima m\u00e1s apacible. Es en este periodo cuando se crean nuevos barrios en las \u00e1reas suburbanas, que ya se comentar\u00e1n en entradas m\u00e1s espec\u00edficas.<\/span><\/p>\n<p style=\"text-align: justify\"><span style=\"color: #000000\">Y as\u00ed continu\u00f3 el desarrollo demogr\u00e1fico, econ\u00f3mico y urbano de la ciudad de Alicante hasta 1975, a\u00f1o en que muere el dictador.<\/span><\/p>\n<p style=\"text-align: justify\"><span style=\"color: #000000\">Para ahondar en el conocimiento de los temas tratados en este apartado de antecedentes, se pueden visitar los blogs <em><a title=\"La Segunda Rep\u00fablica en Alicante\" href=\"..\/..\/segundarepublicaalicante\/\" target=\"_blank\"><span style=\"color: #000000\">La Segunda Rep\u00fablica en Alicante<\/span><\/a><\/em>, <em><a title=\"Turismo de masas en Alicante\" href=\"..\/..\/turismemassesalacant\" target=\"_blank\"><span style=\"color: #000000\">Turisme de masses a Alacant<\/span><\/a><\/em>, <em><a title=\"Franquismo y cine\" href=\"..\/..\/franquismocine\" target=\"_blank\"><span style=\"color: #000000\">Franquismo y cine<\/span><\/a>\u00a0<\/em>u <em><a title=\"Ocupaci\u00f3n del territorio en la costa de Alicante\" href=\"..\/..\/ocupacioterritoriocostaalacant\/\" target=\"_blank\"><span style=\"color: #000000\">Ocupaci\u00f3 del territori en la costa d\u2019Alacant<\/span><\/a><\/em>.<\/span><\/p>\n<h2 style=\"text-align: justify\">Transici\u00f3n pol\u00edtica y a\u00f1os noventa (1976-2000)<\/h2>\n<div>\n<p style=\"text-align: justify\"><span style=\"color: #000000\">Con la muerte de Franco en 1975 comienza una nueva etapa en la Historia pol\u00edtica del Estado espa\u00f1ol: la Transici\u00f3n pol\u00edtica hacia la democracia, una \u00e9poca cargada de tensi\u00f3n sociopol\u00edtica que desemboc\u00f3, tras el Gobierno provisional, en el poder de U.C.D. (Uni\u00f3n de Centro Democr\u00e1tico) al mando de Adolfo Su\u00e1rez, ex alto cargo de la Falange y de la antigua Radio Televisi\u00f3n Espa\u00f1ola, que es remodelada para frenar el poder de involucionistas y nost\u00e1lgicos.<\/span><\/p>\n<p style=\"text-align: justify\"><span style=\"color: #000000\">Cobran fuerza los partidos de izquierdas, como el Partido Comunista de Espa\u00f1a, que es legalizado para sorpresa de las Cortes, o el Partido Socialista Obrero Espa\u00f1ol, y los sindicatos, como U.G.T. (Uni\u00f3n General de Trabajadores), CC.OO. (Comisiones Obreras), U.S.O. (Uni\u00f3n Sindical Obrera, U.S.O.-P.V. en el Pa\u00eds Valenciano), T.A.I. (Trabajadores Autogestionarios Independientes) o C.N.T. (Confederaci\u00f3n Nacional de Trabajadores). Finalmente, los espa\u00f1oles acudieron a las urnas, y los alicantinos votaron en su mayor\u00eda al P.S.O.E., seguido por U.C.D. y P.C.E.<\/span><\/p>\n<p style=\"text-align: justify\"><span style=\"color: #000000\">Adolfo Su\u00e1rez gobern\u00f3 Espa\u00f1a durante los siguientes\u00a0tres a\u00f1os, en los que sucedi\u00f3 la huelga de los taxistas en Alicante, que provoc\u00f3 grandes problemas en el tr\u00e1fico y una especie de peque\u00f1o golpe de Ayuntamiento, en el que el l\u00edder de Fuerza Nacional del Trabajo se hizo con la alcald\u00eda durante unas horas.<\/span><\/p>\n<p style=\"text-align: justify\"><span style=\"color: #000000\">No obstante, el suceso que marcar\u00eda la \u00e9poca de la Transici\u00f3n y la ca\u00edda de Uni\u00f3n de Centro Democr\u00e1tico fue el golpe de Estado del 23 de febrero de 1981, acaecido durante la\u00a0sesi\u00f3n de investidura de Leopoldo Calvo-Sotelo tras la dimisi\u00f3n de Su\u00e1rez y\u00a0perpetrado por un sector de las Fuerzas Armadas, encabezado por el capit\u00e1n general Jaime Milans del Bosch, el general Alfonso Armada y, en menor medida, el coronel de la Guardia Civil Antonio Tejero. La pretensi\u00f3n de derrocar la reci\u00e9n instaurada democracia fue disuadida y los sublevados se rindieron sin violencia, tras las poco menos de veinticuatro horas m\u00e1s tensas de la joven Historia de la democracia espa\u00f1ola.<\/span><\/p>\n<p style=\"text-align: justify\"><span style=\"color: #000000\">De esta \u00e9poca son las ramblas, construidas tras las riadas de los 80, y la Universidad, que comienza una ampliaci\u00f3n inmensa para abarcar m\u00e1s campos, carreras y materias.<\/span><\/p>\n<p style=\"text-align: justify\"><span style=\"color: #000000\">Las siguientes elecciones generales dieron la mayor\u00eda absoluta a un Partido Socialista Obrero Espa\u00f1ol dirigido por Felipe Gonz\u00e1lez, cuya \u00fanica oposici\u00f3n fue por parte de Alianza Popular (hoy Partido Popular). Hasta 1996 gobern\u00f3 Espa\u00f1a, pero diversos acontecimientos relacionados con la corrupci\u00f3n y con los G.A.L., todo\u00a0ello agravado por una profunda crisis econ\u00f3mica,\u00a0le hicieron perder esas \u00faltimas elecciones. Jos\u00e9 Mar\u00eda Aznar, candidato por el Partido Popular, se alz\u00f3 como presidente del Gobierno.<\/span><\/p>\n<p style=\"text-align: justify\"><span style=\"color: #000000\">Se redujeron las tasas de paro, se atenu\u00f3 la crisis y Espa\u00f1a pudo ser candidata a entrar en la Eurozona en 2002. Diversas leyes que favorec\u00edan la recalificaci\u00f3n del terreno y la industria inmobiliaria funcionaron como un resorte que gener\u00f3 una dependencia casi exclusiva por parte de la econom\u00eda espa\u00f1ola hacia el sector de la construcci\u00f3n, que fue el germen del agravamiento de la crisis que vivimos hoy en d\u00eda.<\/span><\/p>\n<p style=\"text-align: justify\"><span style=\"color: #000000\">En el \u00e1rea levantina se\u00a0not\u00f3 mucho m\u00e1s, con la construcci\u00f3n de m\u00e1s urbanizaciones, apartamentos, segundas residencias y complejos hoteleros, puesto que el turismo de sol y playa que ofrec\u00eda la costa mediterr\u00e1nea segu\u00eda en alza.<\/span><\/p>\n<p style=\"text-align: justify\"><span style=\"color: #000000\">Para\u00a0profundizar en el conocimiento de los temas aqu\u00ed expuestos se recomienda la visita de los blogs <em><a title=\"23-F: golpe de Estado\" href=\"..\/..\/23fgolpeestado\/\" target=\"_blank\"><span style=\"color: #000000\">23-F: golpe\u00a0de Estado<\/span><\/a> <\/em>y <em><a title=\"Movimientos juveniles durante la Transici\u00f3n pol\u00edtica\" href=\"..\/..\/movimentsjuvenilstransiciopolitica\/\" target=\"_blank\"><span style=\"color: #000000\">Moviments juvenils durant la Transici\u00f3 pol\u00edtica<\/span><\/a><\/em>. Adem\u00e1s es muy recomendable la visita del sitio web del <a title=\"Archivo de la Democracia de la Universidad de Alicante\" href=\"http:\/\/www.archivodemocracia.ua.es\/\" target=\"_blank\"><span style=\"color: #000000\">Archivo de la Democracia de la Universidad de Alicante<\/span><\/a>,\u00a0que proporcionar\u00e1 m\u00e1s informaci\u00f3n adicional y material\u00a0complementario.<\/span><\/p>\n<\/div>\n<\/div>\n<\/div>\n","protected":false},"excerpt":{"rendered":"<p>En esta p\u00e1gina se tratar\u00e1 de contextualizar de una manera global los procesos hist\u00f3rico-geogr\u00e1ficos que m\u00e1s influyeron en el urbanismo, centr\u00e1ndose en el europeo, espa\u00f1ol, valenciano y alicantino. Industrializaci\u00f3n (1850-1930) Con el auge de la industrializaci\u00f3n, los empresarios levantaron sus &hellip; <a href=\"https:\/\/blogs.ua.es\/urbanismoalicantexx\/contextualizacion\/\">Continue reading <span class=\"meta-nav\">&rarr;<\/span><\/a><\/p>\n","protected":false},"author":2464,"featured_media":0,"parent":0,"menu_order":7,"comment_status":"open","ping_status":"open","template":"","meta":{"footnotes":""},"class_list":["post-88","page","type-page","status-publish","hentry"],"_links":{"self":[{"href":"https:\/\/blogs.ua.es\/urbanismoalicantexx\/wp-json\/wp\/v2\/pages\/88","targetHints":{"allow":["GET"]}}],"collection":[{"href":"https:\/\/blogs.ua.es\/urbanismoalicantexx\/wp-json\/wp\/v2\/pages"}],"about":[{"href":"https:\/\/blogs.ua.es\/urbanismoalicantexx\/wp-json\/wp\/v2\/types\/page"}],"author":[{"embeddable":true,"href":"https:\/\/blogs.ua.es\/urbanismoalicantexx\/wp-json\/wp\/v2\/users\/2464"}],"replies":[{"embeddable":true,"href":"https:\/\/blogs.ua.es\/urbanismoalicantexx\/wp-json\/wp\/v2\/comments?post=88"}],"version-history":[{"count":2,"href":"https:\/\/blogs.ua.es\/urbanismoalicantexx\/wp-json\/wp\/v2\/pages\/88\/revisions"}],"predecessor-version":[{"id":91,"href":"https:\/\/blogs.ua.es\/urbanismoalicantexx\/wp-json\/wp\/v2\/pages\/88\/revisions\/91"}],"wp:attachment":[{"href":"https:\/\/blogs.ua.es\/urbanismoalicantexx\/wp-json\/wp\/v2\/media?parent=88"}],"curies":[{"name":"wp","href":"https:\/\/api.w.org\/{rel}","templated":true}]}}