{"id":123,"date":"2012-01-10T10:22:47","date_gmt":"2012-01-10T10:22:47","guid":{"rendered":"https:\/\/blogs.ua.es\/urbanismoelchesigloxx\/?page_id=123"},"modified":"2012-01-10T11:18:56","modified_gmt":"2012-01-10T11:18:56","slug":"recursos-de-informacion-consultados","status":"publish","type":"page","link":"https:\/\/blogs.ua.es\/urbanismoelchesigloxx\/recursos-de-informacion-consultados\/","title":{"rendered":"Recursos inform\u00e1ticos"},"content":{"rendered":"<p>En esta p\u00e1gina lo que pondremos ser\u00e1 todas los recurso de informaci\u00f3n que hemos consultado para realizar la b\u00fasqueda de informaci\u00f3n, al igual, que citaremos los libros, revistas, p\u00e1ginas web, etc de donde hemos sacado toda la informaci\u00f3n para el tema de nuestro blog.<\/p>\n<p>1.-Libros:<\/p>\n<p><strong>Gu\u00eda de la arquitectura y el urbanismo de la ciudad de Elche : Elche, diciembre de 1977, marzo de 1983 = guia de l&#8217;arquitectura i l&#8217;urbanisme de la ciutat d&#8217;Elx : Elx, desembre de 1977, mar\u00e7 de 1983<\/strong><br \/>\nJa\u00e9n i Urb\u00e1n, Gaspar<\/p>\n<div>\n<p><strong>Autor Principal:<\/strong> Ja\u00e9n i Urb\u00e1n, Gaspar<strong><\/strong><\/p>\n<p><strong>T\u00edtulo:<\/strong> Gu\u00eda de la arquitectura y el urbanismo de la ciudad de Elche : Elche, diciembre de 1977, marzo de 1983 = guia de l&#8217;arquitectura i l&#8217;urbanisme de la ciutat d&#8217;Elx : Elx, desembre de 1977, mar\u00e7 de 1983 \/ Gaspar Ja\u00e9n i Urban<\/p>\n<p><strong>T\u00edtulo Paralelo:<\/strong> Guia de l&#8217;arquitectura i l&#8217;urbanisme de la ciutat d&#8217;Elx : Elx, desembre de 1977, mar\u00e7 de 1983<\/p>\n<p><strong>Publicaci\u00f3n:<\/strong> Alicante : Colegio Oficial de Arquitectos de la Comunidad Valenciana, Demarcaci\u00f3n de Alicante [etc], 1989<\/p>\n<p><strong>Descripci\u00f3n F\u00edsica:<\/strong> v. &lt;1&gt;<\/p>\n<p><strong>Materia:<\/strong> Arquitectura &#8212; Alicante &#8212; Elche &#8212; Historia<\/p>\n<p><strong>Materia:<\/strong> Urbanismo &#8212; Alicante &#8212; Elche &#8212; Historia<\/p>\n<p><strong>Entidad Secundaria:<\/strong> Colegio Oficial de Arquitectos de la Comunidad Valenciana. Delegaci\u00f3n de Alicante<\/p>\n<\/div>\n<ul>\n<li>Otro de los libros consultados es el siguiente:<\/li>\n<\/ul>\n<p><strong>Evoluci\u00f3n urbana de la ciudad de Elche, 1900-1985<\/strong><br \/>\nSansano Gonz\u00e1lez, Victoria<\/p>\n<p><strong>Autor Principal: <\/strong>Sansano Gonz\u00e1lez, Victoria<\/p>\n<p><strong>T\u00edtulo:<\/strong> Evoluci\u00f3n urbana de la ciudad de Elche, 1900-1985 \/ Victoria Sansano Gonz\u00e1lez, Jos\u00e9 Ma Gavald\u00e1 Parre\u00f1o, Manuel P\u00e9rez Escobar<\/p>\n<p><strong>Publicaci\u00f3n:<\/strong> Elche : [S.n.], 1987<\/p>\n<p><strong>Descripci\u00f3n F\u00edsica:<\/strong> 1 v. : plan.<\/p>\n<p><strong>Nota General:<\/strong> Hojas sin numerar<\/p>\n<p><strong>Materia:<\/strong> Urbanismo &#8212; Alicante &#8212; Elche &#8212; Historia<\/p>\n<p><strong>Autor Secundario:<\/strong> Gavald\u00e1 Parre\u00f1o, Jos\u00e9 Ma<\/p>\n<p><strong>Autor Secundario:<\/strong> P\u00e9rez Escobar, Manuel<\/p>\n<p>2.-P\u00e1ginas web:<\/p>\n<p><a href=\"http:\/\/es.wikipedia.org\/wiki\/Wikipedia:Portada\">http:\/\/es.wikipedia.org\/wiki\/Wikipedia:Portada<\/a><\/p>\n<p><a href=\"http:\/\/www.elche.es\/ilive\/srv.ayuntamiento.urbanismo;jsessionid=3B8D8597A999FC7658CC622DA1132E56\">http:\/\/www.elche.es\/ilive\/srv.ayuntamiento.urbanismo;jsessionid=3B8D8597A999FC7658CC622DA1132E56<\/a><\/p>\n<p>3.-Documentos digitales:<\/p>\n<p><a href=\"https:\/\/blogs.ua.es\/urbanismoelchesigloxx\/files\/2012\/01\/PG-NORMA-REF-ENERO11.pdf\">PG-NORMA-REF-ENERO11<\/a><\/p>\n<p><a href=\"https:\/\/blogs.ua.es\/urbanismoelchesigloxx\/files\/2012\/01\/GestionUrbanaEstrategicaYDesarrolloLocalEnElche.pdf\">GestionUrbanaEstrategicaYDesarrolloLocalEnElche<\/a><\/p>\n<p>&nbsp;<\/p>\n<p>&nbsp;<\/p>\n<p>&nbsp;<\/p>\n<p>&nbsp;<\/p>\n<p>&nbsp;<\/p>\n<p>&nbsp;<\/p>\n","protected":false},"excerpt":{"rendered":"<p>En esta p\u00e1gina lo que pondremos ser\u00e1 todas los recurso de informaci\u00f3n que hemos consultado para realizar la b\u00fasqueda de informaci\u00f3n, al igual, que citaremos los libros, revistas, p\u00e1ginas web, etc de donde hemos sacado toda la informaci\u00f3n para el tema de nuestro blog. 1.-Libros: Gu\u00eda de la arquitectura y el urbanismo de la ciudad [&hellip;]<\/p>\n","protected":false},"author":2500,"featured_media":0,"parent":0,"menu_order":0,"comment_status":"open","ping_status":"open","template":"","meta":{"footnotes":""},"class_list":["post-123","page","type-page","status-publish","hentry"],"_links":{"self":[{"href":"https:\/\/blogs.ua.es\/urbanismoelchesigloxx\/wp-json\/wp\/v2\/pages\/123","targetHints":{"allow":["GET"]}}],"collection":[{"href":"https:\/\/blogs.ua.es\/urbanismoelchesigloxx\/wp-json\/wp\/v2\/pages"}],"about":[{"href":"https:\/\/blogs.ua.es\/urbanismoelchesigloxx\/wp-json\/wp\/v2\/types\/page"}],"author":[{"embeddable":true,"href":"https:\/\/blogs.ua.es\/urbanismoelchesigloxx\/wp-json\/wp\/v2\/users\/2500"}],"replies":[{"embeddable":true,"href":"https:\/\/blogs.ua.es\/urbanismoelchesigloxx\/wp-json\/wp\/v2\/comments?post=123"}],"version-history":[{"count":10,"href":"https:\/\/blogs.ua.es\/urbanismoelchesigloxx\/wp-json\/wp\/v2\/pages\/123\/revisions"}],"predecessor-version":[{"id":145,"href":"https:\/\/blogs.ua.es\/urbanismoelchesigloxx\/wp-json\/wp\/v2\/pages\/123\/revisions\/145"}],"wp:attachment":[{"href":"https:\/\/blogs.ua.es\/urbanismoelchesigloxx\/wp-json\/wp\/v2\/media?parent=123"}],"curies":[{"name":"wp","href":"https:\/\/api.w.org\/{rel}","templated":true}]}}