{"id":170,"date":"2012-01-17T08:14:41","date_gmt":"2012-01-17T08:14:41","guid":{"rendered":"https:\/\/blogs.ua.es\/urbanismoelchesigloxx\/?page_id=170"},"modified":"2012-01-17T09:58:43","modified_gmt":"2012-01-17T09:58:43","slug":"presentacion","status":"publish","type":"page","link":"https:\/\/blogs.ua.es\/urbanismoelchesigloxx\/presentacion\/","title":{"rendered":"Presentaci\u00f3n"},"content":{"rendered":"<div>\n<p>Saludos Bloggueros! Somos Sanja Planojevic y Ra\u00fal L\u00e1zaro, y este es nuestro blog donde os informaremos acerca de nuestro tema: el\u00a0<a href=\"http:\/\/es.wikipedia.org\/wiki\/Elche#Urbanismo\">urbanismo de Elche<\/a>\u00a0en el siglo XX. Hacer un Blog parece una tarea f\u00e1cilita, como quitarle un caramelo a un ni\u00f1o, pues es todo lo contrario, es bastante dif\u00edcil si no sabes que informaci\u00f3n poner por eso loe que se debe hacer antes de publicar a diestro y siniestro es hacer un planning de la informaci\u00f3n, es decir un \u00edndice de los subtemas a tratar. Por ello conviene si se hace en grupo hablar y repartirse el trabajo para no agoviarse, bueno sin desviarme del tema lo que quer\u00eda decir es que lo primero de todo es buscar y seleccionar la informaci\u00f3n, despu\u00e9s ordenarla y darle cohesi\u00f3n, y finalmente publicarlo en vuestro blog ( como hemos hecho mi compa\u00f1era y yo en el nuestro).<\/p>\n<p>Este tema es un tema bastante informativo ya que se puede prender sobre un determinado tema y de un determinado lugar: en este caso el urbanismo de la ciudad de Elche. No es que sea un tema dif\u00edcil, ni tampoco f\u00e1cil, ya que hay mucha informaci\u00f3n,s\u00ed, pero cuesta buscar lo que se quiere poner (siempre y cuando sea coherente la informaci\u00f3n que se va recogiendo). Nosotros dos intentaremos buscar toda la informaci\u00f3n que nos sea posible y que tenga relaci\u00f3n con nuestro tema para darle m\u00e1s soporte al blog.<\/p>\n<p>A lo largo de este proyecto hemos ido a\u00f1adiendo entradas para que \u00a0a la gente que vea nuestro blog le sea m\u00e1s f\u00e1cil entender nuestro tema. Por ello, lo que pretendemos con nuestro blog es informar acerca del urbanismo en la ciudad de Elche durante todo el siglo xx. La funci\u00f3n que tienen las entradas es dar m\u00e1s apoyo a la informaci\u00f3n ya encontrada y publicada por nosotros dos en el blog. Al igual que os daremos informaci\u00f3n sobre el tema y sus subapartados, tambi\u00e9n pondremos informaci\u00f3n sobre todos los recursos que hemos ido consultando a lo largo de la creaci\u00f3n de nuestro querid\u00edsimo blog, y finalmente una valoraci\u00f3n acerca del blog y la explicaci\u00f3n de la metodolog\u00eda que hemos llevado entre los dos para crear y dejar perfecto nuestro blog.<\/p>\n<p>Saludos y espero que os guste!!<\/p>\n<\/div>\n","protected":false},"excerpt":{"rendered":"<p>Saludos Bloggueros! Somos Sanja Planojevic y Ra\u00fal L\u00e1zaro, y este es nuestro blog donde os informaremos acerca de nuestro tema: el\u00a0urbanismo de Elche\u00a0en el siglo XX. Hacer un Blog parece una tarea f\u00e1cilita, como quitarle un caramelo a un ni\u00f1o, pues es todo lo contrario, es bastante dif\u00edcil si no sabes que informaci\u00f3n poner por [&hellip;]<\/p>\n","protected":false},"author":2500,"featured_media":0,"parent":0,"menu_order":0,"comment_status":"open","ping_status":"open","template":"","meta":{"footnotes":""},"class_list":["post-170","page","type-page","status-publish","hentry"],"_links":{"self":[{"href":"https:\/\/blogs.ua.es\/urbanismoelchesigloxx\/wp-json\/wp\/v2\/pages\/170","targetHints":{"allow":["GET"]}}],"collection":[{"href":"https:\/\/blogs.ua.es\/urbanismoelchesigloxx\/wp-json\/wp\/v2\/pages"}],"about":[{"href":"https:\/\/blogs.ua.es\/urbanismoelchesigloxx\/wp-json\/wp\/v2\/types\/page"}],"author":[{"embeddable":true,"href":"https:\/\/blogs.ua.es\/urbanismoelchesigloxx\/wp-json\/wp\/v2\/users\/2500"}],"replies":[{"embeddable":true,"href":"https:\/\/blogs.ua.es\/urbanismoelchesigloxx\/wp-json\/wp\/v2\/comments?post=170"}],"version-history":[{"count":5,"href":"https:\/\/blogs.ua.es\/urbanismoelchesigloxx\/wp-json\/wp\/v2\/pages\/170\/revisions"}],"predecessor-version":[{"id":211,"href":"https:\/\/blogs.ua.es\/urbanismoelchesigloxx\/wp-json\/wp\/v2\/pages\/170\/revisions\/211"}],"wp:attachment":[{"href":"https:\/\/blogs.ua.es\/urbanismoelchesigloxx\/wp-json\/wp\/v2\/media?parent=170"}],"curies":[{"name":"wp","href":"https:\/\/api.w.org\/{rel}","templated":true}]}}