{"id":10,"date":"2014-11-27T09:18:34","date_gmt":"2014-11-27T09:18:34","guid":{"rendered":"https:\/\/blogs.ua.es\/vehiculoshumanismo\/?page_id=10"},"modified":"2014-11-27T10:44:18","modified_gmt":"2014-11-27T10:44:18","slug":"2-la-imprenta","status":"publish","type":"page","link":"https:\/\/blogs.ua.es\/vehiculoshumanismo\/2-la-imprenta\/","title":{"rendered":"La Imprenta"},"content":{"rendered":"<p style=\"text-align: justify\">La imprenta, en su origen, fue un invento chino, aunque no aprovecharon todo el potencial que ten\u00eda. Fue en Europa, de la mano de Gutenberg (ca. 1398-1468), cuando fue descubierta y donde tuvo las\u00a0repercusiones que se pod\u00edan esperar, tanto a nivel tecnol\u00f3gico como did\u00e1ctico.<\/p>\n<p style=\"text-align: justify\">La imprenta no solo fue una mejora en cuanto a la distribuci\u00f3n de ejemplares impresos, sino a la difusi\u00f3n de los pensamientos que en ellos se expresaban, abaratando los costes para la adquisici\u00f3n de ejemplares, lo cual hac\u00eda que llegasen a m\u00e1s gente,\u00a0siendo, entre 1450-1500, m\u00e1s de 30.000 t\u00edtulos publicados con m\u00e1s de 15 millones de ejemplares, pasando, ya en el siglo XVI, a una producci\u00f3n de entre 150.000-200.000 t\u00edtulos con m\u00e1s de 150 millones de ejemplares.<\/p>\n<p style=\"text-align: justify\">La utilizaci\u00f3n y la adquisici\u00f3n de imprentas fue extendi\u00e9ndose por toda Europa, donde en un principio solo se encontraban en Maguncia y Estrasburgo, en 1455, pasando a ser m\u00e1s ciudades ya en 1500. Venecia es uno de los centros m\u00e1s importantes en cuanto a producci\u00f3n a principios del siglo XVI, seguida por Par\u00eds y Lyon. Hay datos que muestran que hab\u00eda imprentas hasta en Polonia. Esta expansi\u00f3n no\u00a0<img loading=\"lazy\" decoding=\"async\" class=\"size-full wp-image-42 alignright\" style=\"color: #333333;font-style: normal;line-height: 24.375px\" alt=\"images\" src=\"https:\/\/blogs.ua.es\/vehiculoshumanismo\/files\/2014\/11\/images.jpg\" width=\"225\" height=\"224\" srcset=\"https:\/\/blogs.ua.es\/vehiculoshumanismo\/files\/2014\/11\/images.jpg 225w, https:\/\/blogs.ua.es\/vehiculoshumanismo\/files\/2014\/11\/images-150x150.jpg 150w\" sizes=\"auto, (max-width: 225px) 100vw, 225px\" \/>cesa a lo largo del siglo XVI, llegando incluso a Am\u00e9rica.<\/p>\n<p style=\"text-align: justify\">El oficio de impresor se vuelve, con frecuencia, en hereditario, lo que le da un estatus privilegiado, porque, generalmente, eran humanistas cultos, donde sus talleres se convierten en centros de reuni\u00f3n, reflexi\u00f3n y de trabajo.<\/p>\n<p style=\"text-align: justify\">\n","protected":false},"excerpt":{"rendered":"<p>La imprenta, en su origen, fue un invento chino, aunque no aprovecharon todo el potencial que ten\u00eda. Fue en Europa, de la mano de Gutenberg (ca. 1398-1468), cuando fue descubierta y donde tuvo las\u00a0repercusiones que se pod\u00edan esperar, tanto a &hellip; <a href=\"https:\/\/blogs.ua.es\/vehiculoshumanismo\/2-la-imprenta\/\">Continue reading <span class=\"meta-nav\">&rarr;<\/span><\/a><\/p>\n","protected":false},"author":2898,"featured_media":0,"parent":0,"menu_order":2,"comment_status":"open","ping_status":"closed","template":"","meta":{"footnotes":""},"class_list":["post-10","page","type-page","status-publish","hentry"],"_links":{"self":[{"href":"https:\/\/blogs.ua.es\/vehiculoshumanismo\/wp-json\/wp\/v2\/pages\/10","targetHints":{"allow":["GET"]}}],"collection":[{"href":"https:\/\/blogs.ua.es\/vehiculoshumanismo\/wp-json\/wp\/v2\/pages"}],"about":[{"href":"https:\/\/blogs.ua.es\/vehiculoshumanismo\/wp-json\/wp\/v2\/types\/page"}],"author":[{"embeddable":true,"href":"https:\/\/blogs.ua.es\/vehiculoshumanismo\/wp-json\/wp\/v2\/users\/2898"}],"replies":[{"embeddable":true,"href":"https:\/\/blogs.ua.es\/vehiculoshumanismo\/wp-json\/wp\/v2\/comments?post=10"}],"version-history":[{"count":11,"href":"https:\/\/blogs.ua.es\/vehiculoshumanismo\/wp-json\/wp\/v2\/pages\/10\/revisions"}],"predecessor-version":[{"id":74,"href":"https:\/\/blogs.ua.es\/vehiculoshumanismo\/wp-json\/wp\/v2\/pages\/10\/revisions\/74"}],"wp:attachment":[{"href":"https:\/\/blogs.ua.es\/vehiculoshumanismo\/wp-json\/wp\/v2\/media?parent=10"}],"curies":[{"name":"wp","href":"https:\/\/api.w.org\/{rel}","templated":true}]}}