{"id":13,"date":"2014-11-27T09:20:06","date_gmt":"2014-11-27T09:20:06","guid":{"rendered":"https:\/\/blogs.ua.es\/vehiculoshumanismo\/?page_id=13"},"modified":"2014-12-01T23:18:49","modified_gmt":"2014-12-01T23:18:49","slug":"ensenanza","status":"publish","type":"page","link":"https:\/\/blogs.ua.es\/vehiculoshumanismo\/ensenanza\/","title":{"rendered":"Ense\u00f1anza"},"content":{"rendered":"<p style=\"text-align: justify\">En cuanto a las ense\u00f1anzas del Humanismo , cabe destacar que se desarrollaron dentro de una reducida comunidad de pensadores como cl\u00e9rigo, profesores, m\u00e9dicos y burgueses, una singular \u201cRep\u00fablica de las Letras\u201d. Muchos de los personajes de la\u00a0Italia del siglo XVI que compon\u00edan la \u201cRep\u00fablica de las Letras\u201d eran mecenas. \u00c9stos tuvieron un papel muy importante respecto a la expansi\u00f3n de las ideas humanistas ya que aportaron su apoyo hacia este ideal como su apoyo econ\u00f3mico. Adem\u00e1s, con la creaci\u00f3n de universidades, escuelas y academias: las universidades y las escuelas del siglo XV contribuyeron en gran parte a la expansi\u00f3n del Humanismo por toda Europa.<\/p>\n<p style=\"text-align: justify\">La pedagog\u00eda humanista se caracteriza por el ideal de hombre en plenitud f\u00edsica, \u00e9tica, est\u00e9tica, intelectual y religiosa. Estas ense\u00f1anzas conducen al saber de dicho ideal con el Studia Humanitatis, conformado por cinco disciplinas cl\u00e1sicas como la gram\u00e1tica, la retorica, la po\u00e9tica, la historia y la filosof\u00eda moral. Los hombres que ense\u00f1aban estas disciplinas, es decir, los profesores eran llamados a partir del siglo XVI \u201cHumanista\u201d o \u201cGram\u00e1tico\u201d.<\/p>\n<p style=\"text-align: justify\">Destacan los Studia Humanitatis et litterarum, \u00e9stos perfeccionaban al hombre por su diferenciaci\u00f3n respecto a otros animales de la capacidad del habla y de la distinci\u00f3n del bien y del mal. La doctrina social y religi\u00f3n ense\u00f1an los caminos del bien. En toda Europa surgen personajes c\u00e9lebres que aspiran a cambiar la Iglesia y la sociedad del momento. Una de las figuras m\u00e1s destacadas fue la de Erasmo de Rotterdam, quien no plantea una reforma constitucional de la Iglesia, sino que plantea un nuevo mensaje, con un esp\u00edritu nuevo. Se genera entonces la idea del antropocentismo, es decir, se sustituye la imagen teocentrista medieval en la que Dios era la figura central del universo por otra en la que es el hombre el centro del universo.<\/p>\n<p style=\"text-align: justify\">Respecto a las obras humanistas, se tendr\u00e1 una gran preocupaci\u00f3n por la lengua en la que se escribe, un lat\u00edn formalizado, es decir, se retorna al lat\u00edn cl\u00e1sico muy limpio y sin barbarismos medievales . Gracias al dominio del lat\u00edn, los humanistas eran empleados como secretarios de pr\u00edncipes, papas, se\u00f1ores&#8230;es decir se el ideal humanista por las clases dirigentes. Es as\u00ed como se va conformando una literatura neolatina compuesta por obras adem\u00e1s la filosof\u00eda de los antiguos autores griegos y romanos como Arist\u00f3teles, Plat\u00f3n, Euclides, Pit\u00e1goras Cicer\u00f3n o Virgilio. Los personajes del mundo antiguo fueron muy influyentes en la \u00e9poca y por tanto son un elemento clave de la configuraci\u00f3n del Renacimiento. Por tanto con el humanismo se dar\u00e1 la recuperaci\u00f3n de los textos antiguos como por ejemplo sobre medicina, matem\u00e1ticas o astrolog\u00eda.<img loading=\"lazy\" decoding=\"async\" class=\"alignnone size-medium wp-image-99\" style=\"color: #333333;font-style: normal;line-height: 24.375px\" alt=\"humanismo1\" src=\"https:\/\/blogs.ua.es\/vehiculoshumanismo\/files\/2014\/11\/humanismo1-300x244.jpg\" width=\"300\" height=\"244\" srcset=\"https:\/\/blogs.ua.es\/vehiculoshumanismo\/files\/2014\/11\/humanismo1-300x244.jpg 300w, https:\/\/blogs.ua.es\/vehiculoshumanismo\/files\/2014\/11\/humanismo1-367x300.jpg 367w, https:\/\/blogs.ua.es\/vehiculoshumanismo\/files\/2014\/11\/humanismo1.jpg 506w\" sizes=\"auto, (max-width: 300px) 100vw, 300px\" \/><\/p>\n<p style=\"text-align: justify\">Con la expansi\u00f3n de las ideas humanistas originalmente formadas en Italia se van creando diferentes variantes en distintas regiones. Se extendieron r\u00e1pidamente por toda Europa e influyeron en otros campos como por ejemplo el del arte, donde se ven reflejas.<\/p>\n<p style=\"text-align: justify\">Destaca esta \u00e9poca por la aparici\u00f3n de las academias, como la Neoplat\u00f3nica de Florencia. Por tanto en Florencia y Venecia (Italia) domina sobretodo el pensamiento humanismo filol\u00f3gico y literario. En ciudades como Par\u00eds o Lyon (Francia) los eruditos se centran en el estudio de los textos antiguos ya sea en su imitaci\u00f3n , su comentario, su lenguaje\u2026 Tambi\u00e9n cabe destacar en los Pa\u00edses Bajos la investigaci\u00f3n filol\u00f3gica y la imitaci\u00f3n de textos. En cuanto los territorios de Renania o Inglaterra se da una dimensi\u00f3n religiosa con la renovaci\u00f3n del cristianismo.<\/p>\n","protected":false},"excerpt":{"rendered":"<p>En cuanto a las ense\u00f1anzas del Humanismo , cabe destacar que se desarrollaron dentro de una reducida comunidad de pensadores como cl\u00e9rigo, profesores, m\u00e9dicos y burgueses, una singular \u201cRep\u00fablica de las Letras\u201d. Muchos de los personajes de la\u00a0Italia del siglo &hellip; <a href=\"https:\/\/blogs.ua.es\/vehiculoshumanismo\/ensenanza\/\">Continue reading <span class=\"meta-nav\">&rarr;<\/span><\/a><\/p>\n","protected":false},"author":2898,"featured_media":0,"parent":0,"menu_order":4,"comment_status":"open","ping_status":"closed","template":"","meta":{"footnotes":""},"class_list":["post-13","page","type-page","status-publish","hentry"],"_links":{"self":[{"href":"https:\/\/blogs.ua.es\/vehiculoshumanismo\/wp-json\/wp\/v2\/pages\/13","targetHints":{"allow":["GET"]}}],"collection":[{"href":"https:\/\/blogs.ua.es\/vehiculoshumanismo\/wp-json\/wp\/v2\/pages"}],"about":[{"href":"https:\/\/blogs.ua.es\/vehiculoshumanismo\/wp-json\/wp\/v2\/types\/page"}],"author":[{"embeddable":true,"href":"https:\/\/blogs.ua.es\/vehiculoshumanismo\/wp-json\/wp\/v2\/users\/2898"}],"replies":[{"embeddable":true,"href":"https:\/\/blogs.ua.es\/vehiculoshumanismo\/wp-json\/wp\/v2\/comments?post=13"}],"version-history":[{"count":9,"href":"https:\/\/blogs.ua.es\/vehiculoshumanismo\/wp-json\/wp\/v2\/pages\/13\/revisions"}],"predecessor-version":[{"id":101,"href":"https:\/\/blogs.ua.es\/vehiculoshumanismo\/wp-json\/wp\/v2\/pages\/13\/revisions\/101"}],"wp:attachment":[{"href":"https:\/\/blogs.ua.es\/vehiculoshumanismo\/wp-json\/wp\/v2\/media?parent=13"}],"curies":[{"name":"wp","href":"https:\/\/api.w.org\/{rel}","templated":true}]}}