{"id":25,"date":"2014-11-27T09:22:57","date_gmt":"2014-11-27T09:22:57","guid":{"rendered":"https:\/\/blogs.ua.es\/vehiculoshumanismo\/?page_id=25"},"modified":"2014-12-05T08:53:51","modified_gmt":"2014-12-05T08:53:51","slug":"erasmo-de-rotterdam","status":"publish","type":"page","link":"https:\/\/blogs.ua.es\/vehiculoshumanismo\/erasmo-de-rotterdam\/","title":{"rendered":"Erasmo de Rotterdam"},"content":{"rendered":"<p><a href=\"https:\/\/blogs.ua.es\/vehiculoshumanismo\/files\/2014\/11\/erasmo.jpg\"><img loading=\"lazy\" decoding=\"async\" class=\"alignright size-medium wp-image-70\" alt=\"Erasmo de R\u00f3tterdam\" src=\"https:\/\/blogs.ua.es\/vehiculoshumanismo\/files\/2014\/11\/erasmo-211x300.jpg\" width=\"211\" height=\"300\" srcset=\"https:\/\/blogs.ua.es\/vehiculoshumanismo\/files\/2014\/11\/erasmo-211x300.jpg 211w, https:\/\/blogs.ua.es\/vehiculoshumanismo\/files\/2014\/11\/erasmo.jpg 640w\" sizes=\"auto, (max-width: 211px) 100vw, 211px\" \/><\/a><\/p>\n<p><span style=\"color: #000000\">Geert Geertsen, conocido como<\/span><span style=\"color: #000000\"><span style=\"font-family: Arial, sans-serif\"><span style=\"font-size: medium\">Erasmo de R\u00f3tterdam, naci\u00f3 en R\u00f3tterdam en 1469, hijo bastardo de un cl\u00e9rigo y de una burguesa. Recibi\u00f3 su primera educaci\u00f3n humanista en la escuela de Devernter. Fue monje agustino, del mismo modo que Lutero. Complet\u00f3 su formaci\u00f3n en Par\u00eds donde empieza frecuentar c\u00edrculos de cultura. <\/span><\/span><\/span><\/p>\n<p align=\"JUSTIFY\"><span style=\"color: #000000\"><span style=\"font-family: Arial, sans-serif\"><span style=\"font-size: medium\"> Despu\u00e9s empezar\u00e1 una \u00e9poca de viajes a Inglaterra, donde es recibido por Thomas More (te\u00f3logo, pol\u00edtico, humanista y que fue adem\u00e1s poeta, traductor Lord Canciller de Enrique VIII) y donde empieza a interesarse por los problemas teol\u00f3gicos junto con John Collet. En Cambridge empezar\u00e1 a dictar una C\u00e1tedra como profesor de Teolog\u00eda. <\/span><\/span><\/span><\/p>\n<p align=\"JUSTIFY\"><span style=\"color: #000000\"><span style=\"font-family: Arial, sans-serif\"><span style=\"font-size: medium\"> Su siguiente viaje ser\u00e1 Italia (1506-1509) donde visita Roma, Florencia, Padua y Venecia. Trabajar\u00e1 en una imprenta donde tambi\u00e9n se empapar\u00e1 del ambiente humanista gracias a los escritos que llegaban a ella. Se le ofrecieron varios puestos de maestro aun que los rechaz\u00f3. A partir de estas conexiones con universidades y con escritores que iban a la imprenta, Erasmo comenz\u00f3 a rodearse de quienes pensaban igual que \u00e9l y rechazaban los abusos de la Iglesia. La fama de Erasmo se extendi\u00f3 progresivamente por toda Italia, y sus ideas sobre la elevaci\u00f3n intelectual y religiosa empezaron a conocerse y discutirse; sin embargo, no todos no comulgaban con sus ideas, pues hab\u00eda quienes las rechazaban, y estos opositores comenzaron a criticarlo. <\/span><\/span><\/span><\/p>\n<p align=\"JUSTIFY\"><span style=\"color: #000000\"><span style=\"font-family: Arial, sans-serif\"><span style=\"font-size: medium\"> Carlos de Borgo\u00f1a lo har\u00e1 su consejero redactando Erasmo para \u00e9l el <i>Institutio principis.<\/i> Francisco I tambi\u00e9n intentar\u00e1 llevarlo hacia su corte y el papa le entregar\u00e1 en 1535 el Capelo Cardenalicio.<\/span><\/span><\/span><\/p>\n<p lang=\"es-ES\" align=\"JUSTIFY\"><span style=\"color: #000000\"> Ante su avanzada edad y las rupturas que provoca el desarrollo de la reforma fija su hogar en Basilea donde finalmente en 1536 morir\u00e1.<\/span><\/p>\n<p align=\"JUSTIFY\"><span style=\"color: #000000\"><span style=\"font-family: Arial, sans-serif\"><span style=\"font-size: medium\"> Su abundante y diversa obra es una ilustraci\u00f3n de las metas espirituales del Humanismo. Gran parte de su obra se centra en el humanismo literario recopilando textos antiguos a los que a\u00f1ade comentarios como en los <i>Adagios<\/i>. Redacta ejercicios en lat\u00edn para escolares (<i>Coloquios<\/i>) y hace traducciones latinas de autores griegos t ediciones de textos antiguos de Plutarco, S\u00e9neca, o Plat\u00f3n, entre otros. A partir del Texto griego preparar\u00e1 una trducci\u00f3n del Nuevo Testamento m\u00e1s fiel que la <i>Vulgata<\/i> de Jer\u00f3nimo Estrid\u00f3n.<\/span><\/span><\/span><\/p>\n<p align=\"JUSTIFY\"><span style=\"color: #000000\"><span style=\"font-family: Arial, sans-serif\"><span style=\"font-size: medium\"> Toda esta cultura le lleva por nuevos caminos actuando de moralistay fustigando a todos los hombres en su obra <i>Elogio de la locura<\/i> (1509), aconsejando a los pr\u00edncipes en <i>Intitutio principis christiani <\/i>(1516), aconsejando a los esposos en <i>Encomium matrimonii<\/i> (1526) y denunciando, en general, el orgullo, el ego\u00edsmo y la agresividad. Esta moral es inseparable de las aspiraciones religiosas de Erasmo que se expresan a trav\u00e9s de obras como <i>Las par\u00e1frasis sobre San Pablo<\/i> (1520) o <i>De libero arbitrio<\/i> (1524) entre otras.\u00a0<\/span><\/span><\/span><\/p>\n<p align=\"JUSTIFY\"><a style=\"font-weight: bold\" href=\"www.raco.cat\/index.php\/Recerques\/article\/view\/137791\/192859 \">L&#8217;emprenta d&#8217;Erasme de Rotterdam a la Val\u00e8ncia del cinc-cents<\/a><\/p>\n","protected":false},"excerpt":{"rendered":"<p>Geert Geertsen, conocido comoErasmo de R\u00f3tterdam, naci\u00f3 en R\u00f3tterdam en 1469, hijo bastardo de un cl\u00e9rigo y de una burguesa. Recibi\u00f3 su primera educaci\u00f3n humanista en la escuela de Devernter. Fue monje agustino, del mismo modo que Lutero. Complet\u00f3 su &hellip; <a href=\"https:\/\/blogs.ua.es\/vehiculoshumanismo\/erasmo-de-rotterdam\/\">Continue reading <span class=\"meta-nav\">&rarr;<\/span><\/a><\/p>\n","protected":false},"author":2898,"featured_media":0,"parent":0,"menu_order":5,"comment_status":"open","ping_status":"closed","template":"","meta":{"footnotes":""},"class_list":["post-25","page","type-page","status-publish","hentry"],"_links":{"self":[{"href":"https:\/\/blogs.ua.es\/vehiculoshumanismo\/wp-json\/wp\/v2\/pages\/25","targetHints":{"allow":["GET"]}}],"collection":[{"href":"https:\/\/blogs.ua.es\/vehiculoshumanismo\/wp-json\/wp\/v2\/pages"}],"about":[{"href":"https:\/\/blogs.ua.es\/vehiculoshumanismo\/wp-json\/wp\/v2\/types\/page"}],"author":[{"embeddable":true,"href":"https:\/\/blogs.ua.es\/vehiculoshumanismo\/wp-json\/wp\/v2\/users\/2898"}],"replies":[{"embeddable":true,"href":"https:\/\/blogs.ua.es\/vehiculoshumanismo\/wp-json\/wp\/v2\/comments?post=25"}],"version-history":[{"count":8,"href":"https:\/\/blogs.ua.es\/vehiculoshumanismo\/wp-json\/wp\/v2\/pages\/25\/revisions"}],"predecessor-version":[{"id":102,"href":"https:\/\/blogs.ua.es\/vehiculoshumanismo\/wp-json\/wp\/v2\/pages\/25\/revisions\/102"}],"wp:attachment":[{"href":"https:\/\/blogs.ua.es\/vehiculoshumanismo\/wp-json\/wp\/v2\/media?parent=25"}],"curies":[{"name":"wp","href":"https:\/\/api.w.org\/{rel}","templated":true}]}}