{"id":7,"date":"2014-11-27T09:17:52","date_gmt":"2014-11-27T09:17:52","guid":{"rendered":"https:\/\/blogs.ua.es\/vehiculoshumanismo\/?page_id=7"},"modified":"2014-11-27T10:18:31","modified_gmt":"2014-11-27T10:18:31","slug":"introduccion","status":"publish","type":"page","link":"https:\/\/blogs.ua.es\/vehiculoshumanismo\/introduccion\/","title":{"rendered":"Introducci\u00f3n"},"content":{"rendered":"<p style=\"text-align: justify\">El humanismo es un movimiento cultural, filos\u00f3fico e intelectual que se crea en el siglo XIV, nace en Europa, m\u00e1s concretamente en la pen\u00ednsula it\u00e1lica, y se extiende a gran velocidad al resto de Europa. Busca la difusi\u00f3n de los conocimientos para llegar a la verdadera esencia del ser humano.<\/p>\n<p style=\"text-align: justify\">Esto quiere decir que el humanismo, frente al medievo, supone un cambio en la mentalidad de las personas pasando de un pensamiento teoc\u00e9ntrico, en el que dios es el centro de todo el universo, a ser el hombre quien es verdaderamente el centro de la creaci\u00f3n. Este cambio de pensamiento no supone una p\u00e9rdida de religi\u00f3n, sino un cambio de punto de vista de la misma que llevar\u00e1 a diferentes reformas en la iglesia cat\u00f3lica y sus consecuentes contrarreformas.<\/p>\n<p style=\"text-align: justify\">Este movimiento va fuertemente ligado al arte del Renacimiento, volviendo a un mundo grecolatino, el cual se basaba en el hombre y su naturaleza. El renacimiento, como el humanismo, basa su arte en el ser humano.<\/p>\n<p style=\"text-align: justify\">Algunos personajes importantes de este movimiento fueron <strong>Francesco Petrarca<\/strong> o <strong>Giovanni Boccaccio<\/strong>.<\/p>\n<p>&nbsp;<\/p>\n","protected":false},"excerpt":{"rendered":"<p>El humanismo es un movimiento cultural, filos\u00f3fico e intelectual que se crea en el siglo XIV, nace en Europa, m\u00e1s concretamente en la pen\u00ednsula it\u00e1lica, y se extiende a gran velocidad al resto de Europa. Busca la difusi\u00f3n de los &hellip; <a href=\"https:\/\/blogs.ua.es\/vehiculoshumanismo\/introduccion\/\">Continue reading <span class=\"meta-nav\">&rarr;<\/span><\/a><\/p>\n","protected":false},"author":2898,"featured_media":0,"parent":0,"menu_order":1,"comment_status":"open","ping_status":"closed","template":"","meta":{"footnotes":""},"class_list":["post-7","page","type-page","status-publish","hentry"],"_links":{"self":[{"href":"https:\/\/blogs.ua.es\/vehiculoshumanismo\/wp-json\/wp\/v2\/pages\/7","targetHints":{"allow":["GET"]}}],"collection":[{"href":"https:\/\/blogs.ua.es\/vehiculoshumanismo\/wp-json\/wp\/v2\/pages"}],"about":[{"href":"https:\/\/blogs.ua.es\/vehiculoshumanismo\/wp-json\/wp\/v2\/types\/page"}],"author":[{"embeddable":true,"href":"https:\/\/blogs.ua.es\/vehiculoshumanismo\/wp-json\/wp\/v2\/users\/2898"}],"replies":[{"embeddable":true,"href":"https:\/\/blogs.ua.es\/vehiculoshumanismo\/wp-json\/wp\/v2\/comments?post=7"}],"version-history":[{"count":4,"href":"https:\/\/blogs.ua.es\/vehiculoshumanismo\/wp-json\/wp\/v2\/pages\/7\/revisions"}],"predecessor-version":[{"id":44,"href":"https:\/\/blogs.ua.es\/vehiculoshumanismo\/wp-json\/wp\/v2\/pages\/7\/revisions\/44"}],"wp:attachment":[{"href":"https:\/\/blogs.ua.es\/vehiculoshumanismo\/wp-json\/wp\/v2\/media?parent=7"}],"curies":[{"name":"wp","href":"https:\/\/api.w.org\/{rel}","templated":true}]}}