{"id":79,"date":"2014-11-27T11:03:36","date_gmt":"2014-11-27T11:03:36","guid":{"rendered":"https:\/\/blogs.ua.es\/vehiculoshumanismo\/?page_id=79"},"modified":"2014-11-27T11:04:50","modified_gmt":"2014-11-27T11:04:50","slug":"presentacion","status":"publish","type":"page","link":"https:\/\/blogs.ua.es\/vehiculoshumanismo\/presentacion\/","title":{"rendered":"Presentaci\u00f3n"},"content":{"rendered":"<p style=\"text-align: justify\">Somos Mois\u00e9s Pulido Ripoll, Melani Bern\u00e1 Esta\u00f1, Jessica Alcaraz Parada, Gema Font Lloret y Ana Campos Mart\u00ednez, estudiantes de Historia en la Universidad de Alicante. Este blog es para un trabajo de la asignatura de<em> Los estados modernos hasta la paz de Westfalia<\/em>, en el cual exponemos el tema de los veh\u00edculos por los cuales se extendi\u00f3 el humanismo por toda Europa.<\/p>\n<p style=\"text-align: justify\">A continuaci\u00f3n presentamos el tema en el apartado <strong>Introducci\u00f3n<\/strong> con una peque\u00f1a introducci\u00f3n del humanismo, y despu\u00e9s presentamos dichos medios de transmisi\u00f3n en los diferentes apartados del blog. Hemos dejado la parte de I<strong>nicio<\/strong> del blog para entradas con diferentes curiosidades, documentales y fuentes que hemos encontrado por internet.<\/p>\n","protected":false},"excerpt":{"rendered":"<p>Somos Mois\u00e9s Pulido Ripoll, Melani Bern\u00e1 Esta\u00f1, Jessica Alcaraz Parada, Gema Font Lloret y Ana Campos Mart\u00ednez, estudiantes de Historia en la Universidad de Alicante. Este blog es para un trabajo de la asignatura de Los estados modernos hasta la &hellip; <a href=\"https:\/\/blogs.ua.es\/vehiculoshumanismo\/presentacion\/\">Continue reading <span class=\"meta-nav\">&rarr;<\/span><\/a><\/p>\n","protected":false},"author":3004,"featured_media":0,"parent":0,"menu_order":0,"comment_status":"open","ping_status":"open","template":"","meta":{"footnotes":""},"class_list":["post-79","page","type-page","status-publish","hentry"],"_links":{"self":[{"href":"https:\/\/blogs.ua.es\/vehiculoshumanismo\/wp-json\/wp\/v2\/pages\/79","targetHints":{"allow":["GET"]}}],"collection":[{"href":"https:\/\/blogs.ua.es\/vehiculoshumanismo\/wp-json\/wp\/v2\/pages"}],"about":[{"href":"https:\/\/blogs.ua.es\/vehiculoshumanismo\/wp-json\/wp\/v2\/types\/page"}],"author":[{"embeddable":true,"href":"https:\/\/blogs.ua.es\/vehiculoshumanismo\/wp-json\/wp\/v2\/users\/3004"}],"replies":[{"embeddable":true,"href":"https:\/\/blogs.ua.es\/vehiculoshumanismo\/wp-json\/wp\/v2\/comments?post=79"}],"version-history":[{"count":5,"href":"https:\/\/blogs.ua.es\/vehiculoshumanismo\/wp-json\/wp\/v2\/pages\/79\/revisions"}],"predecessor-version":[{"id":86,"href":"https:\/\/blogs.ua.es\/vehiculoshumanismo\/wp-json\/wp\/v2\/pages\/79\/revisions\/86"}],"wp:attachment":[{"href":"https:\/\/blogs.ua.es\/vehiculoshumanismo\/wp-json\/wp\/v2\/media?parent=79"}],"curies":[{"name":"wp","href":"https:\/\/api.w.org\/{rel}","templated":true}]}}