{"id":220,"date":"2016-12-21T09:23:21","date_gmt":"2016-12-21T09:23:21","guid":{"rendered":"https:\/\/blogs.ua.es\/veneciarenacentistabarroca\/?page_id=220"},"modified":"2016-12-21T10:46:31","modified_gmt":"2016-12-21T10:46:31","slug":"sobre-nosotros","status":"publish","type":"page","link":"https:\/\/blogs.ua.es\/veneciarenacentistabarroca\/sobre-nosotros\/","title":{"rendered":"Sobre nosotros"},"content":{"rendered":"<p style=\"text-align: justify\"><span style=\"color: #000000\">\u00a1HOLA!<\/span><\/p>\n<p style=\"text-align: justify\"><span style=\"color: #000000\">Somos un grupo de estudiantes de Historia de la Universidad de Alicante: <strong>Yasmin Bernuz Rodr\u00edguez<\/strong>, quien se ha encargado de hacer la Ruta de la Salud; <strong>Paula Chinchilla Domenech<\/strong>, autora de la Ruta del Comercio y el Artesanado; <strong>Maria Fructuoso C\u00e1rcel<\/strong>, autora de la Ruta Art\u00edstica; y <strong>Aitor Mart\u00ednez P\u00e9rez<\/strong>, que ha realizado la Ruta del Misterio.<\/span><\/p>\n<p style=\"text-align: justify\"><span style=\"color: #000000\">La base sobre la que ten\u00edamos que desarrollar este trabajo era el Renacimiento y el Barroco en Venecia, ciudad que\u00a0nos asign\u00f3 nuestro profesor Jos\u00e9 Antonio Moreno Nieves.<\/span><\/p>\n<p style=\"text-align: justify\"><span style=\"color: #000000\">Se nos ha dado una gran libertad (cosa que agradecemos) a la hora de enfocar este trabajo, por lo que nosotros hemos decidido darle una perspectiva m\u00e1s tur\u00edstica (sin olvidar, por supuesto, la parte hist\u00f3rica que debe acompa\u00f1ar a todos nuestros trabajos), por lo que hemos dividido el grueso de nuestro trabajo en una serie de rutas pensadas para los viajeros que quieran descubrir la ciudad de Venecia a trav\u00e9s de edificios y construcciones renacentistas y barrocas.<\/span><\/p>\n<p style=\"text-align: justify\"><span style=\"color: #000000\">La partici\u00f3n de estas rutas la hemos hecho fij\u00e1ndonos en las cuatro grandes palabras que podr\u00edan definir a la ciudad de Venecia entre los siglos XV y XVIII: el arte, el comercio, la salud y el misterio. Con esto, consultando numerosas gu\u00edas, libros y mapas hemos ido poco a poco forjando una serie de itinerarios en los que el posible viajero podr\u00eda disfrutar de farmacias, arsenales, edificios misteriosos o iglesias repletas de arte seg\u00fan su gusto.<\/span><\/p>\n<p style=\"text-align: justify\"><span style=\"color: #000000\">Por supuesto, no hemos olvidado nuestra labor como historiadores, por lo que tambi\u00e9n hemos a\u00f1adido en diferentes pesta\u00f1as una breve historia de Venecia y unas definiciones\u00a0de los periodos art\u00edsticos que nos incumben.<\/span><\/p>\n<p style=\"text-align: justify\"><span style=\"color: #000000\">No queremos terminar este blog sin agradecer a nuestro profesor <strong>Jos\u00e9 Antonio Moreno Nieves<\/strong>, primero el habernos puesto este trabajo en el que hemos podido descubrir, de forma agradable\u00a0y amena, partes de Venecia que desconoc\u00edamos y aprender m\u00e1s sobre otras que nos sonaban de o\u00eddas; y segundo, por esas interesant\u00edsimas clases\u00a0de Estados Modernos en las que, simplemente atendiendo un poco, ya nos transportaba a otra \u00e9poca llena de intrigas, rebeliones y conflictos religiosos; las cuales siempre estaban ali\u00f1adas con numerosas recomendaciones cinematogr\u00e1ficas que, prometemos, visualizaremos cuando tengamos algo de tiempo \ud83d\ude09<\/span><\/p>\n<p style=\"text-align: justify\"><span style=\"color: #000000\">Y ya para finalizar, lectores, esperamos que este blog os resulte (\u00a1por lo menos!) la mitad de interesante que nos ha resultado a nosotros hacerlo y que os remueva el deseo de viajar para admirar las maravillas que esconde la historia de la Venecia del Renacimiento y el Barroco.<\/span><\/p>\n<p>&nbsp;<\/p>\n","protected":false},"excerpt":{"rendered":"<p>\u00a1HOLA! Somos un grupo de estudiantes de Historia de la Universidad de Alicante: Yasmin Bernuz Rodr\u00edguez, quien se ha encargado de hacer la Ruta de la Salud; Paula Chinchilla Domenech, autora de la Ruta del Comercio y el Artesanado; Maria Fructuoso C\u00e1rcel, autora de la Ruta Art\u00edstica; y Aitor Mart\u00ednez P\u00e9rez, que ha realizado la [&hellip;]<\/p>\n","protected":false},"author":3649,"featured_media":0,"parent":0,"menu_order":5,"comment_status":"closed","ping_status":"closed","template":"","meta":{"footnotes":""},"class_list":["post-220","page","type-page","status-publish","hentry"],"_links":{"self":[{"href":"https:\/\/blogs.ua.es\/veneciarenacentistabarroca\/wp-json\/wp\/v2\/pages\/220","targetHints":{"allow":["GET"]}}],"collection":[{"href":"https:\/\/blogs.ua.es\/veneciarenacentistabarroca\/wp-json\/wp\/v2\/pages"}],"about":[{"href":"https:\/\/blogs.ua.es\/veneciarenacentistabarroca\/wp-json\/wp\/v2\/types\/page"}],"author":[{"embeddable":true,"href":"https:\/\/blogs.ua.es\/veneciarenacentistabarroca\/wp-json\/wp\/v2\/users\/3649"}],"replies":[{"embeddable":true,"href":"https:\/\/blogs.ua.es\/veneciarenacentistabarroca\/wp-json\/wp\/v2\/comments?post=220"}],"version-history":[{"count":2,"href":"https:\/\/blogs.ua.es\/veneciarenacentistabarroca\/wp-json\/wp\/v2\/pages\/220\/revisions"}],"predecessor-version":[{"id":241,"href":"https:\/\/blogs.ua.es\/veneciarenacentistabarroca\/wp-json\/wp\/v2\/pages\/220\/revisions\/241"}],"wp:attachment":[{"href":"https:\/\/blogs.ua.es\/veneciarenacentistabarroca\/wp-json\/wp\/v2\/media?parent=220"}],"curies":[{"name":"wp","href":"https:\/\/api.w.org\/{rel}","templated":true}]}}