{"id":43,"date":"2016-12-13T13:55:42","date_gmt":"2016-12-13T13:55:42","guid":{"rendered":"https:\/\/blogs.ua.es\/veneciarenacentistabarroca\/?page_id=43"},"modified":"2016-12-21T12:16:04","modified_gmt":"2016-12-21T12:16:04","slug":"venecia","status":"publish","type":"page","link":"https:\/\/blogs.ua.es\/veneciarenacentistabarroca\/venecia\/","title":{"rendered":"Venecia"},"content":{"rendered":"<p style=\"text-align: justify\"><strong>VENECIA<\/strong><\/p>\n<p style=\"text-align: justify\"><strong>Historia de la ciudad<\/strong><\/p>\n<p style=\"text-align: justify\">En un principio, Venecia constitu\u00eda una serie de 119 islas que emerg\u00edan en una laguna situada entre Italia y el Mar Adri\u00e1tico. Estaba habitada por ilirios y v\u00e9netos que viv\u00edan en palafitos constru\u00eddos sobre el agua y cuya susbsitencia se basaba en la pesca y la extracci\u00f3n de sal hasta que en el a\u00f1o 421, los habitantes del V\u00e9neto se vieron obligados a huir de los ostrogodos y los lombardos y acabaron refugi\u00e1ndose en este territorio, fundando as\u00ed la primera ciudad.<\/p>\n<p style=\"text-align: justify\">Al estar muy pr\u00f3xima a la desembocadura del rio Po, el territorio estaba b\u00e1sicamente compuesto por marismas y zonas pantanosas, lo que no resultaba nada atractivo para los posibles conquistadores por lo que, al menos durante los primeros a\u00f1os, la ciudad pudo crecer sin problemas exteriores.<\/p>\n<p style=\"text-align: justify\"><img loading=\"lazy\" decoding=\"async\" class=\"wp-image-195 size-full aligncenter\" src=\"https:\/\/blogs.ua.es\/veneciarenacentistabarroca\/files\/2016\/12\/VENCEIA.jpg\" alt=\"venceia\" width=\"1024\" height=\"768\" srcset=\"https:\/\/blogs.ua.es\/veneciarenacentistabarroca\/files\/2016\/12\/VENCEIA.jpg 1024w, https:\/\/blogs.ua.es\/veneciarenacentistabarroca\/files\/2016\/12\/VENCEIA-300x225.jpg 300w, https:\/\/blogs.ua.es\/veneciarenacentistabarroca\/files\/2016\/12\/VENCEIA-768x576.jpg 768w\" sizes=\"auto, (max-width: 1024px) 100vw, 1024px\" \/><\/p>\n<p style=\"text-align: justify\">Ya en el siglo VI, las tropas de Justiniano conquistaron Venecia, que pas\u00f3 a estar bajo la protecci\u00f3n del Imperio Bizantino, que impuso como gobernante a un Maestro Militar de Bizancio, y a depender administrativamente de R\u00e1vena.<\/p>\n<p style=\"text-align: justify\">A finales de siglo, concretamente en el a\u00f1o 697, tras una serie de luchas de poder entre las familias patricias de la ciudad, y aprovechando la debilidad de R\u00e1vena, se eligi\u00f3 al primer Dux de Venecia, Paololucio Anafesto, cuyo cargo, hereditario en un principio, paso a ser electivo y vitalicio.<\/p>\n<p style=\"text-align: justify\"><img loading=\"lazy\" decoding=\"async\" class=\"wp-image-232 aligncenter\" src=\"https:\/\/blogs.ua.es\/veneciarenacentistabarroca\/files\/2016\/12\/Paoluccio-Anafesto.gif\" alt=\"paoluccio-anafesto\" width=\"233\" height=\"241\" \/><\/p>\n<h5 style=\"text-align: center\">Paololucio Anafesto, considerado primer Dux de Venecia<\/h5>\n<p style=\"text-align: justify\">En el 829 se llev\u00f3 a Venecia, desde Alejandr\u00eda, el cuerpo del ap\u00f3stol San Marcos, que se convertir\u00eda as\u00ed en el patrono de la ciudad.<\/p>\n<p style=\"text-align: justify\">Gracias a la relaci\u00f3n y el apoyo que manten\u00eda con Bizancio, Venecia fue logrando privilegios y poco a poco, consigui\u00f3 abrirse paso en el comercio mar\u00edtimo, llegando a acu\u00f1ar en 1284 su propia moneda. El siglo XIII fue el siglo en el que Venecia lleg\u00f3 a su apogeo, cuando lleg\u00f3 a conquistar o controlar \u00a0Constantinopla, Siria, Palestina, Creta, Chipre e incluso a formar algunas colonias comerciales en territorios atl\u00e1nticos.<\/p>\n<p style=\"text-align: justify\"><strong>Organizaci\u00f3n pol\u00edtica<\/strong><\/p>\n<p style=\"text-align: justify\">A pesar de todo, los venecianos no quer\u00edan que todo el poder estuviera en manos de un solo hombre, el Dux, por lo que tomaron una serie de medidas que fueron dando a Venecia una forma de gobierno republicana inexistente en ninguna otra ciudad-Estado italiana: se impuso un Gran Consejo, compuesto por miembros de familias nobles y el Consejo Menor, formado por seis miembros que asesoraban al Dux; as\u00ed como la Quarantia, una especie de Tribunal Supremo.<\/p>\n<p style=\"text-align: justify\">Ya en el siglo XIII estas instituciones se combinaron con la Signoria, formada por el Dux, el Consejo Menor y tres miembros de la Quarantia. \u00c9sta era el \u00f3rgano central del gobierno, que asum\u00eda responsabilidades cuando el Dux faltaba.<\/p>\n<p style=\"text-align: justify\">\u2018Aunque el Dux muera, permanecer\u00e1 la Signoria\u2019<\/p>\n<p style=\"text-align: justify\">M\u00e1s adelante se constituy\u00f3 el Senado, compuesto por 60 miembros elegidos por el Consejo Mayor. Desde este \u00f3rgano se dirig\u00eda la pol\u00edtica exterior y la elecci\u00f3n de embajadores.<\/p>\n<p style=\"text-align: justify\">Finalmente, en el siglo XIV, se form\u00f3 el Consejo de los Diez, una especie de polic\u00eda secreta del Estado.<\/p>\n<p style=\"text-align: justify\">En definitiva, con el paso del tiempo el Dux fue reduciendo y perdiendo su poder, teniendo el Gran Consejo la m\u00e1xima autoridad en la ciudad.<\/p>\n<p style=\"text-align: justify\"><strong>Divisi\u00f3n de la ciudad<\/strong><\/p>\n<p style=\"text-align: justify\">Con el Gran Canal vertebrando la ciudad \u00e9sta se dividi\u00f3 en el siglo XII en 6 barrios, llamados &#8216;sestieri&#8217;, cada uno con su propia personalidad: encontramos San Marco, Castello y Cannaregio al norte del Gran Canal, mientras que San Polo, Santa Croce y Dorsoduro se sit\u00faan al sur. Los distritos con mayor peso pol\u00edtico, econ\u00f3mico y religioso eran San Marco, sede secular veneciana y en el cual se situaban la administraci\u00f3n, la justicia y la casa de la moneda; Castello, n\u00facleo religioso original donde se encuentra la catedral denominada San Pietro en Castello y por \u00faltimo Cannaregio, gran centro econ\u00f3mico y financiero en la Edad Media.<\/p>\n<p style=\"text-align: justify\"><img loading=\"lazy\" decoding=\"async\" class=\"alignnone wp-image-194 \" src=\"https:\/\/blogs.ua.es\/veneciarenacentistabarroca\/files\/2016\/12\/sestieres_venecia.gif\" alt=\"sestieres_venecia\" width=\"594\" height=\"314\" \/><\/p>\n<p style=\"text-align: justify\"><strong>Decadencia de un gigante<\/strong><\/p>\n<p style=\"text-align: justify\">Si la toma de Constantinopla \u00a0fue lo que proporcion\u00f3 a Venecia su apogeo, la p\u00e9rdida de esta en 1453 a manos de los turcos, fue el principio de su ca\u00edda. A esto se uni\u00f3 en 1492, el descubrimiento de Am\u00e9rica, que desvi\u00f3 gran parte de las rutas comerciales hacia el Nuevo Mundo.<\/p>\n<p style=\"text-align: justify\">Adem\u00e1s, la expansi\u00f3n del Imperio Otomano por los Balcanes supon\u00eda una gran amenaza para la ciudad de Venecia que se vi\u00f3 obligada, a partir de 1570, a abandonar numerosos territorios del Mediterr\u00e1neo como Chipre, Creta y sus colonias del Egeo. En 1573 firm\u00f3 la paz con los otomanos, pero cuando entr\u00f3 en la Santa Liga (coalici\u00f3n encabezada por Espa\u00f1a, los Estados Pontificios, Venecia, G\u00e9nova, Saboya y Malta) decidi\u00f3 luchar contra los otomanos para recuperar sus posesiones, aunque no lo logr\u00f3.<\/p>\n<p style=\"text-align: justify\">A todo esto, hab\u00eda que sumarle una Italia turbulenta, en la que el Papa, aliado con Francia, Austria y Arag\u00f3n intentaba expandir sus territorios. Venecia logr\u00f3 mantenerse debido a su diplomacia, pero en 1630 tuvo que hacer frente a otro problema: la peste, que acab\u00f3 con un tercio de la poblaci\u00f3n.<\/p>\n<p style=\"text-align: justify\"><strong>Los conflictos por la ciudad<\/strong><\/p>\n<p style=\"text-align: justify\">En 1797, Napole\u00f3n Bonaparte intent\u00f3 aliarse con Venecia pero como \u00e9sta se neg\u00f3, descarg\u00f3 su ira contra la ciudad, desvalijando el Bucintoro, apoder\u00e1ndose de todos los objetos de valor y poniendo fin a la independencia de la Rep\u00fablica de Venecia.<\/p>\n<p style=\"text-align: justify\">M\u00e1s tarde en ese mismo a\u00f1o, Napole\u00f3n cedi\u00f3 Venecia a los austriacos con el Tratado de Campoformio. En 1805, debido a conflictos con Austria, Napole\u00f3n decidi\u00f3 echar a los austriacos de Venecia que, tras el Tratado de Presburgo, volvi\u00f3 a formar parte de Italia.<\/p>\n<p style=\"text-align: justify\">Cuando Napole\u00f3n fue derrotado, el Congreso de Viena volvi\u00f3 a entregar Venecia a Austria, pero no contaba con el sentimiento nacionalista de los italianos, que buscaban una Italia unificada. Se produjeron diferentes alzamientos que fueron aplastados por los austriacos hasta que en 1849, despu\u00e9s de ser destruida gran parte de la ciudad, Venecia se vi\u00f3 obligada a rendirse.<\/p>\n<p style=\"text-align: justify\">Comenz\u00f3 as\u00ed una guerra entre Italia (apoyada por el Papa, los Ducados y el rey de N\u00e1poles) y Austria (que contaba con la Santa Alianza) por el dominio de Venecia. Este conflicto se resolvi\u00f3 finalmente en 1866 con el Tratado de Venecia en el que Austria ced\u00eda la ciudad a Italia, quedando as\u00ed una Italia unificada.<\/p>\n<p style=\"text-align: justify\">Lo que en un pasado se encontraba vivo ahora sigue estando en el arte de la piedra y Venecia ha aceptado su nueva vida recibiendo la visita y homenaje que gentes de todo el mundo le rinden hacia sus tesoros art\u00edsticos, sus monumentos y a fin y al cabo, a sus lecciones pret\u00e9ritas.<\/p>\n<p style=\"text-align: justify\"><img loading=\"lazy\" decoding=\"async\" class=\"wp-image-224 size-full\" src=\"https:\/\/blogs.ua.es\/veneciarenacentistabarroca\/files\/2016\/12\/cropped-beauty_of_venice-wide.jpg\" alt=\"cropped-beauty_of_venice-wide.jpg\" width=\"940\" height=\"198\" srcset=\"https:\/\/blogs.ua.es\/veneciarenacentistabarroca\/files\/2016\/12\/cropped-beauty_of_venice-wide.jpg 940w, https:\/\/blogs.ua.es\/veneciarenacentistabarroca\/files\/2016\/12\/cropped-beauty_of_venice-wide-300x63.jpg 300w, https:\/\/blogs.ua.es\/veneciarenacentistabarroca\/files\/2016\/12\/cropped-beauty_of_venice-wide-768x162.jpg 768w\" sizes=\"auto, (max-width: 940px) 100vw, 940px\" \/><\/p>\n","protected":false},"excerpt":{"rendered":"<p>VENECIA Historia de la ciudad En un principio, Venecia constitu\u00eda una serie de 119 islas que emerg\u00edan en una laguna situada entre Italia y el Mar Adri\u00e1tico. Estaba habitada por ilirios y v\u00e9netos que viv\u00edan en palafitos constru\u00eddos sobre el agua y cuya susbsitencia se basaba en la pesca y la extracci\u00f3n de sal hasta [&hellip;]<\/p>\n","protected":false},"author":3686,"featured_media":0,"parent":0,"menu_order":1,"comment_status":"closed","ping_status":"closed","template":"","meta":{"footnotes":""},"class_list":["post-43","page","type-page","status-publish","hentry"],"_links":{"self":[{"href":"https:\/\/blogs.ua.es\/veneciarenacentistabarroca\/wp-json\/wp\/v2\/pages\/43","targetHints":{"allow":["GET"]}}],"collection":[{"href":"https:\/\/blogs.ua.es\/veneciarenacentistabarroca\/wp-json\/wp\/v2\/pages"}],"about":[{"href":"https:\/\/blogs.ua.es\/veneciarenacentistabarroca\/wp-json\/wp\/v2\/types\/page"}],"author":[{"embeddable":true,"href":"https:\/\/blogs.ua.es\/veneciarenacentistabarroca\/wp-json\/wp\/v2\/users\/3686"}],"replies":[{"embeddable":true,"href":"https:\/\/blogs.ua.es\/veneciarenacentistabarroca\/wp-json\/wp\/v2\/comments?post=43"}],"version-history":[{"count":12,"href":"https:\/\/blogs.ua.es\/veneciarenacentistabarroca\/wp-json\/wp\/v2\/pages\/43\/revisions"}],"predecessor-version":[{"id":265,"href":"https:\/\/blogs.ua.es\/veneciarenacentistabarroca\/wp-json\/wp\/v2\/pages\/43\/revisions\/265"}],"wp:attachment":[{"href":"https:\/\/blogs.ua.es\/veneciarenacentistabarroca\/wp-json\/wp\/v2\/media?parent=43"}],"curies":[{"name":"wp","href":"https:\/\/api.w.org\/{rel}","templated":true}]}}