{"id":45,"date":"2016-12-13T13:56:07","date_gmt":"2016-12-13T13:56:07","guid":{"rendered":"https:\/\/blogs.ua.es\/veneciarenacentistabarroca\/?page_id=45"},"modified":"2016-12-21T12:14:50","modified_gmt":"2016-12-21T12:14:50","slug":"renacimiento-veneciano","status":"publish","type":"page","link":"https:\/\/blogs.ua.es\/veneciarenacentistabarroca\/renacimiento-veneciano\/","title":{"rendered":"Renacimiento"},"content":{"rendered":"<p style=\"text-align: justify\">A lo largo del siglo XV comenzaron a desarrollarse en Italia (especialmente en las ciudades de Florencia, Roma, Venecia, Padua y Ferrara) \u00a0nuevas corrientes art\u00edsticas entre las que destaca el Renacimiento., un amplio movimiento cultural que reivindicaba los elementos de las cultural griega y romana. Asimismo, se plante\u00f3 una nueva forma de ver al mundo y al ser humano, centr\u00e1ndose en la libertad, la naturaleza y el antropocentrismo en contraposici\u00f3n con las ideas r\u00edgidas, marcadas por la religi\u00f3n, de la Edad Media.<\/p>\n<p style=\"text-align: justify\">Aunque los principales exponentes del Renacimiento se hayan en el arte y la arquitectura, el Renacimiento\u00a0tambi\u00e9n se puede encontrar en la pol\u00edtica, la filosof\u00eda y las ciencias.<\/p>\n<p style=\"text-align: justify\">Este movimiento tuvo su base en el Humanismo, un movimiento intelectual desarrollado tambi\u00e9n en el siglo XV que rompe con las tradiciones escol\u00e1sticas medievales y exalta las cualidades propias de la naturaleza humana e intentando dar un sentido racional a la existencia.<\/p>\n<p style=\"text-align: justify\">El Renacimiento se divide en tres periodos:<\/p>\n<p style=\"text-align: justify\"><strong>Quattrocento<\/strong><\/p>\n<p style=\"text-align: justify\">Es la primera fase del Renacimiento y data del siglo XV. Durante este periodo se pasa del &#8216;artista artesano&#8217; a la figura del &#8216;artista creador&#8217;, responsable absoluto de su propia obra. Aparece tambi\u00e9n la figura del mecenas, que adem\u00e1s de fomentar el arte, se sirve de \u00e9l para sus propios fines, ya sean pol\u00edticos, econ\u00f3mico o para darle prestigio popular.<\/p>\n<p style=\"text-align: justify\">Durante el Quattrocento se rompe con el anterior estilo G\u00f3tico y se toma como modelo el arte de la antigua Roma, siguiendo los mismos c\u00e1nones cl\u00e1sicos. Las caracter\u00edsticas m\u00e1s t\u00edpicas de este periodo son la utilizaci\u00f3n de los tres \u00f3rdenes griegos (d\u00f3rico, j\u00f3nico y corintio) como elementos sustentantes a los que se a\u00f1ade el romano y el toscano; y la utilizaci\u00f3n del arco de medio punto, la b\u00f3veda de ca\u00f1\u00f3n y la c\u00fapula de media naranja para sustituir el cimborrio medieval.<\/p>\n<p style=\"text-align: justify\"><img loading=\"lazy\" decoding=\"async\" class=\"wp-image-199 size-full aligncenter\" src=\"https:\/\/blogs.ua.es\/veneciarenacentistabarroca\/files\/2016\/12\/Santa_Maria_dei_Miracoli_facciata.jpg\" alt=\"santa_maria_dei_miracoli_facciata\" width=\"266\" height=\"400\" srcset=\"https:\/\/blogs.ua.es\/veneciarenacentistabarroca\/files\/2016\/12\/Santa_Maria_dei_Miracoli_facciata.jpg 266w, https:\/\/blogs.ua.es\/veneciarenacentistabarroca\/files\/2016\/12\/Santa_Maria_dei_Miracoli_facciata-200x300.jpg 200w\" sizes=\"auto, (max-width: 266px) 100vw, 266px\" \/><\/p>\n<h5 style=\"text-align: center\">Iglesia &#8216;Santa Maria dei Miracoli&#8217;, del Quattrocento (1481-1489) Venecia<\/h5>\n<p style=\"text-align: justify\">Algunos importantes autores del Quattrocento son Michelangelo Buonarroti (Bacchus), Botticelli (<em>El nacimiento de Venus<\/em>, 1484) o Verrochio (<em>Estatua ecuestre a Colleoni<\/em>, 1479-1488)<\/p>\n<p style=\"text-align: justify\"><strong>Cinquecento<\/strong><\/p>\n<p style=\"text-align: justify\">Dentro del Renacimiento, es el periodo correspondiente al siglo XVI. Es en este periodo cuando se da un importante paso del teocentrismo medieval hacia el antropocentrismo humanista de la Edad Moderna.<\/p>\n<p style=\"text-align: justify\">Se sigue con la imitaci\u00f3n de la antig\u00fcedad cl\u00e1sica y tambi\u00e9n comienza a producirse un inter\u00e9s por la naturaleza. Art\u00edsticamente encontramos nuevos elementos como la decoraci\u00f3n de los edificios con &#8216;monstruos&#8217; mitad animales, mitad humanos; y motivos vegetales a los que se di\u00f3 el nombre de &#8216;grutescos&#8217;<\/p>\n<p style=\"text-align: justify\">En esta \u00e9poca tambi\u00e9n se escribieron numerosos tratados sobre las proporciones y la normativa cl\u00e1sica.<\/p>\n<p style=\"text-align: justify\"><img loading=\"lazy\" decoding=\"async\" class=\"wp-image-262 size-full aligncenter\" src=\"https:\/\/blogs.ua.es\/veneciarenacentistabarroca\/files\/2016\/12\/M8ea25211b84cda2bfc8136d4f5c96f0b.jpg\" alt=\"Tempietto. Image licenced to Christine Kuan OXFORD UNIVERSITY PRESS by Christine Kuan Usage : - 760 X 650 pixels (Web pages) \u00a9 Scala \/ Art Resource\" width=\"400\" height=\"508\" srcset=\"https:\/\/blogs.ua.es\/veneciarenacentistabarroca\/files\/2016\/12\/M8ea25211b84cda2bfc8136d4f5c96f0b.jpg 400w, https:\/\/blogs.ua.es\/veneciarenacentistabarroca\/files\/2016\/12\/M8ea25211b84cda2bfc8136d4f5c96f0b-236x300.jpg 236w\" sizes=\"auto, (max-width: 400px) 100vw, 400px\" \/><\/p>\n<h5 style=\"text-align: center\">San Pietro in Montorio, obra de Bramante perteneciente al Cinquecento (1502, Roma)<\/h5>\n<p style=\"text-align: center\">Los autores m\u00e1s destacados de este periodo son Bramante (Templete de <em>San Pietro in Montorio<\/em>, 1502) y Palladio (Villa Capra, 1566)<\/p>\n<p style=\"text-align: left\"><strong>Manierismo<\/strong><\/p>\n<p style=\"text-align: center\">Estilo art\u00edstico que surgi\u00f3 y predomin\u00f3 en Italia durante los \u00faltimos a\u00f1os del Renacimiento (entre 1530 y 1580). Este periodo se caracteriz\u00f3 por romper con la normativa cl\u00e1sica, alterar la morfolog\u00eda de los \u00f3rdenes arquitect\u00f3nicos establecidos y realizar una arquitectura experimental, tanto por sus planteamientos escenogr\u00e1ficos como por su voluntad antifuncionalista.<\/p>\n<p style=\"text-align: center\">Fue un arte aristocr\u00e1tico que predomin\u00f3 en las cortes europeas.<\/p>\n<p style=\"text-align: center\"><img loading=\"lazy\" decoding=\"async\" class=\"wp-image-200 aligncenter\" src=\"https:\/\/blogs.ua.es\/veneciarenacentistabarroca\/files\/2016\/12\/principal.jpg\" alt=\"principal\" width=\"573\" height=\"352\" srcset=\"https:\/\/blogs.ua.es\/veneciarenacentistabarroca\/files\/2016\/12\/principal.jpg 651w, https:\/\/blogs.ua.es\/veneciarenacentistabarroca\/files\/2016\/12\/principal-300x184.jpg 300w\" sizes=\"auto, (max-width: 573px) 100vw, 573px\" \/><\/p>\n<h5 style=\"text-align: center\">Sacro Bosco, parque manierista lleno de figuras fant\u00e1sticas\u00a0realizadas por Ligorio (Bomarzo, 1547)<\/h5>\n","protected":false},"excerpt":{"rendered":"<p>A lo largo del siglo XV comenzaron a desarrollarse en Italia (especialmente en las ciudades de Florencia, Roma, Venecia, Padua y Ferrara) \u00a0nuevas corrientes art\u00edsticas entre las que destaca el Renacimiento., un amplio movimiento cultural que reivindicaba los elementos de las cultural griega y romana. Asimismo, se plante\u00f3 una nueva forma de ver al mundo [&hellip;]<\/p>\n","protected":false},"author":3686,"featured_media":0,"parent":0,"menu_order":2,"comment_status":"closed","ping_status":"closed","template":"","meta":{"footnotes":""},"class_list":["post-45","page","type-page","status-publish","hentry"],"_links":{"self":[{"href":"https:\/\/blogs.ua.es\/veneciarenacentistabarroca\/wp-json\/wp\/v2\/pages\/45","targetHints":{"allow":["GET"]}}],"collection":[{"href":"https:\/\/blogs.ua.es\/veneciarenacentistabarroca\/wp-json\/wp\/v2\/pages"}],"about":[{"href":"https:\/\/blogs.ua.es\/veneciarenacentistabarroca\/wp-json\/wp\/v2\/types\/page"}],"author":[{"embeddable":true,"href":"https:\/\/blogs.ua.es\/veneciarenacentistabarroca\/wp-json\/wp\/v2\/users\/3686"}],"replies":[{"embeddable":true,"href":"https:\/\/blogs.ua.es\/veneciarenacentistabarroca\/wp-json\/wp\/v2\/comments?post=45"}],"version-history":[{"count":9,"href":"https:\/\/blogs.ua.es\/veneciarenacentistabarroca\/wp-json\/wp\/v2\/pages\/45\/revisions"}],"predecessor-version":[{"id":264,"href":"https:\/\/blogs.ua.es\/veneciarenacentistabarroca\/wp-json\/wp\/v2\/pages\/45\/revisions\/264"}],"wp:attachment":[{"href":"https:\/\/blogs.ua.es\/veneciarenacentistabarroca\/wp-json\/wp\/v2\/media?parent=45"}],"curies":[{"name":"wp","href":"https:\/\/api.w.org\/{rel}","templated":true}]}}