{"id":49,"date":"2016-12-13T13:56:52","date_gmt":"2016-12-13T13:56:52","guid":{"rendered":"https:\/\/blogs.ua.es\/veneciarenacentistabarroca\/?page_id=49"},"modified":"2016-12-21T12:19:03","modified_gmt":"2016-12-21T12:19:03","slug":"curiosidades","status":"publish","type":"page","link":"https:\/\/blogs.ua.es\/veneciarenacentistabarroca\/curiosidades\/","title":{"rendered":"Curiosidades"},"content":{"rendered":"<p style=\"text-align: justify\">A continuaci\u00f3n os presentamos en este apartado una serie de curiosidades referentes a Venecia como son las festividades de &#8220;Los esponsales del Mar&#8221; o el famoso Carnaval de Venecia. Tambi\u00e9n damos a conocer la verdadera historia sobre el primer Ghetto del mundo. Una historia apasionante sobre los hu\u00e9rfanos en Venecia, la historia de Elena Cornaro, la primera mujer en el mundo que se doctor\u00f3 en la Universidad y las peleas que acontecieron entre las familias de los Nicolotti y los Castellani en el Puente de Santa Fosca. Disfruten de los v\u00eddeos y descubran nuevas historias que no siempre se suelen contar.<\/p>\n<p><iframe loading=\"lazy\" title=\"UN PASEO POR VENECIA. LOS ESPONSALES DEL MAR.\" width=\"500\" height=\"375\" src=\"https:\/\/www.youtube.com\/embed\/7nNtsUz7Pjs?start=18&#038;feature=oembed\" frameborder=\"0\" allow=\"accelerometer; autoplay; clipboard-write; encrypted-media; gyroscope; picture-in-picture; web-share\" referrerpolicy=\"strict-origin-when-cross-origin\" allowfullscreen><\/iframe><\/p>\n<p><strong>LOS ESPONSALES DEL MAR<\/strong><\/p>\n<p style=\"text-align: justify\">&#8216; <em>&#8221;Contraemos matrimonio contigo mar en se\u00f1al de verdadero y permanente dominio&#8221;<\/em> Cada a\u00f1o, el Dia de la Ascensi\u00f3n, desde principios de 1177 el Serenissimo Dux de Venecia recitaba estas palabras mientras arrojaba un anillo consagrado durante el Sposalizzio del Mare, una ceremonia de car\u00e1cter casi sagrado en la que de manera simb\u00f3lica, la Rep\u00fablica de Venecia desposaba al mar. Esta celebraci\u00f3n conmemoraba dos victorias venecianas. La primera de ellas la del Dux Pietro Orseolo II que parti\u00f3 el 9 de mayo del a\u00f1o 1000, el Dia de la Ascensi\u00f3n, en ayuda de las ciudades de Dalmacia que sufr\u00edan constantes ataques de los piratas croatas y eslavos. La victoria sobre ellos constituir\u00eda el inicio del lento camino de Venecia para dominar el Mar Adri\u00e1tico una vez libre de estos saqueadores del mar. Como recuerdo de esta empresa, se cre\u00f3 la Festa de la Sensa (Fiesta de la Ascensi\u00f3n). En un principio era a\u00fan una ceremonia modesta y simple que ten\u00eda un car\u00e1cter de s\u00faplica, una solemne procesi\u00f3n de embarcaciones guiada por la galera oficial del Dux, el Bucintoro. Usado solamente durante esta fiesta, sal\u00eda de la laguna atravesando la boca del puerto de Lido. Delante de la Iglesia de San Nicolo, patrono de los navegantes, se recitaba una plegaria que ped\u00eda la tranquilidad de los mares para los navegantes veneciano. Posteriormente todos eran bendecidos con agua bendita.<\/p>\n<p style=\"text-align: justify\">Otra victoria aconteci\u00f3, en este caso, diplom\u00e1tica que confiri\u00f3 a esta fiesta su car\u00e1cter m\u00e1s solemne y glamuroso. Fue en 1177, cuando el Dux, Sebastiano Ciani, acogi\u00f3 en la Bas\u00edlica de San Marcos, a las dos autoridades m\u00e1s importantes de la \u00e9poca, que estaban enfrentadas. Eran el Papa Alejandro III y el Emperador Federico Barbarossa, y consigui\u00f3 que ambos firmaran un Tratado de Paz. El Papa, en agradecimiento por tales favores le concedi\u00f3 al Dux un anillo bendecido que simbolizar\u00eda el dominio perpetuo de la Rep\u00fablica Serenissima \u00a0de San Marcos sobre el Mar&#8217;<\/p>\n<p><iframe loading=\"lazy\" title=\"UN PASEO POR VENECIA. LA HISTORIA DE ELENA.\" width=\"500\" height=\"375\" src=\"https:\/\/www.youtube.com\/embed\/3MjExCYSqY8?start=18&#038;feature=oembed\" frameborder=\"0\" allow=\"accelerometer; autoplay; clipboard-write; encrypted-media; gyroscope; picture-in-picture; web-share\" referrerpolicy=\"strict-origin-when-cross-origin\" allowfullscreen><\/iframe><\/p>\n<p><strong>LA HISTORIA DE ELENA<\/strong><\/p>\n<p style=\"text-align: justify\">&#8216;\u00bfSab\u00edas que la primera mujer en obtener el t\u00edtulo de Doctorado Universitario\u00a0residi\u00f3 en Venecia? Esta mujer fue Elena Cornaro, nacida en 1646. Fue una fil\u00f3sofa veneciana que en el a\u00f1o 1678 se convirti\u00f3 en la primera mujer en recibir un Doctorado de una universidad.<\/p>\n<p style=\"text-align: justify\">Elena Cornaro naci\u00f3 en Palazzo Loredan. Fue la tercera hija de Giovanni Batista Cornaro, un procurador de \u00a0la Rep\u00fablica y Zanetta Boni , una campesina. Que su madre perteneciera a este escal\u00f3n social, supuso que no pudiera estudiar teolog\u00eda ya que el obispo de Padua, Gregorio Barbarigo, se neg\u00f3 a otorgarle este derecho. Sin embargo le permiti\u00f3 obtener el t\u00edtulo de Doctora en Filosof\u00eda realizando su tesis sobre Arist\u00f3teles. Elena fue miembro de varias academias y era bien considerada en toda Europa por sus logros y sus virtudes.<\/p>\n<p style=\"text-align: justify\">Dedic\u00f3 sus \u00faltimos 7 a\u00f1os de vida al estudio y la caridad. Falleci\u00f3 en Padua en 1684 de tuberculosis y fue sepultada en la Bas\u00edlica de Santa Justina. En la Universidad de Padua se erigi\u00f3 una estatua en su honor&#8217;<\/p>\n<p><iframe loading=\"lazy\" title=\"UN PASEO POR VENECIA. LOS HU\u00c9RFANOS Y LA M\u00daSICA.\" width=\"500\" height=\"375\" src=\"https:\/\/www.youtube.com\/embed\/UIhh9BBfBJo?feature=oembed\" frameborder=\"0\" allow=\"accelerometer; autoplay; clipboard-write; encrypted-media; gyroscope; picture-in-picture; web-share\" referrerpolicy=\"strict-origin-when-cross-origin\" allowfullscreen><\/iframe><\/p>\n<p><strong>LOS HU\u00c9RFANOS Y LA M\u00daSICA<\/strong><\/p>\n<p style=\"text-align: justify\">&#8216;La m\u00fasica salv\u00f3 a los hu\u00e9rfanos venecianos y despu\u00e9s ellos acudieron al rescate de la ciudad. Parece una historia de Dickens pero es real.<\/p>\n<p style=\"text-align: justify\">Entre los siglo XVI y XVIII diversas circunstancias hicieron que Venecia tuviera un volumen de hu\u00e9rfanos sin precedentes: por un lado hubo una epidemia de peste, agravada por dudosos tratamientos m\u00e9dicos, que diezm\u00f3 la poblaci\u00f3n adulta. Por otro lado, exist\u00eda una creciente prostituci\u00f3n , desmadradas fiestas de disfraces en los conventos y la costumbre entre las damas de clase alta de contratar un joven sirviente que las complac\u00eda en todos los \u00e1mbitos mientras sus maridos estaban navegando.<\/p>\n<p style=\"text-align: justify\">El Estado acogi\u00f3 a estos ni\u00f1os y les proporcion\u00f3 una formaci\u00f3n musical para que pudieran ganarse la vida en las orquestas y los coros que actuaban en los bailes y actos p\u00fablicos.<\/p>\n<p style=\"text-align: justify\">Los altos cargos venecianos, sol\u00edan acudir a estos eventos ben\u00e9ficos donde maestros como Vivaldi y Domenico Cimarosa dirig\u00edan la orquesta. Cuando asist\u00edan, daban propinas a los m\u00fasicos, al fin y al cabo pod\u00edan ser hijos o hijas suyos.<\/p>\n<p style=\"text-align: justify\">Estos conciertos fueron muy bien acogidos y contribuyeron a hacer de Venecia la capital del ocio de Europa en un momento en que su econom\u00eda entraba en declive. Hoy en dia los hu\u00e9rfanos ya no predominan en las orquestas venecianas pero todav\u00eda se puede escuchar la m\u00fasica barroca que tan de moda estuvo en el pasado&#8217;<\/p>\n<p><iframe loading=\"lazy\" title=\"UN PASEO POR VENECIA. EL PUENTE DE SANTA FOSCA.\" width=\"500\" height=\"375\" src=\"https:\/\/www.youtube.com\/embed\/-_9mgVHYlxc?start=2&#038;feature=oembed\" frameborder=\"0\" allow=\"accelerometer; autoplay; clipboard-write; encrypted-media; gyroscope; picture-in-picture; web-share\" referrerpolicy=\"strict-origin-when-cross-origin\" allowfullscreen><\/iframe><\/p>\n<p><strong>EL PUENTE DE SANTA FOSCA<\/strong><\/p>\n<p style=\"text-align: justify\">&#8216;Entre septiembre y Navidad, en el puente de Santa Fosca se enfrentaban los dos equipos adversarios de los Nicolotti y los Castellani. Estos combates segu\u00edan un protocolo preciso: cada campo nombraba un padrino, que ejerc\u00eda de \u00e1rbitro y se asist\u00eda a desaf\u00edos individuales y colectivos antes de la mel\u00e9 general.<\/p>\n<p style=\"text-align: justify\">Como en el rugby, los adversarios avanzaban en formaci\u00f3n de ataque para ocupar el espacio en la cima del puente. Se daban pu\u00f1etazos y patadas, cualquier golpe, incluso el m\u00e1s bajo, estaba permitido.<\/p>\n<p style=\"text-align: justify\">En aquellos momentos, los puentes no ten\u00edan ning\u00fan parapeto por lo que en los momentos cruciales los desafortunados acababan\u00a0directamente en el canal, a menudo despu\u00e9s de recibir una paliza.<\/p>\n<p style=\"text-align: justify\">Venc\u00eda el equipo que consegu\u00eda plantar la bandera roja de los Castellani, o la negrade los Nicolotti, en la cima del puente&#8217;<\/p>\n<p><iframe loading=\"lazy\" title=\"UN PASEO POR VENECIA. EL PRIMER GHETTO DEL MUNDO\" width=\"500\" height=\"375\" src=\"https:\/\/www.youtube.com\/embed\/VzNwIfzMlqw?start=37&#038;feature=oembed\" frameborder=\"0\" allow=\"accelerometer; autoplay; clipboard-write; encrypted-media; gyroscope; picture-in-picture; web-share\" referrerpolicy=\"strict-origin-when-cross-origin\" allowfullscreen><\/iframe><\/p>\n<p><strong>EL PRIMER GHETTO DEL MUNDO<\/strong><\/p>\n<p style=\"text-align: justify\">&#8216;Los jud\u00edos llegaron por primera vez a Venecia en la d\u00e9cada de 1390 y se asentaron en un \u00e1rea de Cannareggio con una f\u00e1brica de fundici\u00f3n de hierro o ghetto, la cual da nombre a los barrios posteriormente reservados a los jud\u00edos.<\/p>\n<p style=\"text-align: justify\">Al principio los jud\u00edos solo ten\u00edan permitido residir en Venecia durante periodos de hasta 15 d\u00edas y sus actividades se restring\u00edan a la medicina, al pr\u00e9stamo de dinero (una practica prohibida por la Iglesia) y al comercio de segunda mano.<\/p>\n<p style=\"text-align: justify\">En 1516 ganaron el derecho de vivir en la ciudad a tiempo completo, cuando la Rep\u00fablica estableci\u00f3 el ghetto como su lugar de residencia en gratitud por la ayuda financiera aportada tras la Guerra de la Liga de Cambr\u00e9.<\/p>\n<p style=\"text-align: justify\">Las puertas de la entrada al ghetto, controladas por guardias cristianos, pagados por la comunidad jud\u00eda, se cerraban entre el ocaso y el amanecer. Los jud\u00edos estaban obligados a llevar se\u00f1ales distintivas o\u00a0gorras. Ten\u00edan derechos de propiedad limitados y estaban sujetos a una serie de sanciones financieras. Aunque suena dr\u00e1stico, probablemente estaban m\u00e1s seguros en Venecia que en ning\u00fan otro lugar de Europa y su comunidad aumentaba debido a las migraciones de pa\u00edses con pol\u00edticos m\u00e1s radicales, como Espa\u00f1a o Portugal. Pese a ello, continuaron con sus profesiones tradicionales de usura y medicina y los doctores eran las \u00fanicas personas que pod\u00edan dejar el lugar durante la noche.<\/p>\n<p style=\"text-align: justify\">Las puertas fueron finalmente destruidas por Napole\u00f3n en 1797 y los jud\u00edos consiguieron pleno derecho como ciudadanos de\u00a0venecianos tras la unificaci\u00f3n de Italia en 1866.<\/p>\n<p style=\"text-align: justify\">Al llegar la Segunda Guerra Mundial, estuvieron bajo la amenaza fascista y entre 1942 y 1943 muchos de ellos fueron deportados. Aproximadamente 200 murieron en campos de\u00a0exterminio. La poblaci\u00f3n jud\u00eda actual, es peque\u00f1a, pero el ghetto es todav\u00eda el coraz\u00f3n de la comunidad y un lugar de peregrinaje para jud\u00edos de muchos pa\u00edses quienes llegan para experimentar el primer ghetto del mundo&#8217;<\/p>\n<p><iframe loading=\"lazy\" title=\"UN PASEO POR VENECIA. EL CARNAVAL.\" width=\"500\" height=\"375\" src=\"https:\/\/www.youtube.com\/embed\/O7QGGPJyaaE?feature=oembed\" frameborder=\"0\" allow=\"accelerometer; autoplay; clipboard-write; encrypted-media; gyroscope; picture-in-picture; web-share\" referrerpolicy=\"strict-origin-when-cross-origin\" allowfullscreen><\/iframe><\/p>\n<p><strong>EL CARNAVAL<\/strong><\/p>\n<p style=\"text-align: justify\">&#8216;Conocido en todo el mundo, el Carnaval de Venecia se iniciaba tradicionalmente a finales de diciembre y se alargaba durante meses. Los disfraces eliminaban las diferencias sociales y favorec\u00edan un ambiente festivo y distendido que permit\u00eda la cr\u00edtica y una actitud mordaz hacia las instituciones vedada el resto del a\u00f1o.<\/p>\n<p style=\"text-align: justify\">El disfraz tradicional estaba compuesto por la ?, un tejido negro que cubr\u00eda la parte de atr\u00e1s de la cabeza hasta los hombros. Se completaba con una capa corta, el tabarro, una m\u00e1scara blanca llamada ? . M\u00e1s tarde, ya en el siglo XVI aparecieron los disfraces inspirados en la Comedia dell&#8217;Arte, con personajes como los criados Arlequ\u00edn y Brighela; Pantale\u00f3n, un viejo mercader veneciano; el Doctor; Colombina y Polichinela.<\/p>\n<p style=\"text-align: justify\">En 1797 con la llegada de las tropas napole\u00f3nicas, el Carnaval fue suprimido y resurgi\u00f3 en 1980. Desde entonces ha vuelto a adquirir fama en todo el mundo. Cada a\u00f1o esta dedicado a un tema distinto y los disfraces cl\u00e1sicos conviven con otros m\u00e1s imaginativos e innovadores. Durante los diez dias previos a la Cuaresma hay representaciones teatrales, bailes y diversas actividades en las plazas de la ciudad, que terminan con una gran fiesta en la Plaza de San Marcos&#8217;<\/p>\n","protected":false},"excerpt":{"rendered":"<p>A continuaci\u00f3n os presentamos en este apartado una serie de curiosidades referentes a Venecia como son las festividades de &#8220;Los esponsales del Mar&#8221; o el famoso Carnaval de Venecia. Tambi\u00e9n damos a conocer la verdadera historia sobre el primer Ghetto del mundo. Una historia apasionante sobre los hu\u00e9rfanos en Venecia, la historia de Elena Cornaro, [&hellip;]<\/p>\n","protected":false},"author":3686,"featured_media":0,"parent":0,"menu_order":4,"comment_status":"closed","ping_status":"closed","template":"","meta":{"footnotes":""},"class_list":["post-49","page","type-page","status-publish","hentry"],"_links":{"self":[{"href":"https:\/\/blogs.ua.es\/veneciarenacentistabarroca\/wp-json\/wp\/v2\/pages\/49","targetHints":{"allow":["GET"]}}],"collection":[{"href":"https:\/\/blogs.ua.es\/veneciarenacentistabarroca\/wp-json\/wp\/v2\/pages"}],"about":[{"href":"https:\/\/blogs.ua.es\/veneciarenacentistabarroca\/wp-json\/wp\/v2\/types\/page"}],"author":[{"embeddable":true,"href":"https:\/\/blogs.ua.es\/veneciarenacentistabarroca\/wp-json\/wp\/v2\/users\/3686"}],"replies":[{"embeddable":true,"href":"https:\/\/blogs.ua.es\/veneciarenacentistabarroca\/wp-json\/wp\/v2\/comments?post=49"}],"version-history":[{"count":17,"href":"https:\/\/blogs.ua.es\/veneciarenacentistabarroca\/wp-json\/wp\/v2\/pages\/49\/revisions"}],"predecessor-version":[{"id":266,"href":"https:\/\/blogs.ua.es\/veneciarenacentistabarroca\/wp-json\/wp\/v2\/pages\/49\/revisions\/266"}],"wp:attachment":[{"href":"https:\/\/blogs.ua.es\/veneciarenacentistabarroca\/wp-json\/wp\/v2\/media?parent=49"}],"curies":[{"name":"wp","href":"https:\/\/api.w.org\/{rel}","templated":true}]}}