{"id":5,"date":"2010-12-27T18:15:39","date_gmt":"2010-12-27T16:15:39","guid":{"rendered":"https:\/\/blogs.ua.es\/verduset70\/about\/"},"modified":"2017-06-20T18:45:08","modified_gmt":"2017-06-20T16:45:08","slug":"about","status":"publish","type":"page","link":"https:\/\/blogs.ua.es\/verduset70\/about\/","title":{"rendered":"Un poco sobre m\u00ed"},"content":{"rendered":"<p style=\"text-align: justify\"><a title=\"verdu.jpg\" href=\"https:\/\/blogs.ua.es\/verduset70\/about\/verdujpg\/\" rel=\"attachment wp-att-12\"><img decoding=\"async\" src=\"https:\/\/blogs.ua.es\/verduset70\/files\/2007\/07\/verdu.thumbnail.jpg\" alt=\"verdu.jpg\" \/><\/a> Nac\u00ed en Alicante (Espa\u00f1a) en 1970.<\/p>\n<p style=\"text-align: justify\">Llevo en la universidad espa\u00f1ola ejerciendo como profesor, e investigador, desde 1994. Estudi\u00e9 Ciencias F\u00edsicas en la Universidad de Valencia y me doctor\u00e9 en la Universidad Polit\u00e9cnica de Catalu\u00f1a.<\/p>\n<p style=\"text-align: justify\">Y, llegado a este punto, cuando me toca coordinar un grupo de investigaci\u00f3n, ser emprendedor dise\u00f1ando y coordinando un nuevo m\u00e1ster de especializaci\u00f3n profesional para el sector automoci\u00f3n, y ejerzo tambi\u00e9n como coordinador acad\u00e9mico de innovaci\u00f3n educativa y centros dentro de la estructura organizativa del VrEFC-UA (Vicerrectorado de Estudios, Formaci\u00f3n y Calidad), me gustar\u00eda contar mis reflexiones y experiencias sobre c\u00f3mo se trabaja en el mundo universitario, sobre todo para aquellos que sepan escuchar y aplicar mis consejos al respecto, tanto para estudiantes como colegas profesores, investigadores, gestores, etc.<\/p>\n<p style=\"text-align: justify\">Adem\u00e1s, y creo que es importante reflejarlo aqu\u00ed, soy padre de familia de 3 hijos, y casado con una mujer maravillosa que tolera much\u00edsimo que, a menudo, dedique m\u00e1s tiempo a mi trabajo que a mi familia, aunque no repercuta directamente en un beneficio a corto\/medio plazo para mi familia. Y, eso que tengo claro, que intento aplicar y priorizar, siempre que puedo, la m\u00e1xima &#8220;trabajar para vivir&#8221; que &#8220;vivir para trabajar&#8221;. Pero, no siempre se consigue, sobre todo debido a la confluencia de elementos externos y el no saber decir que no &#8230; De ah\u00ed el t\u00edtulo a este blog &#8230;<\/p>\n<p style=\"text-align: justify\">Mi blog es <a href=\"https:\/\/blogs.ua.es\/verduset70\/\">https:\/\/blogs.ua.es\/verduset70\/ <\/a><\/p>\n<p style=\"text-align: justify\">Otro blog UA que gestiono es el del <a title=\"ICE-UA\" href=\"http:\/\/www.ua.es\/ice\/\" target=\"_blank\">Instituto de Ciencias de la Educaci\u00f3n<\/a>.<\/p>\n<p style=\"text-align: justify\">Mi centro de trabajo es <a href=\"http:\/\/www.ua.es\/\">http:\/\/www.ua.es<\/a> , y, mi grupo es <a href=\"http:\/\/www.ua.es\/area\/vision_color\">http:\/\/web.ua.es\/gvc<\/a> . Actualmente ocupo un cargo de coordinaci\u00f3n acad\u00e9mica de evaluaci\u00f3n institucional e innovaci\u00f3n educativa de la Universidad de Alicante.<\/p>\n<p style=\"text-align: justify\">y mi correo <a href=\"mailto:verdu@ua.es\"><span style=\"color: #0066cc\">verdu@ua.es<\/span><\/a> .<\/p>\n<p style=\"text-align: justify\">Me considero seguidor intelectual de divulgadores cient\u00edficos como <a href=\"http:\/\/es.wikipedia.org\/wiki\/F%C3%A9lix_Rodr%C3%ADguez_de_la_Fuente\">F\u00e9liz Rodr\u00edguez de la Fuente<\/a>, Carl Sagan (series <a href=\"http:\/\/es.wikipedia.org\/wiki\/Cosmos:_Un_viaje_personal\">Cosmos<\/a>) y <a href=\"http:\/\/es.wikipedia.org\/wiki\/Stephen_Jay_Gould\">Stephen Jay Gould<\/a>, de analistas del mundo contempor\u00e1neo como <a title=\"Blog Andr\u00e9s Pedre\u00f1o\" href=\"http:\/\/empresa-innovacion.euroresidentes.com\/2014\/12\/innovacion-educativa-moocs-y-el-futuro.html\" target=\"_blank\">Andr\u00e9s Pedre\u00f1o<\/a>, <a title=\"Future of work\" href=\"http:\/\/lyndagrattonfutureofwork.typepad.com\/\" target=\"_blank\">Lynda Gratton<\/a>, <a title=\"Nassim Taleb wiki\" href=\"http:\/\/es.wikipedia.org\/wiki\/Nassim_Taleb\" target=\"_blank\">Nassim Taleb<\/a> y <a title=\"Discurso de Maalouf en Pr\u00edncipe Asturias 2010\" href=\"http:\/\/www.fpa.es\/premios\/2010\/amin-maalouf\/speech\/\" target=\"_blank\">Amin Maalouf<\/a>, de formadores de l\u00edderes como <a href=\"http:\/\/en.wikipedia.org\/wiki\/John_C._Maxwell\">John C. Maxwell<\/a> y <a title=\"John Wooden y la pir\u00e1mide del \u00e9xito\" href=\"http:\/\/es.wikipedia.org\/wiki\/John_Wooden\" target=\"_blank\">John Wooden<\/a>, y activistas como Bob Geldof (<a href=\"http:\/\/es.wikipedia.org\/wiki\/Live_Aid\">Live Aid<\/a>, tema &#8220;<a href=\"http:\/\/es.wikipedia.org\/wiki\/Usa_for_Africa\">we are the world<\/a>&#8220;), lo cual, como puede intuirse, engancha fuertemente con el sentimiento subyacente en la web 2.0 y afines. Pero igualmente soy mel\u00f3mano, en particular de la m\u00fasica sinf\u00f3nica de <a href=\"http:\/\/es.wikipedia.org\/wiki\/Anton_Bruckner\">Bruckner<\/a>, <a href=\"http:\/\/es.wikipedia.org\/wiki\/Gustav_Mahler\">Mahler<\/a>, <a href=\"http:\/\/es.wikipedia.org\/wiki\/Jean_Sibelius\">Sibelius<\/a> y <a href=\"http:\/\/es.wikipedia.org\/wiki\/Dimitri_Shostakovich\">Shostakovich<\/a>. Pero tambi\u00e9n de m\u00fasica new age y bandas sonoras, c\u00f3mo no &#8230; Del mismo modo la m\u00fasica festera de moros y cristianos (Barranc del Sinc, Abibbi o <a href=\"http:\/\/www.goear.com\/listen\/46acdd7\/habibi-marcha-mora\" target=\"_blank\">Habibi<\/a>, <a href=\"http:\/\/www.goear.com\/listen\/922628e\/archaeus-marxa-cristiana\" target=\"_blank\">Archaeus<\/a>, etc). Pero no me olvido de Berlioz, y su Requiem, Dire Straits, , y de directores de orquesta como <a title=\"Celibidache wiki\" href=\"http:\/\/es.wikipedia.org\/wiki\/Sergiu_Celibidache\" target=\"_blank\">Sergiu Celibidache<\/a>, etc. Por otro lado, a pesar de mi vocaci\u00f3n cient\u00edfica, soy un entusiasta de la historia geo-pol\u00edtica, de las exploraciones, y de la ciencia y la m\u00fasica. Un ejemplo sencillo de &#8220;web 2.0&#8221; (trabajo cooperativo y en equipo) y arte musical-cinematogr\u00e1fico es, por ejemplo, <a title=\"extracto de la pel\u00edcula\" href=\"http:\/\/www.youtube.com\/watch?v=8FkGyJGw68k\" target=\"_blank\">la construcci\u00f3n del granero <\/a>en la pel\u00edcula &#8220;\u00danico testigo&#8221; (1983), con m\u00fasica de fondo de Maurice Jarre, padre de <a href=\"http:\/\/es.wikipedia.org\/wiki\/Jean-Michel_Jarre\">Jean Michael Jarre<\/a>.<\/p>\n<p style=\"text-align: justify\">Vocaciones imposibles de alcanzar: compositor y director de orquesta, y, deportista de \u00e9lite (medallista ol\u00edmpico). (Pero tampoco para inculcar a mis hijos &#8230;)<\/p>\n<p style=\"text-align: justify\">Libros recientemente le\u00eddos [Estoy decidido a introducir muchas entradas en este blog divulgando las interpretaciones de los libros que he leido recientemente y seguir\u00e9 leyendo &#8230;. Se lo debo a mi hijos y las generaciones futuras]:<\/p>\n<ul style=\"text-align: justify\">\n<li>Inteligencia social, de Daniel Goleman (Editorial Kair\u00f3s SA, 2006), MUY RECOMENDABLE, y del que aportar\u00e9 mis interpretaciones al respecto en este blog.<\/li>\n<li><a title=\"Libro electr\u00f3nico de La Tercera Ola\" href=\"http:\/\/www.scribd.com\/doc\/2911053\/Toffler-Alvin-La-tercera-ola\" target=\"_blank\">La tercera ola<\/a>, de Alvin Toffler (Ediciones Orbis, 1980). Muy interesante, y del que pienso sacar provecho en pro de mis hijos, y del que aportar\u00e9 mis interpretaciones al respecto en este blog.<\/li>\n<li><a href=\"http:\/\/www.planetadelibros.com\/el-cisne-negro-libro-21728.html\" target=\"_blank\">El cisne negro <\/a>(el impacto de lo altamente improbable), de <a title=\"Web Taleb\" href=\"http:\/\/www.fooledbyrandomness.com\/\" target=\"_blank\">Nassim Nicholas Taleb<\/a>. Muy interesante tambi\u00e9n. Ya v\u00e9is que me intriga mucho la prospectiva tecnol\u00f2gica y el futuro, y del que aportar\u00e9 mis interpretaciones al respecto en este blog.<\/li>\n<li><a title=\"Bibliograf\u00eda del libro\" href=\"http:\/\/www.bibliographiemaalouf.com\/bibliographie.html\" target=\"_blank\">El desajuste del mundo<\/a>, de Amin Maalouf, reciente <a title=\"Discurso tras premio Pr\u00edncipe Asturias\" href=\"http:\/\/www.fpa.es\/premios\/2010\/amin-maalouf\/speech\/\" target=\"_blank\">Premio Letras 2010 Pr\u00edncipe de Asturias<\/a>, (Alianza Editorial, 2010). An\u00e1lisis geopol\u00edtico actual para comprender las claves del progreso social, p\u00f3l\u00edtico, econ\u00f3mico y tecnol\u00f3gico del siglo XXI y siguientes. En clara conexi\u00f3n con &#8220;La 3\u00aa Ola&#8221; de Toffler, 30 a\u00f1os antes.<\/li>\n<li>El nuevo arte de gestionar equipos (un enfoque actual para guiar y motivar con \u00e9xito), de Phil Hunsaker y Tony Alessandra (Deusto, 2010). Libro de cabecera para coaching eficaz y eficiente de directivos y equipos de alto rendimiento.<\/li>\n<li>Ingenier\u00eda a lo bestia (reflexiones empresariales fabulosas), de Juan Jos\u00e9 Marcos Mu\u00f1oz (D\u00edaz de Santos, 2010). Libro de cabecera para la gesti\u00f3n eficaz y eficiente de cualquier tipo de proyecto I+D+i, o incluso empresarial.<\/li>\n<li>Pensar estrat\u00e9gicamente (modelos, conceptos y reflexiones), de Xavier Gimber (Deusto, 2010). Libro de cabecera para la aplicaci\u00f3n eficaz y eficiente de la gesti\u00f3n estrat\u00e9gica en cualquier \u00e1mbito.<\/li>\n<li>Gente t\u00f3xica (las personas que nos complican la vida y c\u00f3mo evitar que lo sigan haciendo), de Bernardo Stamateas (C\u00edrculo de Lectores, 2011).<\/li>\n<li>Why Nations Fail (The Origins of Power, Prosperity, and Poverty), de Daron Acemolgu &amp; James Robinson (Crown Business, 2012). Muy interesante su teor\u00eda, y que comparto. Necesaria para comprender la situaci\u00f3n que vive Espa\u00f1a actualmente con el tema de la <a title=\"Por qu\u00e9 est\u00e1 fracasando Espa\u00f1a como pa\u00eds\" href=\"http:\/\/politica.elpais.com\/politica\/2012\/09\/08\/actualidad\/1347129185_745267.html\" target=\"_blank\">&#8220;casta&#8221;<\/a> pol\u00edtica y econ\u00f3mica que nos atenaza, aunque no por mucho tiempo &#8230; Se romper\u00e1 el c\u00edrculo vicioso de progreso para unos pocos, y surgir\u00e1 el c\u00edrculo virtuoso de progreso m\u00e1s equitativo y justo para la mayor\u00eda.<\/li>\n<li>Professional Excellence (beyond technical competence), de Alan Rossiter (Wiley, 2008). B\u00e1sico pero recomendable.<\/li>\n<li>El futuro del trabajo, de Lynda Gratton (Galaxia Gutenberg, 2011). Libro de cabecera para aplicar y\/o asesorar en inteligencia competitiva en todos aquellos que nos rodean y estimamos. Conexi\u00f3n indirecta con la 3a ola de Toffler.<\/li>\n<li>El c\u00edrculo de la motivaci\u00f3n, de Valent\u00edn Fuster (Planeta, 2013). Sencillo pero muy interesante para sentirse siempre motivado, incluso inculcar este sentimiento interno a los que te rodean e importan.<\/li>\n<li><a title=\"Entrevista a Goleman - Focus\" href=\"https:\/\/www.youtube.com\/watch?v=wRblKadYTKQ\" target=\"_blank\">Focus<\/a>, The Hidden Driver of Excellence, de Daniel Goleman (Editorial Kair\u00f3s SA, 2013). Maravilloso. Me ha servido para crecer en auto-estima\/confianza en lo que hago actualmente, y me gustar\u00eda seguir haciendo en el futuro, est\u00e9 donde est\u00e9, y lo que me quede de tiempo.<\/li>\n<li>Antifragile, Things That Gain From Disorder, de Nassim Taleb (Random House, 2012). Maravilloso. Buen resumen y aplicabilidad de la <a href=\"http:\/\/jmonzo.blogspot.com.es\/2013\/12\/desigualdad-de-jensen-cuando-mas.html\" target=\"_blank\">desigualdad de Jensen<\/a>, y aplicable a otras instituciones (incluso Universidad). Muy recomendable, y necesario releer de vez en cuando.<\/li>\n<li>La sociedad del coste marginal cero: el internet de las cosas, los bienes comunes, y el eclipse\u00a0del capitalismo, de Jeremy Rifkin (Paidos, 2014). Estoy leyendo y disfrutando sobre el futuro probable que viene, aunque tengamos <a href=\"http:\/\/www.oxfordmartin.ox.ac.uk\/downloads\/academic\/The_Future_of_Employment.pdf\" target=\"_blank\">el futuro del trabajo con tanta automatizaci\u00f3n<\/a>, y me encanta.<\/li>\n<li>El gobierno de las Universidades &#8211; Reformas necesarias y t\u00f3picos manidos, de Vicent Climent, Francesc Michavila y Mar\u00eda Ripoll\u00e9s (eds.) (Tecnos, 2015). Muy interesante, pero sin abordar una auto-reflexi\u00f3n estrat\u00e9gica a corto y medio plazo hacia la b\u00fasqueda y optimizaci\u00f3n de la antifragilidad en las Universidades p\u00fablicas.<\/li>\n<li>El test de la golosina, de Walter Mischel (Penguin, 2014). Lectura recomendada para conocer los progresos de la neurociencia del auto-control y sus implicaciones en la vida cotidiana (educaci\u00f3n, etc.) y laboral.<\/li>\n<li>Triple Focus, de D. Goleman y P.M. Senge (Ediciones B, 2015). Corto, MUY RECOMENDABLE, y muy inspirador para renovar mi inter\u00e9s en innovaci\u00f3n educativa, y en nuevas ideas y proyectos.<\/li>\n<li>Objetivo: Generar talento (C\u00f3mo poner en acci\u00f3n la inteligencia), de J.A. Marina (Penguin Random House, 2016). En la misma l\u00ednea que el anterior, reforzando mis ideas nuevas sobre innovaci\u00f3n educativa.<\/li>\n<li>Coaching educativo, de J.F. Bou (LID Editorial Empresarial, 2013). Interesante, pero no tan inspirador y profundo como los 2 anteriores.<\/li>\n<li>La creaci\u00f3n de una sociedad del aprendizaje, J.E. Stiglitz y B.C. Greenwald (La Esfera de los Libros, 2016). Un enfoque fresco, aunque t\u00e9cnico y bien documentado, para conectar con los libros anteriores y para reflexionar sobre el futuro de la educaci\u00f3n a nivel mundial.<\/li>\n<li>The <a href=\"http:\/\/www.100yearlife.com\/\">100-Year Life <\/a>(Living and Working in an Age of Longevity), de L. Gratton &amp; A. Scott (Bloomsbury Publishing, 2016). Altamente recomendable, y que espero est\u00e9 lo antes posible en una edici\u00f3n en espa\u00f1ol.<\/li>\n<\/ul>\n<p>Libros pendientes de leer en mis escasos ratos libres para los pr\u00f3ximos meses:<\/p>\n<ul>\n<li>C2 Re-envisioned, de M.S. Vassiliou, D.S. Albert &amp; J.R. Agre (CRC Press, 2015).<\/li>\n<li>Project Management Leadership, de R. Burke &amp; S. Barron (Wiley, 2014).<\/li>\n<li>Skills for Innovation and Research, de OECD Innovation Strategy (OECD, 2011).<\/li>\n<li>Pensar r\u00e1pido, pensar despacio, de Daniel Kahneman (C\u00edrculo de Lectores, 2012).<\/li>\n<\/ul>\n<p style=\"text-align: justify\">Cursos recibidos:<\/p>\n<ul style=\"text-align: justify\">\n<li>Inteligencia Competitiva y Vigilancia Tecnol\u00f3gica (IdEC-UPF);<\/li>\n<li>Gu\u00edas docentes como portafolio digital del profesor en una cultura de calidad universitaria (ICE-UA).<\/li>\n<\/ul>\n<p style=\"text-align: justify\">Y, confieso mi afici\u00f3n a juegos y <em>anime<\/em> que promulgan el liderazgo y trabajo en equipo basado en la estrategia y t\u00e1ctica, la competitividad y el af\u00e1n de superaci\u00f3n, gracias a la influencia de mis 3 hijos, como <a href=\"http:\/\/es.wikipedia.org\/wiki\/Bola_de_drag%C3%B3n\" target=\"_blank\">Dragon Ball<\/a>, <a href=\"http:\/\/www.pokexperto.net\/\" target=\"_blank\">Pokemon<\/a> y <a href=\"http:\/\/www.duelcity.com\/\" target=\"_blank\">Yu-Gi-Oh<\/a>. Tambien me encanta componer puzzles de mapas-mundi antiguos escuchando m\u00fasica.<\/p>\n","protected":false},"excerpt":{"rendered":"<p>Nac\u00ed en Alicante (Espa\u00f1a) en 1970. Llevo en la universidad espa\u00f1ola ejerciendo como profesor, e investigador, desde 1994. Estudi\u00e9 Ciencias F\u00edsicas en la Universidad de Valencia y me doctor\u00e9 en la Universidad Polit\u00e9cnica de Catalu\u00f1a. Y, llegado a este punto, cuando me toca coordinar un grupo de investigaci\u00f3n, ser emprendedor dise\u00f1ando y coordinando un nuevo [&hellip;]<\/p>\n","protected":false},"author":96,"featured_media":0,"parent":0,"menu_order":0,"comment_status":"open","ping_status":"closed","template":"","meta":{"footnotes":""},"class_list":["post-5","page","type-page","status-publish","hentry"],"_links":{"self":[{"href":"https:\/\/blogs.ua.es\/verduset70\/wp-json\/wp\/v2\/pages\/5","targetHints":{"allow":["GET"]}}],"collection":[{"href":"https:\/\/blogs.ua.es\/verduset70\/wp-json\/wp\/v2\/pages"}],"about":[{"href":"https:\/\/blogs.ua.es\/verduset70\/wp-json\/wp\/v2\/types\/page"}],"author":[{"embeddable":true,"href":"https:\/\/blogs.ua.es\/verduset70\/wp-json\/wp\/v2\/users\/96"}],"replies":[{"embeddable":true,"href":"https:\/\/blogs.ua.es\/verduset70\/wp-json\/wp\/v2\/comments?post=5"}],"version-history":[{"count":53,"href":"https:\/\/blogs.ua.es\/verduset70\/wp-json\/wp\/v2\/pages\/5\/revisions"}],"predecessor-version":[{"id":1073,"href":"https:\/\/blogs.ua.es\/verduset70\/wp-json\/wp\/v2\/pages\/5\/revisions\/1073"}],"wp:attachment":[{"href":"https:\/\/blogs.ua.es\/verduset70\/wp-json\/wp\/v2\/media?parent=5"}],"curies":[{"name":"wp","href":"https:\/\/api.w.org\/{rel}","templated":true}]}}