{"id":77,"date":"2008-04-27T01:16:14","date_gmt":"2008-04-26T23:16:14","guid":{"rendered":"https:\/\/blogs.ua.es\/verduset70\/portafolio-docente\/"},"modified":"2016-06-09T18:34:15","modified_gmt":"2016-06-09T16:34:15","slug":"portafolio-docente","status":"publish","type":"page","link":"https:\/\/blogs.ua.es\/verduset70\/portafolio-docente\/","title":{"rendered":"Portafolio docente"},"content":{"rendered":"<p>Voy a intentar exponer aqu\u00ed un repositorio de informaci\u00f3n sobre mi historial profesional como profesor,\u00a0aportado por m\u00ed mismo y por otros colegas (incluidos estudiantes)\u00a0y centros universitarios,\u00a0 que incluir\u00e1 productos en diversos medios que he creado\u00a0o contribuido en su realizaci\u00f3n y he seleccionado para ser evaluado y\/o mostrar mis logros y mi evoluci\u00f3n\/desarrollo profesional. [Adaptado de The E-Learning Framework, 2005]<\/p>\n<p>El proceso de reflexi\u00f3n que encierra el hecho de esta elaboraci\u00f3n me permitir\u00e1, creo, profundizar en el paradigma del profesor reflexivo, que basa su mejora en la praxis, es decir, en una acci\u00f3n contrastada con las evidencias y los datos que le permiten afrontar los cambios con una cierta seguridad y generando, al mismo tiempo, conocimiento sobre la propia ense\u00f1anza. [Adaptado de Sch\u00f6n, 1992]<\/p>\n<p>Con lo cual, esto me vendr\u00e1 muy bien para el proceso DOCENTIA que se aplicar\u00e1 pr\u00f3ximamente en mi universidad, y en el cual ser\u00e9 como uno m\u00e1s evaluado en mi trayectoria como profesional docente.<\/p>\n<p>Como primeros ejemplos, adjunto aqu\u00ed el <a title=\"OCW-Ciencia y Tecnolog\u00eda del Color\" href=\"http:\/\/ocw.ua.es\/ciencias-experimentales\/ciencia-del-color-2009\/Course_listing\" target=\"_blank\">OpenCourseWare de Ciencia del Color<\/a> y <a title=\"OCW de Ergonom\u00eda Visual\" href=\"http:\/\/ocw.ua.es\/ciencias-de-la-salud\/ergonomia-visual-2009\/Course_listing\" target=\"_blank\">Ergonom\u00eda Visual<\/a>, con sus correspondientes v\u00eddeos de presentaci\u00f3n.<\/p>\n\n<p>&nbsp;<\/p>\n<p>&nbsp;<\/p>\n\n<p>&nbsp;<\/p>\n<p>Adjunto tambi\u00e9n aqu\u00ed un v\u00eddeo divulgativo sobre <a title=\"Qu\u00e9 aporta la ciencia al colorido de los coches\" href=\"http:\/\/youtu.be\/i3Ho2oMximQ\" target=\"_blank\">qu\u00e9 puede aportar la ciencia al colorido de los coches<\/a>. Y nuestro proyecto acad\u00e9mico del M\u00e1ster en <a title=\"ColTAS Master\" href=\"http:\/\/www.enegocios.ua.es\/curso.asp?curso=coltas&amp;edicion=726\" target=\"_blank\">Tecnolog\u00eda del Color para el Sector Automoci\u00f3n<\/a>. Tambi\u00e9n me gusta mucho mi conferencia reciente sobre el futuro de la f\u00edsica y qu\u00edmica del color (bilig\u00fce: <a href=\"http:\/\/hdl.handle.net\/10045\/42247\" target=\"_blank\">espa\u00f1ol<\/a> e <a href=\"http:\/\/rua.ua.es\/dspace\/handle\/10045\/44728\" target=\"_blank\">Current challenges of color physics &amp; chemistry<\/a>). Otro ejemplo reciente en mi conferencia divulgativa sobre la Ciencia y Tecnolog\u00eda del Color en la vida cotidiana, con motivo del A\u00f1o Internacional de la Luz 2015 en la sede social de Alicante de la Universidad de Alicante.<\/p>\n\n<p>Y aqu\u00ed mi \u00edndice H de <a title=\"Mi google acad\u00e9mico\" href=\"http:\/\/scholar.google.es\/citations?sortby=pubdate&amp;hl=es&amp;user=e0IO5nQAAAAJ&amp;view_op=list_works\" target=\"_blank\">productividad cient\u00edfica<\/a>.<\/p>\n","protected":false},"excerpt":{"rendered":"<p>Voy a intentar exponer aqu\u00ed un repositorio de informaci\u00f3n sobre mi historial profesional como profesor,\u00a0aportado por m\u00ed mismo y por otros colegas (incluidos estudiantes)\u00a0y centros universitarios,\u00a0 que incluir\u00e1 productos en diversos medios que he creado\u00a0o contribuido en su realizaci\u00f3n y he seleccionado para ser evaluado y\/o mostrar mis logros y mi evoluci\u00f3n\/desarrollo profesional. [Adaptado de [&hellip;]<\/p>\n","protected":false},"author":96,"featured_media":0,"parent":0,"menu_order":0,"comment_status":"open","ping_status":"open","template":"","meta":{"footnotes":""},"class_list":["post-77","page","type-page","status-publish","hentry"],"_links":{"self":[{"href":"https:\/\/blogs.ua.es\/verduset70\/wp-json\/wp\/v2\/pages\/77","targetHints":{"allow":["GET"]}}],"collection":[{"href":"https:\/\/blogs.ua.es\/verduset70\/wp-json\/wp\/v2\/pages"}],"about":[{"href":"https:\/\/blogs.ua.es\/verduset70\/wp-json\/wp\/v2\/types\/page"}],"author":[{"embeddable":true,"href":"https:\/\/blogs.ua.es\/verduset70\/wp-json\/wp\/v2\/users\/96"}],"replies":[{"embeddable":true,"href":"https:\/\/blogs.ua.es\/verduset70\/wp-json\/wp\/v2\/comments?post=77"}],"version-history":[{"count":17,"href":"https:\/\/blogs.ua.es\/verduset70\/wp-json\/wp\/v2\/pages\/77\/revisions"}],"predecessor-version":[{"id":1030,"href":"https:\/\/blogs.ua.es\/verduset70\/wp-json\/wp\/v2\/pages\/77\/revisions\/1030"}],"wp:attachment":[{"href":"https:\/\/blogs.ua.es\/verduset70\/wp-json\/wp\/v2\/media?parent=77"}],"curies":[{"name":"wp","href":"https:\/\/api.w.org\/{rel}","templated":true}]}}