{"id":17,"date":"2013-01-26T22:09:49","date_gmt":"2013-01-26T22:09:49","guid":{"rendered":"https:\/\/blogs.ua.es\/viaspecuariascomunidadvalenciana\/?page_id=17"},"modified":"2013-01-26T22:19:05","modified_gmt":"2013-01-26T22:19:05","slug":"explicacio-general-del-tema","status":"publish","type":"page","link":"https:\/\/blogs.ua.es\/viaspecuariascomunidadvalenciana\/explicacio-general-del-tema\/","title":{"rendered":"Explicaci\u00f3 general del tema"},"content":{"rendered":"<p>En este blog vamos a trabajar alrededor del tema de la trashumancia. El objeto principal<br \/>\nde este blog, es poder explicaros y resolveros las dudas que teng\u00e1is acerca de las v\u00edas<br \/>\npecuarias. Localizaci\u00f3n, uso, regulaci\u00f3n vigente y la regulaci\u00f3n hist\u00f3rica de estas v\u00edas<br \/>\npara el ganado.<\/p>\n<p>Y, \u00bfpor qu\u00e9 las v\u00edas pecuarias? Pues porque, adem\u00e1s de caminos antiguos que<br \/>\ncruzan nuestro pa\u00eds, comunidad aut\u00f3noma, provincia o comarca, pueden constituir<br \/>\nuna oportunidad de ocio para todas las edades. Las v\u00edas pecuarias se entrelazan<br \/>\ny, si estuvieran bien conservadas y reguladas, podr\u00edamos llegar a trav\u00e9s de ellas a<br \/>\notros pueblos de la provincia, tan solo saliendo de nuestras casas y echando a andar.<br \/>\nInfelizmente, muchas de ellas se encuentran totalmente interrumpidas e inutilizadas por<br \/>\nla construcci\u00f3n sobre su trazado de pol\u00edgonos industriales, urbanizaciones y viviendas<br \/>\nprivadas.<\/p>\n<p>Y, como las v\u00edas pecuarias son de todos y, adem\u00e1s, existe una ley estupenda que las<br \/>\nprotege, aunque en muchos casos se hace caso omiso de ella. Creemos que merece la<br \/>\npena difundir que existen, que est\u00e1n ah\u00ed, ante nosotros, que algunas a\u00fan se utilizan para<br \/>\nel ganado, y otras para las nuevas actividades de ocio de moda como el senderismo o<br \/>\nciclo turismo, y que entre todos podemos hacer un esfuerzo por recuperarlas para el<br \/>\ndisfrute de todos.<\/p>\n","protected":false},"excerpt":{"rendered":"<p>En este blog vamos a trabajar alrededor del tema de la trashumancia. El objeto principal de este blog, es poder explicaros y resolveros las dudas que teng\u00e1is acerca de las v\u00edas pecuarias. Localizaci\u00f3n, uso, regulaci\u00f3n vigente y la regulaci\u00f3n hist\u00f3rica de estas v\u00edas para el ganado. Y, \u00bfpor qu\u00e9 las v\u00edas pecuarias? Pues porque, adem\u00e1s [&hellip;]<\/p>\n","protected":false},"author":2974,"featured_media":0,"parent":0,"menu_order":0,"comment_status":"open","ping_status":"open","template":"","meta":{"footnotes":""},"class_list":["post-17","page","type-page","status-publish","hentry"],"_links":{"self":[{"href":"https:\/\/blogs.ua.es\/viaspecuariascomunidadvalenciana\/wp-json\/wp\/v2\/pages\/17","targetHints":{"allow":["GET"]}}],"collection":[{"href":"https:\/\/blogs.ua.es\/viaspecuariascomunidadvalenciana\/wp-json\/wp\/v2\/pages"}],"about":[{"href":"https:\/\/blogs.ua.es\/viaspecuariascomunidadvalenciana\/wp-json\/wp\/v2\/types\/page"}],"author":[{"embeddable":true,"href":"https:\/\/blogs.ua.es\/viaspecuariascomunidadvalenciana\/wp-json\/wp\/v2\/users\/2974"}],"replies":[{"embeddable":true,"href":"https:\/\/blogs.ua.es\/viaspecuariascomunidadvalenciana\/wp-json\/wp\/v2\/comments?post=17"}],"version-history":[{"count":4,"href":"https:\/\/blogs.ua.es\/viaspecuariascomunidadvalenciana\/wp-json\/wp\/v2\/pages\/17\/revisions"}],"predecessor-version":[{"id":25,"href":"https:\/\/blogs.ua.es\/viaspecuariascomunidadvalenciana\/wp-json\/wp\/v2\/pages\/17\/revisions\/25"}],"wp:attachment":[{"href":"https:\/\/blogs.ua.es\/viaspecuariascomunidadvalenciana\/wp-json\/wp\/v2\/media?parent=17"}],"curies":[{"name":"wp","href":"https:\/\/api.w.org\/{rel}","templated":true}]}}