{"id":20,"date":"2013-01-26T22:14:43","date_gmt":"2013-01-26T22:14:43","guid":{"rendered":"https:\/\/blogs.ua.es\/viaspecuariascomunidadvalenciana\/?page_id=20"},"modified":"2013-01-26T22:25:10","modified_gmt":"2013-01-26T22:25:10","slug":"20-2","status":"publish","type":"page","link":"https:\/\/blogs.ua.es\/viaspecuariascomunidadvalenciana\/20-2\/","title":{"rendered":"metodolog\u00eda"},"content":{"rendered":"<p>La metodolog\u00eda que hemos utilizado para realizar este blog ha sido muy variada. Por un lado hemos procedido a la recolecci\u00f3n de informaci\u00f3n acerca del tema que nos concierne. Tras la acumulaci\u00f3n de dicha informaci\u00f3n, procedimos a comprobar cual nos interesaba realmente para publicarlo en el blog. Despu\u00e9s de esta valoraci\u00f3n procedimos a plantear como deb\u00edamos exponer la informaci\u00f3n; que ponemos primero, que es m\u00e1s interesante, que es m\u00e1s importante, etc&#8230; Y, tras discutir el procedimiento el cual \u00edbamos a seguir para realizarlo, comenzamos a publicar los contenidos consultados y seleccionados.<\/p>\n","protected":false},"excerpt":{"rendered":"<p>La metodolog\u00eda que hemos utilizado para realizar este blog ha sido muy variada. Por un lado hemos procedido a la recolecci\u00f3n de informaci\u00f3n acerca del tema que nos concierne. Tras la acumulaci\u00f3n de dicha informaci\u00f3n, procedimos a comprobar cual nos interesaba realmente para publicarlo en el blog. Despu\u00e9s de esta valoraci\u00f3n procedimos a plantear como [&hellip;]<\/p>\n","protected":false},"author":2974,"featured_media":0,"parent":0,"menu_order":0,"comment_status":"open","ping_status":"closed","template":"","meta":{"footnotes":""},"class_list":["post-20","page","type-page","status-publish","hentry"],"_links":{"self":[{"href":"https:\/\/blogs.ua.es\/viaspecuariascomunidadvalenciana\/wp-json\/wp\/v2\/pages\/20","targetHints":{"allow":["GET"]}}],"collection":[{"href":"https:\/\/blogs.ua.es\/viaspecuariascomunidadvalenciana\/wp-json\/wp\/v2\/pages"}],"about":[{"href":"https:\/\/blogs.ua.es\/viaspecuariascomunidadvalenciana\/wp-json\/wp\/v2\/types\/page"}],"author":[{"embeddable":true,"href":"https:\/\/blogs.ua.es\/viaspecuariascomunidadvalenciana\/wp-json\/wp\/v2\/users\/2974"}],"replies":[{"embeddable":true,"href":"https:\/\/blogs.ua.es\/viaspecuariascomunidadvalenciana\/wp-json\/wp\/v2\/comments?post=20"}],"version-history":[{"count":4,"href":"https:\/\/blogs.ua.es\/viaspecuariascomunidadvalenciana\/wp-json\/wp\/v2\/pages\/20\/revisions"}],"predecessor-version":[{"id":30,"href":"https:\/\/blogs.ua.es\/viaspecuariascomunidadvalenciana\/wp-json\/wp\/v2\/pages\/20\/revisions\/30"}],"wp:attachment":[{"href":"https:\/\/blogs.ua.es\/viaspecuariascomunidadvalenciana\/wp-json\/wp\/v2\/media?parent=20"}],"curies":[{"name":"wp","href":"https:\/\/api.w.org\/{rel}","templated":true}]}}