{"id":7,"date":"2012-12-07T12:08:55","date_gmt":"2012-12-07T12:08:55","guid":{"rendered":"https:\/\/blogs.ua.es\/viaspecuariascomunidadvalenciana\/?page_id=7"},"modified":"2013-01-26T22:20:38","modified_gmt":"2013-01-26T22:20:38","slug":"presentacion","status":"publish","type":"page","link":"https:\/\/blogs.ua.es\/viaspecuariascomunidadvalenciana\/presentacion\/","title":{"rendered":"Presentaci\u00f3n"},"content":{"rendered":"<p>\u00a1Hola a todos! Somos Samuel Ruiz Almira y Javier Lillo Serra y os presentamos aqu\u00ed<br \/>\nnuestro blog que trata acerca de las v\u00edas pecuarias de la comunidad valenciana y todas<br \/>\nlas actividades relacionadas con su uso, ya sea trashumante, o como cada vez m\u00e1s<br \/>\nfrecuente, su uso para el ocio.<\/p>\n<p>Aqu\u00ed os vamos a mostrar los trazados trashumantes que pasan por nuestra comunidad<br \/>\naut\u00f3noma, tambi\u00e9n vamos a hablar de las leyes que las gestionan, protegen y cuidan<br \/>\nnuestras preciadas v\u00edas pecuarias. Adem\u00e1s de un peque\u00f1o repaso de la importancia<br \/>\nhist\u00f3rica de estas y su regulaci\u00f3n en algunas etapas pol\u00edticas claves en la historia de<br \/>\nEspa\u00f1a.<\/p>\n<p>Otro factor que tambi\u00e9n queremos exponer en este blog se trata de la necesidad o no de<br \/>\nestas v\u00edas y que son. Adem\u00e1s de mostraros algunas colecciones y publicaciones bastante<br \/>\nbuenas que hablan acerca de las v\u00edas pecuarias y su desarrollo y uso. Adem\u00e1s de un<br \/>\nbreve repaso por la trashumancia valenciana.<\/p>\n<p>&nbsp;<\/p>\n","protected":false},"excerpt":{"rendered":"<p>\u00a1Hola a todos! Somos Samuel Ruiz Almira y Javier Lillo Serra y os presentamos aqu\u00ed nuestro blog que trata acerca de las v\u00edas pecuarias de la comunidad valenciana y todas las actividades relacionadas con su uso, ya sea trashumante, o como cada vez m\u00e1s frecuente, su uso para el ocio. Aqu\u00ed os vamos a mostrar [&hellip;]<\/p>\n","protected":false},"author":2974,"featured_media":0,"parent":0,"menu_order":0,"comment_status":"open","ping_status":"open","template":"","meta":{"footnotes":""},"class_list":["post-7","page","type-page","status-publish","hentry"],"_links":{"self":[{"href":"https:\/\/blogs.ua.es\/viaspecuariascomunidadvalenciana\/wp-json\/wp\/v2\/pages\/7","targetHints":{"allow":["GET"]}}],"collection":[{"href":"https:\/\/blogs.ua.es\/viaspecuariascomunidadvalenciana\/wp-json\/wp\/v2\/pages"}],"about":[{"href":"https:\/\/blogs.ua.es\/viaspecuariascomunidadvalenciana\/wp-json\/wp\/v2\/types\/page"}],"author":[{"embeddable":true,"href":"https:\/\/blogs.ua.es\/viaspecuariascomunidadvalenciana\/wp-json\/wp\/v2\/users\/2974"}],"replies":[{"embeddable":true,"href":"https:\/\/blogs.ua.es\/viaspecuariascomunidadvalenciana\/wp-json\/wp\/v2\/comments?post=7"}],"version-history":[{"count":6,"href":"https:\/\/blogs.ua.es\/viaspecuariascomunidadvalenciana\/wp-json\/wp\/v2\/pages\/7\/revisions"}],"predecessor-version":[{"id":27,"href":"https:\/\/blogs.ua.es\/viaspecuariascomunidadvalenciana\/wp-json\/wp\/v2\/pages\/7\/revisions\/27"}],"wp:attachment":[{"href":"https:\/\/blogs.ua.es\/viaspecuariascomunidadvalenciana\/wp-json\/wp\/v2\/media?parent=7"}],"curies":[{"name":"wp","href":"https:\/\/api.w.org\/{rel}","templated":true}]}}