{"id":149,"date":"2013-01-25T12:13:44","date_gmt":"2013-01-25T12:13:44","guid":{"rendered":"https:\/\/blogs.ua.es\/vicentemartinezmorella\/?page_id=149"},"modified":"2013-01-28T08:33:16","modified_gmt":"2013-01-28T08:33:16","slug":"valoracion-general","status":"publish","type":"page","link":"https:\/\/blogs.ua.es\/vicentemartinezmorella\/valoracion-general\/","title":{"rendered":"Valoraci\u00f3n general"},"content":{"rendered":"<p>El legado que Vicente Mart\u00ednez Morell\u00e1 deja a la ciudad de Alicante aporta mucha informaci\u00f3n sobre los datos correspondientes a las actitudes de los gobiernos municipales y el poder religioso, obviando sin embargo a las clases sociales menos privilegiadas y con un sentido historicista que podr\u00edamos entender por las circunstancias pol\u00edticas del per\u00edodo franquista en el cual realiza sus primeras recopilaciones. El cronista por otra parte no relata episodios coetanios o al menos no consta en el archivo de la Universidad de Alicante, interes\u00e1ndole m\u00e1s las figuras de los personajes digamos m\u00e1s ilustres de quienes nos refleja objetivamente sus escritos sin an\u00e1lisis, al contrario de lo que lo hace en sus publicaciones de car\u00e1cter social y an\u00e1lisis, convencido de los dogmas del catolicismo m\u00e1s recalcitrante .<br \/>\nLa obra de Vicente es adem\u00e1s de un importante estudio para la ciudad, un ejemplo de la forma en que los hombres son capaces de crear la historia con una u otra perspectiva influenciados por su posici\u00f3n social, sus convicciones religiosas e ideolog\u00edas y la situaci\u00f3n pol\u00edtica del momento. Vicente es en ese sentido un ejemplo de los historiadores que fueron &#8221;libres&#8221; de crear un pasado en la Espa\u00f1a del r\u00e9gimen fascista del general Franco, por lo que quiz\u00e1 hoy en d\u00eda deba hacerse una revisi\u00f3n de los archivos que el cronista entreg\u00f3 al estudio de la historia de Alicante.<\/p>\n","protected":false},"excerpt":{"rendered":"<p>El legado que Vicente Mart\u00ednez Morell\u00e1 deja a la ciudad de Alicante aporta mucha informaci\u00f3n sobre los datos correspondientes a las actitudes de los gobiernos municipales y el poder religioso, obviando sin embargo a las clases sociales menos privilegiadas y con un sentido historicista que podr\u00edamos entender por las circunstancias pol\u00edticas del per\u00edodo franquista en [&hellip;]<\/p>\n","protected":false},"author":2929,"featured_media":0,"parent":0,"menu_order":0,"comment_status":"open","ping_status":"open","template":"","meta":{"footnotes":""},"class_list":["post-149","page","type-page","status-publish","hentry"],"_links":{"self":[{"href":"https:\/\/blogs.ua.es\/vicentemartinezmorella\/wp-json\/wp\/v2\/pages\/149","targetHints":{"allow":["GET"]}}],"collection":[{"href":"https:\/\/blogs.ua.es\/vicentemartinezmorella\/wp-json\/wp\/v2\/pages"}],"about":[{"href":"https:\/\/blogs.ua.es\/vicentemartinezmorella\/wp-json\/wp\/v2\/types\/page"}],"author":[{"embeddable":true,"href":"https:\/\/blogs.ua.es\/vicentemartinezmorella\/wp-json\/wp\/v2\/users\/2929"}],"replies":[{"embeddable":true,"href":"https:\/\/blogs.ua.es\/vicentemartinezmorella\/wp-json\/wp\/v2\/comments?post=149"}],"version-history":[{"count":2,"href":"https:\/\/blogs.ua.es\/vicentemartinezmorella\/wp-json\/wp\/v2\/pages\/149\/revisions"}],"predecessor-version":[{"id":189,"href":"https:\/\/blogs.ua.es\/vicentemartinezmorella\/wp-json\/wp\/v2\/pages\/149\/revisions\/189"}],"wp:attachment":[{"href":"https:\/\/blogs.ua.es\/vicentemartinezmorella\/wp-json\/wp\/v2\/media?parent=149"}],"curies":[{"name":"wp","href":"https:\/\/api.w.org\/{rel}","templated":true}]}}