{"id":151,"date":"2013-01-25T12:14:33","date_gmt":"2013-01-25T12:14:33","guid":{"rendered":"https:\/\/blogs.ua.es\/vicentemartinezmorella\/?page_id=151"},"modified":"2013-01-28T07:28:19","modified_gmt":"2013-01-28T07:28:19","slug":"biografia","status":"publish","type":"page","link":"https:\/\/blogs.ua.es\/vicentemartinezmorella\/biografia\/","title":{"rendered":"Biograf\u00eda"},"content":{"rendered":"<p>DEL ESTAL, Juan Manuel.\u00a0<em>Studia Historia: in honorem Vicente Mart\u00ednez Morell\u00e1.<\/em>1\u00aaed. Alicante:Cirilo industras gr\u00e1ficas,1985.pp.21,22.<\/p>\n<p>&#8221;Don Vicente Martinez Morell\u00e1 naci\u00f3 en Valencia el 11 de agosto de 1915.Residi\u00f3 en Alicante desde los cuatro a\u00f1os y en esta ciudad curs\u00f3 sus estudios que fueron muchos y variados.<\/p>\n<p>En primer lugar,hizo bachillerato para despu\u00e9s Magisterio, Derecho, Filosof\u00eda, Letras ( Secci\u00f3n Historias, siendo Doctor en ambas ramas) y, finalmente, Comercio.<\/p>\n<p>Fue Funcionario de la Administraci\u00f3n Local.Cronista Oficial de la ciudad de Alicante. Acad\u00e9mico Correspondiente de la Real Academia de la Historia y de Bellas artes de San Carlos.Presidente de la Comisi\u00f3n provincial de Monumentos. Miembro del Instituto de Estudios Alicantinos.Presidente de la Comisi\u00f3n de cronistas del Reino.Fundador de la Escuela de \u00a0Bellas Arte de Alicante. En ella fue profesor de Historia del Arte , durante muchos a\u00f1os. En su actividad docente supo inculcar en sus alumnos su inter\u00e9s por la disciplina que ense\u00f1aba. Tambi\u00e9n fue profesor deldel Instituto Naciona de Ense\u00f1anza Media, secci\u00f3n Filial n\u00fam.1de Carolinas(Alicante), en donde impart\u00eda clases nocturnas.<\/p>\n<p>Investigador y escritor fecundo. Colaborador de prensa y revistas een materias hist\u00f3ricas alicantinas.Como han dicho otros&#8221;con su \u00e1gil pluma y verbo c\u00e1lido supo siempre cantar,como Cronista suyo, muchas de las gestas del glorioso pasado medieval de Alicante&#8221;.<\/p>\n<p>Para sus obras se dedic\u00f3 al estudio de fuentes hist\u00f3ricas, literarias y diplom\u00e1ticas, aunque fueron muchos m\u00e1s los temas que trat\u00f3.De todos ellos nos dej\u00f3 gran cantidad de obras; unas m\u00e1s extensas, otras menos, que integraban su amplia oroducci\u00f3n bibliogr\u00e1fica.&#8221;<\/p>\n<p>&nbsp;<\/p>\n","protected":false},"excerpt":{"rendered":"<p>DEL ESTAL, Juan Manuel.\u00a0Studia Historia: in honorem Vicente Mart\u00ednez Morell\u00e1.1\u00aaed. Alicante:Cirilo industras gr\u00e1ficas,1985.pp.21,22. &#8221;Don Vicente Martinez Morell\u00e1 naci\u00f3 en Valencia el 11 de agosto de 1915.Residi\u00f3 en Alicante desde los cuatro a\u00f1os y en esta ciudad curs\u00f3 sus estudios que fueron muchos y variados. En primer lugar,hizo bachillerato para despu\u00e9s Magisterio, Derecho, Filosof\u00eda, Letras ( [&hellip;]<\/p>\n","protected":false},"author":2929,"featured_media":0,"parent":0,"menu_order":0,"comment_status":"open","ping_status":"open","template":"","meta":{"footnotes":""},"class_list":["post-151","page","type-page","status-publish","hentry"],"_links":{"self":[{"href":"https:\/\/blogs.ua.es\/vicentemartinezmorella\/wp-json\/wp\/v2\/pages\/151","targetHints":{"allow":["GET"]}}],"collection":[{"href":"https:\/\/blogs.ua.es\/vicentemartinezmorella\/wp-json\/wp\/v2\/pages"}],"about":[{"href":"https:\/\/blogs.ua.es\/vicentemartinezmorella\/wp-json\/wp\/v2\/types\/page"}],"author":[{"embeddable":true,"href":"https:\/\/blogs.ua.es\/vicentemartinezmorella\/wp-json\/wp\/v2\/users\/2929"}],"replies":[{"embeddable":true,"href":"https:\/\/blogs.ua.es\/vicentemartinezmorella\/wp-json\/wp\/v2\/comments?post=151"}],"version-history":[{"count":3,"href":"https:\/\/blogs.ua.es\/vicentemartinezmorella\/wp-json\/wp\/v2\/pages\/151\/revisions"}],"predecessor-version":[{"id":188,"href":"https:\/\/blogs.ua.es\/vicentemartinezmorella\/wp-json\/wp\/v2\/pages\/151\/revisions\/188"}],"wp:attachment":[{"href":"https:\/\/blogs.ua.es\/vicentemartinezmorella\/wp-json\/wp\/v2\/media?parent=151"}],"curies":[{"name":"wp","href":"https:\/\/api.w.org\/{rel}","templated":true}]}}