{"id":164,"date":"2013-01-09T18:42:10","date_gmt":"2013-01-09T18:42:10","guid":{"rendered":"https:\/\/blogs.ua.es\/vidacotidiana16\/?page_id=164"},"modified":"2013-01-10T13:10:59","modified_gmt":"2013-01-10T13:10:59","slug":"presentacion-del-blog","status":"publish","type":"page","link":"https:\/\/blogs.ua.es\/vidacotidiana16\/presentacion-del-blog\/","title":{"rendered":"Presentaci\u00f3n del blog"},"content":{"rendered":"<p>Este blog es mi trabajo de la asignatura <span style=\"color: #0000ff\">Historia Moderna<\/span>, del profesor <span style=\"color: #0000ff\">Antonio Carrasco<\/span>. Al principio mi tema era <strong>Vida cotidiana del siglo XVI<\/strong>. Tras un largo tiempo buscando libros sobre este tema, encontr\u00e9 el libro <strong><em>Los siglos XVI-XVII Cultura y vida cotidiana<\/em><\/strong> en la biblioteca de UA. Cuando empez\u00e9 con este libro, resulta que se trata m\u00e1s de cultura que de vida cotidiana. Viendo que no era un tema f\u00e1cil, Antonio me permiti\u00f3 modificar un poco el tema y trabajar con el nuevo tema <strong>Cultura y vida cotidiana del siglo XVI<\/strong>, escribiendo lo que me interese del libro y cualquier cosa relacionada con la vida cotidiana. As\u00ed que con el libro y otros materiales sobre la vida de esa \u00e9poca que tengo en mano voy realizando el blog.<\/p>\n<p>Divido las entradas en <span style=\"color: #ff0000\">5 categor\u00edas<\/span>:<\/p>\n<p><strong>1.El Renacimiento<\/strong><\/p>\n<p><strong>2.El Barroco hisp\u00e1nico<\/strong><\/p>\n<p><strong>3.Vida cotidiana de Isabel de Valois<\/strong><\/p>\n<p><strong>4.La moda<\/strong><\/p>\n<p><strong>5.Las mujeres<\/strong><\/p>\n<p>Las primeras dos son del libro\u00a0<strong><em>Los siglos XVI-XVII Cultura y vida cotidiana<\/em><\/strong>; la tercera, de un material en pdf.\u00a0<strong><em>Una perfecta princesacasa y vida de la reina Isabel de Valois (1559-1568)<\/em><\/strong>; la cuarta, de ideas que me surgen y la quinta, del libro\u00a0<strong><em>La vida de las mujeres en los siglos XVI y XVII<\/em><\/strong><em><\/em>.<\/p>\n","protected":false},"excerpt":{"rendered":"<p>Este blog es mi trabajo de la asignatura Historia Moderna, del profesor Antonio Carrasco. Al principio mi tema era Vida cotidiana del siglo XVI. Tras un largo tiempo buscando libros sobre este tema, encontr\u00e9 el libro Los siglos XVI-XVII Cultura &hellip; <a href=\"https:\/\/blogs.ua.es\/vidacotidiana16\/presentacion-del-blog\/\">Continue reading <span class=\"meta-nav\">&rarr;<\/span><\/a><\/p>\n","protected":false},"author":2724,"featured_media":0,"parent":0,"menu_order":0,"comment_status":"open","ping_status":"open","template":"","meta":{"footnotes":""},"class_list":["post-164","page","type-page","status-publish","hentry"],"_links":{"self":[{"href":"https:\/\/blogs.ua.es\/vidacotidiana16\/wp-json\/wp\/v2\/pages\/164","targetHints":{"allow":["GET"]}}],"collection":[{"href":"https:\/\/blogs.ua.es\/vidacotidiana16\/wp-json\/wp\/v2\/pages"}],"about":[{"href":"https:\/\/blogs.ua.es\/vidacotidiana16\/wp-json\/wp\/v2\/types\/page"}],"author":[{"embeddable":true,"href":"https:\/\/blogs.ua.es\/vidacotidiana16\/wp-json\/wp\/v2\/users\/2724"}],"replies":[{"embeddable":true,"href":"https:\/\/blogs.ua.es\/vidacotidiana16\/wp-json\/wp\/v2\/comments?post=164"}],"version-history":[{"count":5,"href":"https:\/\/blogs.ua.es\/vidacotidiana16\/wp-json\/wp\/v2\/pages\/164\/revisions"}],"predecessor-version":[{"id":218,"href":"https:\/\/blogs.ua.es\/vidacotidiana16\/wp-json\/wp\/v2\/pages\/164\/revisions\/218"}],"wp:attachment":[{"href":"https:\/\/blogs.ua.es\/vidacotidiana16\/wp-json\/wp\/v2\/media?parent=164"}],"curies":[{"name":"wp","href":"https:\/\/api.w.org\/{rel}","templated":true}]}}