{"id":38,"date":"2012-11-10T17:06:05","date_gmt":"2012-11-10T17:06:05","guid":{"rendered":"https:\/\/blogs.ua.es\/vidacotidiana16\/?page_id=38"},"modified":"2013-01-09T17:44:43","modified_gmt":"2013-01-09T17:44:43","slug":"bibliografia","status":"publish","type":"page","link":"https:\/\/blogs.ua.es\/vidacotidiana16\/bibliografia\/","title":{"rendered":"Bibliograf\u00eda"},"content":{"rendered":"<p>1.\u00a0 P\u00e9rez-Malla\u00edna, Pablo Emilio, <em><strong>Los hombres del Oc\u00e9ano : vida cotidiana de los tripulantes de las flotas de Indias, siglo XVI<\/strong><\/em>, Sevilla, Diputaci\u00f3n de Sevilla, 1992<\/p>\n<p>2.\u00a0 Mart\u00edn Soto, Rafael, <em><strong>Magia y vida cotidiana : Andaluc\u00eda, siglos XVI-XVIII<\/strong><\/em>, Sevilla, Centro de Estudios Andaluces, 2008<\/p>\n<p>3.\u00a0 Rodr\u00edguez-San Pedro Bezares, Luis Enrique, <strong><em>Los siglos XVI-XVII : cultura y vida cotidiana<\/em><\/strong>, Madrid, S\u00edntesis, 2000<\/p>\n<div>\n<p>4.\u00a0 Guerrero Mayllo, Ana, <em><strong>Familia y vida cotidiana de una \u00e9lite de poder : los regidores madrile\u00f1os en tiempos de Felipe II<\/strong><\/em><strong>,<\/strong><strong> <\/strong>Madrid, Siglo XXI de Espa\u00f1a, 1993<\/p>\n<div>\n<p>5.\u00a0 Calvo Poyato, Jos\u00e9, <em><strong>As\u00ed viv\u00edan en el siglo de oro<\/strong><\/em><strong>, <\/strong>Madrid, Anaya, 1992<\/p>\n<p>6.\u00a0 N\u00fa\u00f1ez Rold\u00e1n, Francisco 1951-, <em><strong>Ocio y vida cotidiana en el mundo hisp\u00e1nico en la Edad Moderna<\/strong><\/em><strong>, <\/strong>Sevilla, Universidad de Sevilla, Secretariado de Publicaciones, 2007<\/p>\n<p>7.\u00a0 D\u00edaz-Plaja, Fernando, <em><strong>La vida cotidiana en la Espa\u00f1a del siglo de oro<\/strong><\/em><strong>, <\/strong>Madrid, Edaf, 1999<\/p>\n<p>8.\u00a0 Defourneaux, Marcelin, <em><strong>La vida cotidiana en la Espa\u00f1a del Siglo de Oro<\/strong><\/em><strong>, <\/strong>Barcelona, Argos Vergara, 1983<\/p>\n<div>\n<p>9.\u00a0 Rodriguez Salgado, M. J., <strong><em>\u00abUna perfecta princesa\u00bb. Casa y vida de la reina Isabel de Valois (1559-1568). Primera Parte<\/em><\/strong>, \u00a0Servicio de Publicaciones de la Universidad Complutense, 2003<\/p>\n<p>&nbsp;<\/p>\n<h3><strong>Textos digilizados:<\/strong><\/h3>\n<div>\n<p>10.\u00a0 Fernandez Fernandez, Jos\u00e9 Lorenzo, <strong><em><a href=\"http:\/\/www.cervantesvirtual.com\/obra-visor\/algunos-aspectos-de-la-vida-cotidiana-en-sayago-zamora-en-los-siglos-xvi-xvii-y-xviii\/html\/\">ALGUNOS ASPECTOS DE LA VIDA COTIDIANA EN SAYAGO (ZAMORA) EN LOS SIGLOS XVI, XVII Y XVIII<\/a><\/em><\/strong>, 2001<\/p>\n<p>11.\u00a0 Fernandez Alcala, F. Pablo &#8211; VILLAR HERRERO, <strong><em><a href=\"http:\/\/www.cervantesvirtual.com\/obra-visor\/la-vida-cotidiana-en-un-pueblo-de-tierra-de-campos-fiestas-y-catastrofes-entre-los-siglos-xvi-y-xvii-en-castroverde-de-campos\/html\/\">La vida cotidiana en un pueblo de Tierra de Campos: fiestas y cat\u00e1strofes, entre los siglos XVI y XVII, en Castroverde de Campos<\/a><\/em><\/strong>, 2011<\/p>\n<div>\n<p>12.\u00a0 Francisco N\u00fa\u00f1ez Rold\u00e1n,<strong><em> <a href=\"http:\/\/books.google.es\/books?id=P6LONW_T1rIC&amp;printsec=frontcover&amp;hl=es&amp;source=gbs_ge_summary_r&amp;cad=0#v=onepage&amp;q&amp;f=false\">Ocio y vida cotidiana en el mundo hisp\u00e1nico en la Edad Moderna<\/a><\/em><\/strong>, Sevilla, Universidad de Sevilla, 2007<\/p>\n<p>13. <strong><em>Las Mujeres en la Nueva Espa\u00f1a<\/em><\/strong><\/p>\n<p>&nbsp;<\/p>\n<h3><strong>Art\u00edculos de revistas:<\/strong><\/h3>\n<p>14. Mar\u00eda del Carmen Ans\u00f3n Calvo, <strong><em>La vida cotidiana entre los moriscos<\/em><\/strong>, Cuadernos de Historia Moderna. Anejos, ISSN 1579-3821, N\u00ba. 8, 2009 (Ejemplar dedicado a: &#8220;Cosas de la vida&#8221;. Vivencias y experiencias cotidianas en la Espa\u00f1a moderna) , p\u00e1gs. 241-268<\/p>\n<p>15. Ana Guerrero Mayllo, <strong><em>La vida cotidiana de los regidores madrile\u00f1os de la segunda mitad del siglo XVI<\/em><\/strong>, Revista de historia moderna: Anales de la Universidad de Alicante, ISSN 0212-5862, N\u00ba 10, 1991 (Ejemplar dedicado a: Aspectos de la vida cotidiana en la Espa\u00f1a Moderna (I)) , p\u00e1gs. 149-164<\/p>\n<p>16. Mar\u00eda Teresa Alvarez Clavijo, <strong><em>La vida cotidiana de La Rioja en los siglos XVI al XVIII<\/em><\/strong>, Sobre la plaza Mayor : la vida cotidiana en La Rioja durante la edad moderna, 2004, ISBN 84-8125-223-9 , p\u00e1gs. 61-100<\/p>\n<p>17. Juan Antonio Garc\u00eda Granados, <strong><em>Vivienda y vida cotidiana en Granada (s. XVI)<\/em><\/strong>, De la edad media al siglo XVI : Jornadas Hist\u00f3ricas del Alto Guadalquivir \/ coord. por Pedro Antonio Galera Andreu, Vicente Salvatierra Cuenca, 2000, ISBN 84-8439-038-1 , p\u00e1gs. 97-134<\/p>\n<p>18. Jos\u00e9 del Corral, <strong><em>La vida cotidiana en el Madrid del siglo XVI<\/em><\/strong>, Madrid : La Librer\u00eda, 2002<\/p>\n<p>19. Guy Lemeunier, <strong><em>La sal, el fisco y la vida cotidiana en el Reino de Murcia a finales del XVI<\/em><\/strong>, Areas: Revista internacional de ciencias sociales, ISSN 0211-6707, N\u00ba 1, 1981 , p\u00e1gs. 19-37<\/p>\n<p>&nbsp;<\/p>\n<h3><strong>ISOC:<\/strong><\/h3>\n<div>\n<p>20. Criado Vega, Teresa, <strong><em><a href=\"http:\/\/estudiosmedievales.revistas.csic.es\/index.php\/estudiosmedievales\/article\/view\/374\/380\">Las artes de la paz. T\u00e9cnicas de perfumer\u00eda y cosm\u00e9tica en recetarios castellanos de los siglos XV y XVI<\/a><\/em><\/strong>, \u00a0Anuario de Estudios Medievales, \u00a02011, ISSN:\u00a00066-5061, N\u00fam. Registro:\u00a0684506<\/p>\n<p>&nbsp;<\/p>\n<p>21. Ruiz Ortiz, Mar\u00eda, Pecados y transgresiones femeninas en la Andaluc\u00eda moderna (ss. XVI-XVIII): conciencia impresa y vida cotidiana,\u00a0 Trocadero. Revista de Historia Moderna y Contempor\u00e1nea, 2011, ISSN:\u00a00214-4212, N\u00fam. Registro:\u00a0691305<\/p>\n<p>&nbsp;<\/p>\n<p>22. S\u00e1nchez Hern\u00e1ndez, M\u00aa Leticia, <strong><em><a href=\"http:\/\/revistas.ucm.es\/index.php\/CHMO\/article\/view\/CHMO0909120199A\/21622\">Veinticuatro horas en la vida de un monasterio de los siglos XVI y XVII<\/a><\/em><\/strong>, \u00a0Cuadernos de Historia Moderna. Anejos, 2009, ISSN:\u00a01579-3821, N\u00fam. Registro:\u00a0604777<\/p>\n<p>&nbsp;<\/p>\n<p>23. CALDERON, CARLOS, <strong><em>MUJERES, IDEOLOGIA Y COTIDIANIDAD EN LA GALICIA DE MEDIADOS DEL SIGLO XVI. UN ESTUDIO DEL TESTAMENTO E INVENTARIO DE BIENES DE LA CONDESA DE ALTAMIRA, DO\u00d1A ANA DE TOLEDO<\/em><\/strong>, \u00a0Hispania, 1993, ISSN:\u00a00018-2141, N\u00fam. Registro:\u00a0260985<\/p>\n<p>&nbsp;<\/p>\n<p>24.PAREJA ORTIZ, MARIA DEL CARMEN, <strong><em>ASPECTOS DE LA VIDA COTIDIANA DE MUJERES DE HUELVA EN LAS INDIAS: RELACION ENTRE LEPE Y AMERICA. SIGLO XVI<\/em><\/strong>, T\u00edtulo obra colectiva:\u00a0HUELVA Y AMERICA, 1993, N\u00fam. Registro:\u00a0273672<\/p>\n<\/div>\n<\/div>\n<\/div>\n<\/div>\n<\/div>\n<\/div>\n","protected":false},"excerpt":{"rendered":"<p>1.\u00a0 P\u00e9rez-Malla\u00edna, Pablo Emilio, Los hombres del Oc\u00e9ano : vida cotidiana de los tripulantes de las flotas de Indias, siglo XVI, Sevilla, Diputaci\u00f3n de Sevilla, 1992 2.\u00a0 Mart\u00edn Soto, Rafael, Magia y vida cotidiana : Andaluc\u00eda, siglos XVI-XVIII, Sevilla, Centro &hellip; <a href=\"https:\/\/blogs.ua.es\/vidacotidiana16\/bibliografia\/\">Continue reading <span class=\"meta-nav\">&rarr;<\/span><\/a><\/p>\n","protected":false},"author":2724,"featured_media":0,"parent":0,"menu_order":4,"comment_status":"open","ping_status":"open","template":"","meta":{"footnotes":""},"class_list":["post-38","page","type-page","status-publish","hentry"],"_links":{"self":[{"href":"https:\/\/blogs.ua.es\/vidacotidiana16\/wp-json\/wp\/v2\/pages\/38","targetHints":{"allow":["GET"]}}],"collection":[{"href":"https:\/\/blogs.ua.es\/vidacotidiana16\/wp-json\/wp\/v2\/pages"}],"about":[{"href":"https:\/\/blogs.ua.es\/vidacotidiana16\/wp-json\/wp\/v2\/types\/page"}],"author":[{"embeddable":true,"href":"https:\/\/blogs.ua.es\/vidacotidiana16\/wp-json\/wp\/v2\/users\/2724"}],"replies":[{"embeddable":true,"href":"https:\/\/blogs.ua.es\/vidacotidiana16\/wp-json\/wp\/v2\/comments?post=38"}],"version-history":[{"count":9,"href":"https:\/\/blogs.ua.es\/vidacotidiana16\/wp-json\/wp\/v2\/pages\/38\/revisions"}],"predecessor-version":[{"id":159,"href":"https:\/\/blogs.ua.es\/vidacotidiana16\/wp-json\/wp\/v2\/pages\/38\/revisions\/159"}],"wp:attachment":[{"href":"https:\/\/blogs.ua.es\/vidacotidiana16\/wp-json\/wp\/v2\/media?parent=38"}],"curies":[{"name":"wp","href":"https:\/\/api.w.org\/{rel}","templated":true}]}}