{"id":63,"date":"2013-01-07T11:33:52","date_gmt":"2013-01-07T11:33:52","guid":{"rendered":"https:\/\/blogs.ua.es\/vidacotidiana16\/?page_id=63"},"modified":"2013-01-09T17:43:08","modified_gmt":"2013-01-09T17:43:08","slug":"el-renacimiento-de-espana","status":"publish","type":"page","link":"https:\/\/blogs.ua.es\/vidacotidiana16\/el-renacimiento-de-espana\/","title":{"rendered":"El Renacimiento en Espa\u00f1a"},"content":{"rendered":"<p>El Renacimiento se extendi\u00f3 de Italia a Espa\u00f1a de forma tard\u00eda y el Renacimiento en\u00a0Espa\u00f1a lleg\u00f3 a su auge en la segunda mitad del siglo XVI y a principios del siglo XVII, principalmente en<strong> la literatura y el arte<\/strong>.<\/p>\n<p>En el siglo XVI la literatura espa\u00f1ola tuvo un desarrollo personalizado y los mayores \u00e9xitos son las novelas y las dramas. <strong>Lope de Vega<\/strong> y <strong>Miguel de Cervantes<\/strong> son dos representativos famosos en estas \u00e1reas.<\/p>\n<p><img loading=\"lazy\" decoding=\"async\" class=\"alignright  wp-image-85\" src=\"https:\/\/blogs.ua.es\/vidacotidiana16\/files\/2013\/01\/Lope-de-Vega-241x300.jpg\" alt=\"\" width=\"145\" height=\"180\" srcset=\"https:\/\/blogs.ua.es\/vidacotidiana16\/files\/2013\/01\/Lope-de-Vega-241x300.jpg 241w, https:\/\/blogs.ua.es\/vidacotidiana16\/files\/2013\/01\/Lope-de-Vega.jpg 482w\" sizes=\"auto, (max-width: 145px) 100vw, 145px\" \/><\/p>\n<p><strong>Lope de Vega<\/strong> (1562~1635), \u00a0llamado\u00a0<em>F\u00e9nix de los ingenios\u00a0<\/em>por Miguel de Cervantes, es el padre del drama nacional de Espa\u00f1a. Renov\u00f3 las f\u00f3rmulas del teatro espa\u00f1ol en un momento en el que el teatro comenzaba a ser un fen\u00f3meno cultural de masas. Su obra maestra es <em>Fuenteovejuna<\/em>.<\/p>\n<p><strong>Miguel de Cervantes<\/strong> (1547~1616), es el escritor m\u00e1s grande en la historia literaria de Espa\u00f1a. Sin duda alguna, su obra maestra <em>Don Quijote de la Mancha<\/em> es conocida hasta los rincones de toda la Espa\u00f1a.<\/p>\n<p style=\"text-align: center\">En cuanto al arte, no podemos olvidar a <strong>El Greco<\/strong>\uff081541~1614\uff09. Fue un pintor\u00a0del final del Renacimiento\u00a0que desarroll\u00f3 un estilo\u00a0muy personal en sus obras de madurez. Naci\u00f3\u00a0en Creta, residi\u00f3\u00a0diez a\u00f1os en Italia, donde se transform\u00f3 en un pintor renacentista y luego lleg\u00f3 a Espa\u00f1a.<\/p>\n<p style=\"text-align: center\"><a href=\"https:\/\/blogs.ua.es\/vidacotidiana16\/files\/2013\/01\/345px-La_Trinidad_El_Greco_1577-1579.jpg\"><img loading=\"lazy\" decoding=\"async\" class=\"aligncenter size-medium wp-image-86\" src=\"https:\/\/blogs.ua.es\/vidacotidiana16\/files\/2013\/01\/345px-La_Trinidad_El_Greco_1577-1579-173x300.jpg\" alt=\"\" width=\"173\" height=\"300\" srcset=\"https:\/\/blogs.ua.es\/vidacotidiana16\/files\/2013\/01\/345px-La_Trinidad_El_Greco_1577-1579-173x300.jpg 173w, https:\/\/blogs.ua.es\/vidacotidiana16\/files\/2013\/01\/345px-La_Trinidad_El_Greco_1577-1579.jpg 345w\" sizes=\"auto, (max-width: 173px) 100vw, 173px\" \/><\/a><\/p>\n<p style=\"text-align: left\">Claro, como dice el libro <em>LOS SIGLOS XVI-XVII Cultura y vida cotidiana<\/em>:<\/p>\n<p style=\"text-align: left\"><em>El Renacimiento no se manifiesta s\u00f3lo en las artes y en las letras, sino en otras muchas cosas y actitudes. Una de ellas y muy especial es el naciente Estado moderno. \u00c9ste empieza por ser una nueva forma de entender el poder y la formade ejercerlo, en lo cual ser\u00e1n maestros destacados los reyes Fernando, Carlos V y Felipe II. En esta nueva concepci\u00f3n tiene un valor instrumental esencial la prudencia y la experiencia, de ah\u00ed que la pol\u00edticase transforme en un arte.<\/em><\/p>\n","protected":false},"excerpt":{"rendered":"<p>El Renacimiento se extendi\u00f3 de Italia a Espa\u00f1a de forma tard\u00eda y el Renacimiento en\u00a0Espa\u00f1a lleg\u00f3 a su auge en la segunda mitad del siglo XVI y a principios del siglo XVII, principalmente en la literatura y el arte. En &hellip; <a href=\"https:\/\/blogs.ua.es\/vidacotidiana16\/el-renacimiento-de-espana\/\">Continue reading <span class=\"meta-nav\">&rarr;<\/span><\/a><\/p>\n","protected":false},"author":2724,"featured_media":0,"parent":0,"menu_order":1,"comment_status":"open","ping_status":"open","template":"","meta":{"footnotes":""},"class_list":["post-63","page","type-page","status-publish","hentry"],"_links":{"self":[{"href":"https:\/\/blogs.ua.es\/vidacotidiana16\/wp-json\/wp\/v2\/pages\/63","targetHints":{"allow":["GET"]}}],"collection":[{"href":"https:\/\/blogs.ua.es\/vidacotidiana16\/wp-json\/wp\/v2\/pages"}],"about":[{"href":"https:\/\/blogs.ua.es\/vidacotidiana16\/wp-json\/wp\/v2\/types\/page"}],"author":[{"embeddable":true,"href":"https:\/\/blogs.ua.es\/vidacotidiana16\/wp-json\/wp\/v2\/users\/2724"}],"replies":[{"embeddable":true,"href":"https:\/\/blogs.ua.es\/vidacotidiana16\/wp-json\/wp\/v2\/comments?post=63"}],"version-history":[{"count":9,"href":"https:\/\/blogs.ua.es\/vidacotidiana16\/wp-json\/wp\/v2\/pages\/63\/revisions"}],"predecessor-version":[{"id":153,"href":"https:\/\/blogs.ua.es\/vidacotidiana16\/wp-json\/wp\/v2\/pages\/63\/revisions\/153"}],"wp:attachment":[{"href":"https:\/\/blogs.ua.es\/vidacotidiana16\/wp-json\/wp\/v2\/media?parent=63"}],"curies":[{"name":"wp","href":"https:\/\/api.w.org\/{rel}","templated":true}]}}