{"id":65,"date":"2013-01-07T11:35:34","date_gmt":"2013-01-07T11:35:34","guid":{"rendered":"https:\/\/blogs.ua.es\/vidacotidiana16\/?page_id=65"},"modified":"2013-01-10T08:30:36","modified_gmt":"2013-01-10T08:30:36","slug":"el-barroco","status":"publish","type":"page","link":"https:\/\/blogs.ua.es\/vidacotidiana16\/el-barroco\/","title":{"rendered":"El Barroco"},"content":{"rendered":"<p style=\"text-align: justify\"><strong>Barroco<\/strong> es un estilo art\u00edstico que empez\u00f3 a popularizarse a partie de la segunda mitad del siglo XVI, no s\u00f3lo en la pintura sino en todo el campo art\u00edstico, incluidos la m\u00fasica, la arqutectura, la decoraci\u00f3n, etc..<\/p>\n<p style=\"text-align: justify\">Las discusiones sobre el origen de la palabra <em>Barroco<\/em> hantendido a polarizarse en doble frente: los que defienden su precendencia a partir del portugu\u00e9s <em>barroco<\/em>, <span style=\"color: #0000ff\">perla imperfecta e irregular<\/span>, y los que le reclaman un nacimiento m\u00e1s culto, relacionado con el t\u00e9rmino silog\u00edstico <em>baroco<\/em>, cuarto modo de la segunda figura de la l\u00f3gica formal. En una palabra, este nombre ten\u00eda un sentido peyoratico en aquel entonces. Era una forma de llamar al estilo art\u00edstico del siglo anterior por los clasicistas del siglo XVIII. El arte barroco est\u00e1 estrechamente relacionado con la religi\u00f3n, sea en la antig\u00fcedad o en la \u00e9poca contempor\u00e1nea y sin ninguna duda el arte barroco es la p\u00e1gina m\u00e1s brillante en la historia del arte de Europa e incluso de toda la humanidad.<\/p>\n<p style=\"text-align: justify\">El arte barroca se inici\u00f3 en la segunda mitad del siglo XVI, lleg\u00f3 a su auge en el siglo XVII y cuando entr\u00f3 en el siglo XVIII empez\u00f3 su declive paulatinamente menos en el norte y el centreo de Europa.<\/p>\n<p><img loading=\"lazy\" decoding=\"async\" class=\"size-full wp-image-128 alignnone\" src=\"https:\/\/blogs.ua.es\/vidacotidiana16\/files\/2013\/01\/iglesia-de-Jesus1.jpg\" alt=\"\" width=\"635\" height=\"600\" srcset=\"https:\/\/blogs.ua.es\/vidacotidiana16\/files\/2013\/01\/iglesia-de-Jesus1.jpg 635w, https:\/\/blogs.ua.es\/vidacotidiana16\/files\/2013\/01\/iglesia-de-Jesus1-300x283.jpg 300w, https:\/\/blogs.ua.es\/vidacotidiana16\/files\/2013\/01\/iglesia-de-Jesus1-317x300.jpg 317w\" sizes=\"auto, (max-width: 635px) 100vw, 635px\" \/><\/p>\n<p style=\"text-align: justify\">Esta es la Iglesia de Jes\u00fas, realizada en Roma por Vignola y\u00a0G.della porta entre 1568-1584.\u00a0Su fachada est\u00e1 reconocida como <strong>\u00abla primera verdaderamente barroca\u00bb<\/strong>.<\/p>\n<p style=\"text-align: justify\">Por lo que respecta a los g\u00e9neros literarios, en la Espa\u00f1a barroca se destacan especialmente tres: <strong>el teatro, la poes\u00eda y la novela<\/strong>. El primero abarca desde la comedia de Lope de Vega y sus seguidores hasta los dramas religioso-filos\u00f3ficos calderonianos. Lope (1562-1635) establece las caracter\u00edsticas de la comedia del primer tercio del XVII, y condiciona, a trav\u00e9s de Tirso de Molina y sus seguidores, la de todo el siglo.<\/p>\n","protected":false},"excerpt":{"rendered":"<p>Barroco es un estilo art\u00edstico que empez\u00f3 a popularizarse a partie de la segunda mitad del siglo XVI, no s\u00f3lo en la pintura sino en todo el campo art\u00edstico, incluidos la m\u00fasica, la arqutectura, la decoraci\u00f3n, etc.. Las discusiones sobre &hellip; <a href=\"https:\/\/blogs.ua.es\/vidacotidiana16\/el-barroco\/\">Continue reading <span class=\"meta-nav\">&rarr;<\/span><\/a><\/p>\n","protected":false},"author":2724,"featured_media":0,"parent":0,"menu_order":2,"comment_status":"open","ping_status":"open","template":"","meta":{"footnotes":""},"class_list":["post-65","page","type-page","status-publish","hentry"],"_links":{"self":[{"href":"https:\/\/blogs.ua.es\/vidacotidiana16\/wp-json\/wp\/v2\/pages\/65","targetHints":{"allow":["GET"]}}],"collection":[{"href":"https:\/\/blogs.ua.es\/vidacotidiana16\/wp-json\/wp\/v2\/pages"}],"about":[{"href":"https:\/\/blogs.ua.es\/vidacotidiana16\/wp-json\/wp\/v2\/types\/page"}],"author":[{"embeddable":true,"href":"https:\/\/blogs.ua.es\/vidacotidiana16\/wp-json\/wp\/v2\/users\/2724"}],"replies":[{"embeddable":true,"href":"https:\/\/blogs.ua.es\/vidacotidiana16\/wp-json\/wp\/v2\/comments?post=65"}],"version-history":[{"count":19,"href":"https:\/\/blogs.ua.es\/vidacotidiana16\/wp-json\/wp\/v2\/pages\/65\/revisions"}],"predecessor-version":[{"id":198,"href":"https:\/\/blogs.ua.es\/vidacotidiana16\/wp-json\/wp\/v2\/pages\/65\/revisions\/198"}],"wp:attachment":[{"href":"https:\/\/blogs.ua.es\/vidacotidiana16\/wp-json\/wp\/v2\/media?parent=65"}],"curies":[{"name":"wp","href":"https:\/\/api.w.org\/{rel}","templated":true}]}}