{"id":7,"date":"2012-09-12T16:23:54","date_gmt":"2012-09-12T16:23:54","guid":{"rendered":"https:\/\/blogs.ua.es\/vidacotidiana16\/?page_id=7"},"modified":"2013-01-07T11:31:43","modified_gmt":"2013-01-07T11:31:43","slug":"prueba","status":"publish","type":"page","link":"https:\/\/blogs.ua.es\/vidacotidiana16\/prueba\/","title":{"rendered":"Autora"},"content":{"rendered":"<h4><a href=\"https:\/\/blogs.ua.es\/vidacotidiana16\/files\/2012\/09\/DSC04025.jpg\"><img loading=\"lazy\" decoding=\"async\" class=\"aligncenter size-medium wp-image-33\" src=\"https:\/\/blogs.ua.es\/vidacotidiana16\/files\/2012\/09\/DSC04025-168x300.jpg\" alt=\"\" width=\"168\" height=\"300\" srcset=\"https:\/\/blogs.ua.es\/vidacotidiana16\/files\/2012\/09\/DSC04025-168x300.jpg 168w, https:\/\/blogs.ua.es\/vidacotidiana16\/files\/2012\/09\/DSC04025-576x1024.jpg 576w, https:\/\/blogs.ua.es\/vidacotidiana16\/files\/2012\/09\/DSC04025.jpg 1080w\" sizes=\"auto, (max-width: 168px) 100vw, 168px\" \/><\/a><\/h4>\n<h4>Hola! Me llamo Feliciana. Soy de China. Mi nombre chino es YANCONG DENG,\u00a0cuya pronunciaci\u00f3n es como YEN TSONG en castellano. No hay nada que ver entre los dos nombres. Eleg\u00ed este nombre \u2013 Feliciana cuando empec\u00e9 a estudiar espa\u00f1ol. Muchos amigos me han preguntado: \u00a8\u00bfPor qu\u00e9 elegiste este nombre?\u00a8 Y mi respuesta siempre es:\u00a8Porque al principio no supe pronunciar rrrrrrrrrrrrrrrr este sonido y quer\u00eda elegir un nombre f\u00e1cil de pronunciar. Cuando estaba mirando los nombres espa\u00f1oles por Internet, me parec\u00eda que todas las s\u00edlabas del nombre Feliciana eran muy sencillas. Incluso mis amigos que no estudian espa\u00f1ol pueden pronunciarlo. \u00a8 Luego \u00a0a\u00f1ado:\u00a8Y me ha gustado cada d\u00eda m\u00e1s este nombre. Primero, Feliciana es de\u00a0<em>feliz<\/em>,\u00a0<em>felicidad<\/em>\u00a0y me gusta este significado. Adem\u00e1s, Feliciana es un nombre raro, no es un nombre com\u00fan en Espa\u00f1a. Y eso es lo que quiero. As\u00ed mis amigos no me olvidar\u00e1n porque a lo mejor s\u00f3lo conocen a una Feliciana en toda la vida. Soy especial jajajajaaa. \u00a8<\/h4>\n<h4><img loading=\"lazy\" decoding=\"async\" class=\"aligncenter size-medium wp-image-32\" src=\"https:\/\/blogs.ua.es\/vidacotidiana16\/files\/2012\/09\/2012-10-28-16.58.56-225x300.jpg\" alt=\"\" width=\"225\" height=\"300\" srcset=\"https:\/\/blogs.ua.es\/vidacotidiana16\/files\/2012\/09\/2012-10-28-16.58.56-225x300.jpg 225w, https:\/\/blogs.ua.es\/vidacotidiana16\/files\/2012\/09\/2012-10-28-16.58.56-768x1024.jpg 768w, https:\/\/blogs.ua.es\/vidacotidiana16\/files\/2012\/09\/2012-10-28-16.58.56.jpg 1920w\" sizes=\"auto, (max-width: 225px) 100vw, 225px\" \/><\/h4>\n<h4>Soy estudiante de intercambio del a\u00f1o 2012-2013. Llegu\u00e9 a Espa\u00f1a, a Alicante al principio del septiembre del a\u00f1o 2012 y \u00a0ahora estudio en la Universidad de Alicante. Antes de venir aqu\u00ed, ya llevaba dos a\u00f1os estudiando espa\u00f1ol porque mi carrera en mi universidad en China es Filolog\u00eda Hisp\u00e1nica. Ahora estoy en el tercer a\u00f1o. Me ir\u00e9 el julio de 2013 para terminar el \u00faltimo a\u00f1o de mi carrera en mi universidad en China. Pero como me ha gustado mucho Espa\u00f1a y su gente, creo que volver\u00e9 a Espa\u00f1a en el futuro.<\/h4>\n<p>&nbsp;<\/p>\n","protected":false},"excerpt":{"rendered":"<p>Hola! Me llamo Feliciana. Soy de China. Mi nombre chino es YANCONG DENG,\u00a0cuya pronunciaci\u00f3n es como YEN TSONG en castellano. No hay nada que ver entre los dos nombres. Eleg\u00ed este nombre \u2013 Feliciana cuando empec\u00e9 a estudiar espa\u00f1ol. Muchos &hellip; <a href=\"https:\/\/blogs.ua.es\/vidacotidiana16\/prueba\/\">Continue reading <span class=\"meta-nav\">&rarr;<\/span><\/a><\/p>\n","protected":false},"author":2724,"featured_media":0,"parent":0,"menu_order":0,"comment_status":"open","ping_status":"open","template":"","meta":{"footnotes":""},"class_list":["post-7","page","type-page","status-publish","hentry"],"_links":{"self":[{"href":"https:\/\/blogs.ua.es\/vidacotidiana16\/wp-json\/wp\/v2\/pages\/7","targetHints":{"allow":["GET"]}}],"collection":[{"href":"https:\/\/blogs.ua.es\/vidacotidiana16\/wp-json\/wp\/v2\/pages"}],"about":[{"href":"https:\/\/blogs.ua.es\/vidacotidiana16\/wp-json\/wp\/v2\/types\/page"}],"author":[{"embeddable":true,"href":"https:\/\/blogs.ua.es\/vidacotidiana16\/wp-json\/wp\/v2\/users\/2724"}],"replies":[{"embeddable":true,"href":"https:\/\/blogs.ua.es\/vidacotidiana16\/wp-json\/wp\/v2\/comments?post=7"}],"version-history":[{"count":6,"href":"https:\/\/blogs.ua.es\/vidacotidiana16\/wp-json\/wp\/v2\/pages\/7\/revisions"}],"predecessor-version":[{"id":9,"href":"https:\/\/blogs.ua.es\/vidacotidiana16\/wp-json\/wp\/v2\/pages\/7\/revisions\/9"}],"wp:attachment":[{"href":"https:\/\/blogs.ua.es\/vidacotidiana16\/wp-json\/wp\/v2\/media?parent=7"}],"curies":[{"name":"wp","href":"https:\/\/api.w.org\/{rel}","templated":true}]}}