{"id":88,"date":"2013-01-07T19:36:46","date_gmt":"2013-01-07T19:36:46","guid":{"rendered":"https:\/\/blogs.ua.es\/vidacotidiana16\/?page_id=88"},"modified":"2013-01-09T19:20:51","modified_gmt":"2013-01-09T19:20:51","slug":"cronica-del-siglo-xvi","status":"publish","type":"page","link":"https:\/\/blogs.ua.es\/vidacotidiana16\/cronica-del-siglo-xvi\/","title":{"rendered":"Cronolog\u00eda"},"content":{"rendered":"<p><span style=\"color: #ff0000\">El Renacimiento<\/span><\/p>\n<p>\u2022 1500 Nacimiento del futuro Carlos V<br \/>\n\u2022 1503-13 Papa Julio II<br \/>\n\u2022 1505 <strong>Leonardo<\/strong>, Mona Lisa<br \/>\n<strong>Bosch<\/strong>, El jard\u00edn de las delicias<br \/>\n\u2022 1506 <strong>Bramante<\/strong>, Inicio de la construcci\u00f3n de San Pedro de Roma<br \/>\n\u2022 1508-12 <strong>Michelangelo<\/strong>, Capilla Sixtina \u2013el techo-<br \/>\n\u2022 1510-11 <strong>Rafael<\/strong>, Escuela de Atenas<br \/>\n\u2022 1513 <strong>Machiavelo<\/strong>, El Pr\u00edncipe<br \/>\n\u2022 1516 <strong>Tom\u00e1s Moro<\/strong>, Utop\u00eda<br \/>\n\u2022 1519-56 Carlos V es proclamado Emperador<br \/>\n\u2022 1527 Saco de Roma<br \/>\n\u2022 1534 Fundaci\u00f3n de la Compa\u00f1\u00eda de Jes\u00fas<br \/>\n\u2022 1542 Creaci\u00f3n de la Inquisici\u00f3n romana<br \/>\n\u2022 1543 <strong>Cop\u00e9rnico<\/strong>, De revolutionibus orbis terrarum<br \/>\n<strong>Vesalio<\/strong>, Tratado de anatom\u00eda<br \/>\n\u2022 1553 Ejecuci\u00f3n de Miguel Servet en Ginebra<br \/>\n\u2022 1558 Advenimiento de Felipe II<br \/>\n\u2022 1563-84 Construcci\u00f3n del Monasterio de El Escorial<br \/>\n\u2022 1569 <strong>Mercator<\/strong>, Publicaci\u00f3n del primer plano completo del Mundo<br \/>\n\u2022 1591 Primer viaje ingl\u00e9s a las Indias Orientales<br \/>\n\u2022 1596 <strong>Kepler<\/strong>, Misterium cosmographicum<\/p>\n<p><span style=\"color: #ff0000\">El Barroco<\/span><\/p>\n<p><a href=\"https:\/\/blogs.ua.es\/vidacotidiana16\/files\/2013\/01\/barroco.jpg\"><img loading=\"lazy\" decoding=\"async\" class=\"alignleft size-full wp-image-169\" src=\"https:\/\/blogs.ua.es\/vidacotidiana16\/files\/2013\/01\/barroco.jpg\" alt=\"\" width=\"1024\" height=\"709\" srcset=\"https:\/\/blogs.ua.es\/vidacotidiana16\/files\/2013\/01\/barroco.jpg 1024w, https:\/\/blogs.ua.es\/vidacotidiana16\/files\/2013\/01\/barroco-300x207.jpg 300w, https:\/\/blogs.ua.es\/vidacotidiana16\/files\/2013\/01\/barroco-433x300.jpg 433w\" sizes=\"auto, (max-width: 1024px) 100vw, 1024px\" \/><\/a><\/p>\n<p>&nbsp;<\/p>\n<p><span style=\"color: #ff0000\">Isabel de Valois<\/span><\/p>\n<p>1546 \u00a0naci\u00f3<\/p>\n<p>1559 \u00a0la boda por poderes en Par\u00eds sin la presencia de Felipe II<\/p>\n<p>1560 \u00a0lleg\u00f3 a Espa\u00f1a; se celebr\u00f3 la misa de velaciones en Guadalajara\u00a0con Isabel y Felipe presentes<\/p>\n<p>1564 \u00a0 el primer embarazo<\/p>\n<p>1566 \u00a0 naci\u00f3 la primera hija de Felipe e Isabel<\/p>\n<p>1567 \u00a0 naci\u00f3 la segunda hija<\/p>\n<p>1568 \u00a0 muri\u00f3 durante el parto de un feto que no sobrevivi\u00f3<\/p>\n<p>&nbsp;<\/p>\n<p>&nbsp;<\/p>\n","protected":false},"excerpt":{"rendered":"<p>El Renacimiento \u2022 1500 Nacimiento del futuro Carlos V \u2022 1503-13 Papa Julio II \u2022 1505 Leonardo, Mona Lisa Bosch, El jard\u00edn de las delicias \u2022 1506 Bramante, Inicio de la construcci\u00f3n de San Pedro de Roma \u2022 1508-12 Michelangelo, &hellip; <a href=\"https:\/\/blogs.ua.es\/vidacotidiana16\/cronica-del-siglo-xvi\/\">Continue reading <span class=\"meta-nav\">&rarr;<\/span><\/a><\/p>\n","protected":false},"author":2724,"featured_media":0,"parent":0,"menu_order":3,"comment_status":"open","ping_status":"open","template":"","meta":{"footnotes":""},"class_list":["post-88","page","type-page","status-publish","hentry"],"_links":{"self":[{"href":"https:\/\/blogs.ua.es\/vidacotidiana16\/wp-json\/wp\/v2\/pages\/88","targetHints":{"allow":["GET"]}}],"collection":[{"href":"https:\/\/blogs.ua.es\/vidacotidiana16\/wp-json\/wp\/v2\/pages"}],"about":[{"href":"https:\/\/blogs.ua.es\/vidacotidiana16\/wp-json\/wp\/v2\/types\/page"}],"author":[{"embeddable":true,"href":"https:\/\/blogs.ua.es\/vidacotidiana16\/wp-json\/wp\/v2\/users\/2724"}],"replies":[{"embeddable":true,"href":"https:\/\/blogs.ua.es\/vidacotidiana16\/wp-json\/wp\/v2\/comments?post=88"}],"version-history":[{"count":9,"href":"https:\/\/blogs.ua.es\/vidacotidiana16\/wp-json\/wp\/v2\/pages\/88\/revisions"}],"predecessor-version":[{"id":168,"href":"https:\/\/blogs.ua.es\/vidacotidiana16\/wp-json\/wp\/v2\/pages\/88\/revisions\/168"}],"wp:attachment":[{"href":"https:\/\/blogs.ua.es\/vidacotidiana16\/wp-json\/wp\/v2\/media?parent=88"}],"curies":[{"name":"wp","href":"https:\/\/api.w.org\/{rel}","templated":true}]}}